{"id":891,"date":"2023-01-11T13:45:43","date_gmt":"2023-01-11T13:45:43","guid":{"rendered":"https:\/\/themediator.hu\/?post_type=product&#038;p=891"},"modified":"2023-03-07T10:52:48","modified_gmt":"2023-03-07T10:52:48","slug":"muanyag-froccsontes-szerszamok-es-elemeinek-tervezese-kivitelezese-javitasa","status":"publish","type":"product","link":"https:\/\/themediator.hu\/es\/producto\/muanyag-froccsontes-szerszamok-es-elemeinek-tervezese-kivitelezese-javitasa\/","title":{"rendered":"MOLDEO POR INYECCI\u00d3N DE PL\u00c1STICO, DISE\u00d1O, CONSTRUCCI\u00d3N Y\nREPARACI\u00d3N DE HERRAMIENTAS Y SUS ELEMENTOS"},"content":{"rendered":"","protected":false},"excerpt":{"rendered":"<div id=\"huzal\" class=\"et_pb_module et_pb_blurb et_pb_blurb_0 et_clickable et_pb_text_align_left et_pb_blurb_position_left et_pb_bg_layout_light\">\n<div class=\"et_pb_blurb_content\">\n<div class=\"et_pb_blurb_container\">\n<h5>\u00c1MBITO DE ACTIVIDAD DE NUESTRO COLABORADOR:<\/h5>\n<\/div>\n<p>&nbsp;<\/p>\n<div class=\"et_pb_blurb_container\">\n<div id=\"huzal\" class=\"et_pb_module et_pb_blurb et_pb_blurb_0 et_clickable et_pb_text_align_left et_pb_blurb_position_left et_pb_bg_layout_light\">\n<div class=\"et_pb_blurb_content\">\n<div class=\"et_pb_blurb_container\">\n<ul>\n<li class=\"et_pb_module_header\">Dise\u00f1o, fabricaci\u00f3n y reparaci\u00f3n de herramientas de inyecci\u00f3n de pl\u00e1stico y sus\nelementos<\/li>\n<\/ul>\n<\/div>\n<\/div>\n<\/div>\n<div class=\"et_pb_module et_pb_blurb et_pb_blurb_1 et_pb_text_align_left et_pb_blurb_position_left et_pb_bg_layout_light\">\n<div class=\"et_pb_blurb_content\">\n<div class=\"et_pb_blurb_container\">\n<ul>\n<li class=\"et_pb_module_header\">Producci\u00f3n de herramientas de corte profundo y sus elementos<\/li>\n<\/ul>\n<\/div>\n<\/div>\n<\/div>\n<div class=\"et_pb_module et_pb_blurb et_pb_blurb_2 et_clickable et_pb_text_align_left et_pb_blurb_position_left et_pb_bg_layout_light\">\n<div class=\"et_pb_blurb_content\">\n<div class=\"et_pb_blurb_container\">\n<ul>\n<li class=\"et_pb_module_header\">Producci\u00f3n de herramientas y elementos de moldeo de espuma<\/li>\n<\/ul>\n<\/div>\n<\/div>\n<\/div>\n<div class=\"et_pb_module et_pb_blurb et_pb_blurb_3 et_pb_text_align_left et_pb_blurb_position_left et_pb_bg_layout_light\">\n<div class=\"et_pb_blurb_content\">\n<div class=\"et_pb_blurb_container\">\n<ul>\n<li class=\"et_pb_module_header\">Producci\u00f3n de piezas endurecidas de alta precisi\u00f3n<\/li>\n<\/ul>\n<\/div>\n<\/div>\n<\/div>\n<div class=\"et_pb_module et_pb_blurb et_pb_blurb_4 et_pb_text_align_left et_pb_blurb_position_left et_pb_bg_layout_light\">\n<div class=\"et_pb_blurb_content\">\n<ul>\n<li class=\"et_pb_main_blurb_image\"><span style=\"font-size: 16px;\">Dise\u00f1o de productos y herramientas pl\u00e1sticas en cooperaci\u00f3n con nuestros\nclientes<\/span><\/li>\n<\/ul>\n<\/div>\n<\/div>\n<\/div>\n<\/div>\n<div class=\"et_pb_blurb_content\">\n<div class=\"et_pb_blurb_container\">\n<h5><\/h5>\n<h5>MAQUINARIA:<\/h5>\n<p>&nbsp;<\/p>\n<ul>\n<li><span style=\"font-size: 16px;\">M\u00c1QUINA DE ELECTROEROSI\u00d3N POR HILO FANUC ROBOCUT\nALFA- C400IA<\/span><\/li>\n<\/ul>\n<\/div>\n<p>Tama\u00f1o de la mesa: 600mm * 1000mm (xy)<\/p>\n<p>Rango de movimiento: 450 mm * 750 mm * 300 mm, XYZ<\/p>\n<p>Peso m\u00e1ximo de la pieza de trabajo: 700 kg<\/p>\n<\/div>\n<ul>\n<li>M\u00c1QUINA DE CORTE POR CHISPA DE ALAMBRE FANUC\nROBOCUT ALFA- C400 IB<\/li>\n<\/ul>\n<p>Tama\u00f1o de la mesa: 700 mm*555 mm<\/p>\n<p>Rango de movimiento: 370 mm * 270 mm * 255 mm (xyz)<\/p>\n<p>Peso m\u00e1ximo de la pieza de trabajo: 500 kg<\/p>\n<\/div>\n<ul>\n<li>Tama\u00f1o de la mesa: 700 mm* 555 mm<\/li>\n<\/ul>\n<p>Asztalm\u00e9ret: 700 mm* 555 mm<\/p>\n<p>Rango de movimiento: 370 mm* 270 mm*255 mm (xyz)<\/p>\n<p>Peso m\u00e1ximo de la pieza de trabajo: 500 kg<\/p>\n<ul>\n<li>M\u00c1QUINA DE CORTE DE CHISPA DE ALAMBRE SODICK ALC 600<\/li>\n<\/ul>\n<p>Tama\u00f1o de la mesa: 1050 mm* 710 mm (xy)<\/p>\n<p>Rango de movimiento: 600mm * 400mm*350mm (xyz)<\/p>\n<p>Peso m\u00e1ximo de la pieza de trabajo 500 kg<\/p>\n<h5><\/h5>\n<h5>CENTRO DE MECANIZADO:<\/h5>\n<p>&nbsp;<\/p>\n<ul>\n<li>CENTRO DE MECANIZADO HURCO VMX 30<\/li>\n<\/ul>\n<p>Tama\u00f1o de la mesa: 1020 mm* 510 mm (xy)<\/p>\n<p>Rango de movimiento: 760mm * 510 mm * 610 mm (xyz)<\/p>\n<p>Peso m\u00e1ximo de la pieza: 1000 kg<\/p>\n<ul>\n<li>CENTRO DE MECANIZADO HURCO VMX 24<\/li>\n<\/ul>\n<p>Tama\u00f1o de la mesa: 760 mm* 510 mm (xy)<\/p>\n<p>Rango de movimiento: 610 mm * 510 mm * 610 mm (xyz)<\/p>\n<p>Peso m\u00e1ximo de la pieza: 900 kg<\/p>\n<ul>\n<li>CENTRO DE MECANIZADO HURCO VM10I<\/li>\n<\/ul>\n<p>Tama\u00f1o de la mesa: 762 mm* 405 mm (xy)<\/p>\n<p>Rango de movimiento: 660 mm * 406 mm * 508 mm (xyz)<\/p>\n<p>Peso m\u00e1ximo de la pieza de trabajo: 1500 kg<\/p>\n<p>M\u00e1quina de corte por chispa de bloques<\/p>\n<ul>\n<li>NASSOVIA OPTIMAT 525 CNC BLOCK SPARK CUTTING MACHINE, M\u00c1QUINA DE EROSI\u00d3N POR CHISPA<\/li>\n<\/ul>\n<p>Tama\u00f1o de la mesa: 900 mm*600 mm (xy)<\/p>\n<p>Rango de movimiento: 500 mm* 500 mm* 450 mm (xyz)<\/p>\n<p>Peso m\u00e1ximo de la pieza de trabajo: 2000 kg<\/p>\n<p>Peso m\u00e1ximo del electrodo: 500 kg<\/p>\n<ul>\n<li>M\u00c1QUINA DE EROSI\u00d3N POR CHISPA DE BLOQUE NASSOVIA OPTIMAT 515 CNC<\/li>\n<\/ul>\n<p>Tama\u00f1o de la mesa: 850 mm* 530 mm (xy)<\/p>\n<p>Rango de movimiento: 500 mm* 350 mm* 400 mm (xyz)<\/p>\n<p>Peso m\u00e1ximo de la pieza de trabajo: 2000 kg<\/p>\n<p>Peso m\u00e1ximo del electrodo: 50 kg<\/p>\n<h5><\/h5>\n<h5>RECTIFICADORA PLANA:<\/h5>\n<p>&nbsp;<\/p>\n<ul>\n<li>PROTH PSGS 4080 AHR AMOLADORA PLANA<\/li>\n<\/ul>\n<p>Tama\u00f1o de la mesa: 800mm * 400mm (xy)<\/p>\n<p>Carrera m\u00e1xima: 900 mm * 460 mm (xy)<\/p>\n<h5><\/h5>\n<h5>OTRA MAQUINARIA:<\/h5>\n<p>&nbsp;<\/p>\n<ul>\n<li>M\u00c1QUINA DE ASERRAR PILOUS ARG 300PLUS<\/li>\n<li>TORNO CONVENCIONAL E3N<\/li>\n<\/ul>\n<p>El rango de movimiento de las m\u00e1quinas de nuestro colaborador permite el mecanizado\nde elementos de herramienta de hasta 600 mm * 500 mm ( X Y ).<\/p>\n<p style=\"font-weight: 400;\">La producci\u00f3n se lleva a cabo con un rango de tolerancia de +- 0,010 mm.<\/p>\n<p>Para m\u00e1s informaci\u00f3n, presupuestos o pedidos, por favor p\u00f3ngase en contacto con\nnosotros!<\/p>\n<p><a href=\"https:\/\/themediator.hu\/es\/kapcsolat\/\">https:\/\/themediator.hu\/contacto\/<\/a><\/p>\n<p>&nbsp;<\/p>\n<div id=\"huzal\" class=\"et_pb_module et_pb_blurb et_pb_blurb_0 et_clickable et_pb_text_align_left et_pb_blurb_position_left et_pb_bg_layout_light\">\n<div class=\"et_pb_blurb_content\">\n<div class=\"et_pb_blurb_container\">\n<h4><\/h4>\n<\/div>\n<\/div>\n<\/div>\n<div class=\"et_pb_module et_pb_blurb et_pb_blurb_4 et_pb_text_align_left et_pb_blurb_position_left et_pb_bg_layout_light\">\n<div class=\"et_pb_blurb_content\">\n<div class=\"et_pb_blurb_container\">\n<h4 class=\"et_pb_module_header\"><\/h4>\n<\/div>\n<\/div>\n<\/div>","protected":false},"featured_media":1193,"comment_status":"open","ping_status":"closed","template":"","meta":[],"_links":{"self":[{"href":"https:\/\/themediator.hu\/es\/wp-json\/wp\/v2\/product\/891"}],"collection":[{"href":"https:\/\/themediator.hu\/es\/wp-json\/wp\/v2\/product"}],"about":[{"href":"https:\/\/themediator.hu\/es\/wp-json\/wp\/v2\/types\/product"}],"replies":[{"embeddable":true,"href":"https:\/\/themediator.hu\/es\/wp-json\/wp\/v2\/comments?post=891"}],"wp:featuredmedia":[{"embeddable":true,"href":"https:\/\/themediator.hu\/es\/wp-json\/wp\/v2\/media\/1193"}],"wp:attachment":[{"href":"https:\/\/themediator.hu\/es\/wp-json\/wp\/v2\/media?parent=891"}],"curies":[{"name":"wp","href":"https:\/\/api.w.org\/{rel}","templated":true}]}}