{"id":527,"date":"2022-11-08T09:57:30","date_gmt":"2022-11-08T09:57:30","guid":{"rendered":"https:\/\/themediator.hu\/?post_type=product&#038;p=527"},"modified":"2024-11-06T10:30:57","modified_gmt":"2024-11-06T10:30:57","slug":"legtechnika-gyartas-es-szereles","status":"publish","type":"product","link":"https:\/\/themediator.hu\/es\/producto\/legtechnika-gyartas-es-szereles\/","title":{"rendered":"Producci\u00f3n e instalaci\u00f3n de tecnolog\u00eda de aire."},"content":{"rendered":"","protected":false},"excerpt":{"rendered":"<h6>Las principales actividades de la empresa:<\/h6>\n<p>&nbsp;<\/p>\n<ul>\n<li>\n<h6 class=\"card-title mbr-fonts-style display-7\">Instalaci\u00f3n de tecnolog\u00eda de aire:<\/h6>\n<\/li>\n<\/ul>\n<p class=\"card-title mbr-fonts-style display-7\">La producci\u00f3n e instalaci\u00f3n de tecnolog\u00eda de aire es su \u00e1rea de especializaci\u00f3n. Se mueven en terreno propio, ya sea cualquier tipo de conducto de aire de chapa galvanizada; de conductos de aire cuadrados, en espiral o doblados.<\/p>\n<div><strong>Conducto de aire cuadrado VL\u00a0<\/strong><\/div>\n<div>\u2013 Tubos de chapa rectangulares para todas las \u00e1reas de la ingenier\u00eda del aire<\/div>\n<div>\u2013 material: chapa galvanizada 0,6-0,7-0,9-1 mm<\/div>\n<div>\u2013 Longitud: 1000 \u2013 1250 \u2013 1500 mm (nominal)<\/div>\n<div>\u2013 Conexi\u00f3n: marco MEZ de 20-30 mm<\/div>\n<div>\n<div><strong>Conducto de aire ranurado en espiral SPIKO<\/strong><\/div>\n<div>\u2013 tubos de placa redonda para todas las \u00e1reas de la ingenier\u00eda del aire<\/div>\n<div>\u2013 material: chapa galvanizada,<\/div>\n<div>&#8211; DN 80 mm &#8211; DN 1100\u00a0mm<\/div>\n<div>\u2013 dise\u00f1o con aislamiento t\u00e9rmico y aislamiento ac\u00fastico<\/div>\n<div>\n<div><strong>Conducto de aire flexible WESTERFORM y SONOFLEX<\/strong><\/div>\n<div>\u2013 manguera de ventilaci\u00f3n s\u00faper flexible<\/div>\n<div>\u2013 tubos de chapa para todas las \u00e1reas de la ingenier\u00eda del aire<\/div>\n<div>- material: aluminio<\/div>\n<div>&#8211; DN 80 mm &#8211; DN 500 mm<\/div>\n<div>\u2013 dise\u00f1o con aislamiento t\u00e9rmico y aislamiento ac\u00fastico<\/div>\n<div>\n<div><strong>Accesorios de tuber\u00eda VARIFORM (VF)<\/strong><\/div>\n<div>\u2013 Racores para el montaje de tuber\u00edas SPIKO y WESTERFORM<\/div>\n<div>\u2013 anyaga: horganyzott lemez<\/div>\n<div>&#8211; DN 80 mm &#8211; DN 1100 mm<\/div>\n<\/div>\n<\/div>\n<\/div>\n<div><\/div>\n<div><\/div>\n<div><\/div>\n<div>\n<div>\n<div>\n<ul>\n<li>\n<h6>Panel preaislado (PIR)<\/h6>\n<\/li>\n<\/ul>\n<p>Con el dise\u00f1o y la construcci\u00f3n magistrales de los sistemas de conductos de aire preaislados, puede obtener un sistema de ventilaci\u00f3n que funcione perfectamente. La empresa puede proporcionar todo, desde la unidad m\u00e1s peque\u00f1a hasta el componente m\u00e1s grande.<\/p>\n<p>Las ventajas de los paneles preaislados ya se pueden ver durante el proceso de instalaci\u00f3n. Adem\u00e1s de su sencilla instalaci\u00f3n, tambi\u00e9n es muy importante la seguridad que proporcionan. Los conductos de aire preaislados son resistentes al calor y tienen capacidades de reducci\u00f3n de ruido extremadamente buenas. Los paneles preaislados tambi\u00e9n cumplen con los requisitos de higiene. Sus propiedades hidrofugantes ayudan a prevenir la aparici\u00f3n y proliferaci\u00f3n de bacterias y hongos. Otra ventaja es que, gracias a la superficie de aluminio, las part\u00edculas nocivas para la salud no se liberan y entran en el aire. Los sistemas de conductos de aire preaislados proporcionan fiabilidad y esterilidad, sea cual sea la instalaci\u00f3n o la sala.<\/p>\n<p>El fabricante distribuye todos los materiales necesarios para la producci\u00f3n r\u00e1pida, econ\u00f3mica y precisa de sistemas de conductos de aire preaislados. Todos los productos est\u00e1n dise\u00f1ados como parte de un sistema global. Cada componente contribuye a su manera caracter\u00edstica a lograr las perfectas caracter\u00edsticas t\u00e9cnicas y est\u00e9ticas del sistema de conductos de aire terminado. Los paneles, el sistema de uni\u00f3n, los adhesivos y selladores especiales, as\u00ed como otros materiales de instalaci\u00f3n, garantizan los mejores resultados con el menor gasto de trabajo y material, teniendo en cuenta aspectos destacados de calidad y confort. Los empleados altamente calificados de la empresa brindan asesoramiento profesional y experiencia para brindar el mejor servicio posible a los socios. Con la l\u00ednea de productos de Paneles Preaislados, ofrece paneles de conductos de aire preaislados que pueden considerarse tradicionales, que son procesados \u200b\u200bcon el conjunto de herramientas desarrollado para tal fin. La l\u00ednea de productos de paneles PRAKTICO patentada es una novedad, cuyos paneles acanalados de f\u00e1brica y cortados a medida se pueden utilizar para producir conductos de aire de cualquier tama\u00f1o con precisi\u00f3n, rapidez y econom\u00eda, casi sin herramientas. Un precio m\u00e1s favorable y un tiempo de producci\u00f3n m\u00e1s eficiente para el uso de conductos de aire aislados para soplado en chapa galvanizada. Esto es aprox. Significa una ventaja de precio de 1.000-3.000 HUF\/m2 y un ahorro en el tiempo de trabajo del aislamiento.<\/p>\n<ul>\n<li>\n<h6>Producci\u00f3n y venta de tuber\u00eda SPIKO<\/h6>\n<\/li>\n<\/ul>\n<p><span style=\"font-size: 16px;\">Las actividades de la empresa se han ampliado para incluir la producci\u00f3n de conductos de aire en forma de espiral. Nuestro nuevo edificio con una superficie construida de 1.000 m2 permite la producci\u00f3n y el almacenamiento eficientes de tuber\u00edas SPIKO. \u00a1Tambi\u00e9n realizan producci\u00f3n personalizada!<\/span><\/p>\n<p class=\"\">Hay mucha informaci\u00f3n en internet sobre c\u00f3mo se fabrican los conductos de aire en forma de espiral, justamente por eso hemos recopilado los aspectos principales. Gracias a la tecnolog\u00eda moderna y las m\u00e1quinas modernas, la producci\u00f3n de conductos de aire en forma de espiral ya es un proceso bien organizado e incluso muy avanzado. Podemos controlar las m\u00e1quinas controladas por computadora con la ayuda de paneles. Todo lo que tienen que hacer es alimentar el tubo con las propiedades que se van a producir en el sistema y la m\u00e1quina lo producir\u00e1 casi por s\u00ed misma. Por eso, la venta y difusi\u00f3n del conducto de aire en forma de espiral avanza a buen ritmo.<\/p>\n<p>Si\u00e9ntase libre de buscar m\u00e1s informaci\u00f3n y pedidos!<\/p>\n<p><a href=\"https:\/\/themediator.hu\/es\/kapcsolat\/\">https:\/\/themediator.hu\/contacto\/<\/a><\/p>\n<\/div>\n<p>&nbsp;<\/p>\n<\/div>\n<\/div>","protected":false},"featured_media":770,"comment_status":"open","ping_status":"closed","template":"","meta":[],"_links":{"self":[{"href":"https:\/\/themediator.hu\/es\/wp-json\/wp\/v2\/product\/527"}],"collection":[{"href":"https:\/\/themediator.hu\/es\/wp-json\/wp\/v2\/product"}],"about":[{"href":"https:\/\/themediator.hu\/es\/wp-json\/wp\/v2\/types\/product"}],"replies":[{"embeddable":true,"href":"https:\/\/themediator.hu\/es\/wp-json\/wp\/v2\/comments?post=527"}],"wp:featuredmedia":[{"embeddable":true,"href":"https:\/\/themediator.hu\/es\/wp-json\/wp\/v2\/media\/770"}],"wp:attachment":[{"href":"https:\/\/themediator.hu\/es\/wp-json\/wp\/v2\/media?parent=527"}],"curies":[{"name":"wp","href":"https:\/\/api.w.org\/{rel}","templated":true}]}}