{"id":512,"date":"2022-11-08T09:53:05","date_gmt":"2022-11-08T09:53:05","guid":{"rendered":"https:\/\/themediator.hu\/?post_type=product&#038;p=512"},"modified":"2023-02-08T09:23:32","modified_gmt":"2023-02-08T09:23:32","slug":"epuletek-kivitelezese-komuves-munkak","status":"publish","type":"product","link":"https:\/\/themediator.hu\/es\/producto\/epuletek-kivitelezese-komuves-munkak\/","title":{"rendered":"Construcci\u00f3n de edificios, trabajos de alba\u00f1iler\u00eda"},"content":{"rendered":"","protected":false},"excerpt":{"rendered":"<p>Los campos de actividad de nuestro socio con muchos a\u00f1os de experiencia:<\/p>\n<ul>\n<li>Construcci\u00f3n de gran altura<\/li>\n<li>Dise\u00f1o general<\/li>\n<li>Casa familiar, construcci\u00f3n completa<\/li>\n<li>renovaci\u00f3n de la casa<\/li>\n<li>Renovaci\u00f3n de apartamento<\/li>\n<li>Aislamiento t\u00e9rmico posterior (inyecci\u00f3n)<\/li>\n<li>Gesti\u00f3n t\u00e9cnica responsable<\/li>\n<\/ul>\n<p>\u00a1Usted sue\u00f1a con su hogar, nuestro socio lo implementar\u00e1 profesionalmente para usted!<\/p>\n<p>Para obtener m\u00e1s informaci\u00f3n y una oferta, \u00a1no dude en contactarnos!<\/p>\n<p><a href=\"https:\/\/themediator.hu\/es\/kapcsolat\/\">www.themediator.hu<\/a><\/p>","protected":false},"featured_media":1198,"comment_status":"open","ping_status":"closed","template":"","meta":[],"_links":{"self":[{"href":"https:\/\/themediator.hu\/es\/wp-json\/wp\/v2\/product\/512"}],"collection":[{"href":"https:\/\/themediator.hu\/es\/wp-json\/wp\/v2\/product"}],"about":[{"href":"https:\/\/themediator.hu\/es\/wp-json\/wp\/v2\/types\/product"}],"replies":[{"embeddable":true,"href":"https:\/\/themediator.hu\/es\/wp-json\/wp\/v2\/comments?post=512"}],"wp:featuredmedia":[{"embeddable":true,"href":"https:\/\/themediator.hu\/es\/wp-json\/wp\/v2\/media\/1198"}],"wp:attachment":[{"href":"https:\/\/themediator.hu\/es\/wp-json\/wp\/v2\/media?parent=512"}],"curies":[{"name":"wp","href":"https:\/\/api.w.org\/{rel}","templated":true}]}}