{"id":495,"date":"2022-11-08T09:42:46","date_gmt":"2022-11-08T09:42:46","guid":{"rendered":"https:\/\/themediator.hu\/?post_type=product&#038;p=495"},"modified":"2023-01-12T13:54:54","modified_gmt":"2023-01-12T13:54:54","slug":"autouveg-epulet-es-biztonsagi-foliazas","status":"publish","type":"product","link":"https:\/\/themediator.hu\/es\/producto\/autouveg-epulet-es-biztonsagi-foliazas\/","title":{"rendered":"L\u00e1minas de vidrio, construcci\u00f3n y seguridad para autom\u00f3viles"},"content":{"rendered":"","protected":false},"excerpt":{"rendered":"<h5>CRISTALES DE COCHES, EDIFICIOS Y PEL\u00cdCULAS DE SEGURIDAD<\/h5>\n<p style=\"text-align: left;\">Filmar vidrios de autom\u00f3viles de forma r\u00e1pida y precisa.<\/p>\n<p style=\"text-align: left;\">Embellece tu coche y disfruta de una vista sin obst\u00e1culos. En la gama LLumar\u00ae, puede encontrar la pel\u00edcula m\u00e1s adecuada para cualquier tipo de autom\u00f3vil.<\/p>\n<p>L\u00e1mina del parabrisas delantero para una seguridad total.<\/p>\n<p>Las l\u00e1minas para autom\u00f3viles con tecnolog\u00eda cer\u00e1mica son superiores a las l\u00e1minas metalizadas tanto en durabilidad como en protecci\u00f3n contra el calor.<\/p>\n<p>Tienen un reflejo infrarrojo mucho m\u00e1s fuerte, por lo que no solo podemos reducir la temperatura en el interior de nuestro coche, sino tambi\u00e9n la sensaci\u00f3n de calor de la luz solar directa.<\/p>\n<p>Por \u00faltimo, pero no menos importante, brindan seguridad en caso de accidente.<\/p>\n<h5>Ventajas adicionales de la l\u00e1mina de vidrio para autom\u00f3viles:<\/h5>\n<p>&nbsp;<\/p>\n<ul>\n<li><span style=\"font-size: 16px;\">99% de protecci\u00f3n UV<\/span><\/li>\n<li>\u00a0Hasta un 65 % de retenci\u00f3n total de energ\u00eda solar<\/li>\n<li>Hasta 10 a\u00f1os de garant\u00eda en l\u00e1minas<\/li>\n<li>\u00a0En caso de accidente, mantiene el cristal unido, reduciendo as\u00ed el riesgo de lesiones.<\/li>\n<li>\u00a0Protecci\u00f3n de informaci\u00f3n, proteja sus objetos de valor de espectadores no deseados<\/li>\n<li>\u00a0Al reducir la transmisi\u00f3n de luz, podemos aumentar nuestra comodidad mientras conducimos<\/li>\n<li>\u00a0Le da a tu auto una apariencia m\u00e1s vistosa<\/li>\n<\/ul>\n<p>Nuestro socio tiene excelentes referencias. <strong>l\u00e1minas de vidrio para edificios<\/strong> en el que se utiliza la pel\u00edcula reflectante para exteriores RHE35.<\/p>\n<h5>Las ventajas de construir l\u00e1minas:<\/h5>\n<p>&nbsp;<\/p>\n<ul>\n<li>Transmisi\u00f3n de energ\u00eda solar: 22%<\/li>\n<li>Reflexi\u00f3n de energ\u00eda solar: 46%<\/li>\n<li>Absorci\u00f3n de energ\u00eda solar: 32%<\/li>\n<li>Transmisi\u00f3n de luz visible 29%<\/li>\n<li>Reflexi\u00f3n de luz visible: 46%<\/li>\n<li>Transmisi\u00f3n ultravioleta: &lt;1%<\/li>\n<li>Reflexi\u00f3n total de la energ\u00eda solar: 70%<\/li>\n<\/ul>\n<p>Con los precios de la energ\u00eda actuales, no podemos ir m\u00e1s all\u00e1 de estos indicadores. Pru\u00e9balo, \u00a1vale la pena!<\/p>\n<p>\u00a1Encu\u00e9ntranos con confianza! Solicita una cotizaci\u00f3n, haz tu pedido!<\/p>\n<p><a href=\"https:\/\/themediator.hu\/es\/kapcsolat\/\">https:\/\/themediator.hu\/contacto\/<\/a><\/p>","protected":false},"featured_media":975,"comment_status":"closed","ping_status":"closed","template":"","meta":[],"_links":{"self":[{"href":"https:\/\/themediator.hu\/es\/wp-json\/wp\/v2\/product\/495"}],"collection":[{"href":"https:\/\/themediator.hu\/es\/wp-json\/wp\/v2\/product"}],"about":[{"href":"https:\/\/themediator.hu\/es\/wp-json\/wp\/v2\/types\/product"}],"replies":[{"embeddable":true,"href":"https:\/\/themediator.hu\/es\/wp-json\/wp\/v2\/comments?post=495"}],"wp:featuredmedia":[{"embeddable":true,"href":"https:\/\/themediator.hu\/es\/wp-json\/wp\/v2\/media\/975"}],"wp:attachment":[{"href":"https:\/\/themediator.hu\/es\/wp-json\/wp\/v2\/media?parent=495"}],"curies":[{"name":"wp","href":"https:\/\/api.w.org\/{rel}","templated":true}]}}