{"id":457,"date":"2022-11-08T10:02:15","date_gmt":"2022-11-08T10:02:15","guid":{"rendered":"https:\/\/themediator.hu\/?post_type=product&#038;p=457"},"modified":"2023-03-14T14:14:17","modified_gmt":"2023-03-14T14:14:17","slug":"papirtermek-gyartas-csomagolas","status":"publish","type":"product","link":"https:\/\/themediator.hu\/es\/producto\/papirtermek-gyartas-csomagolas\/","title":{"rendered":"Fabricaci\u00f3n de materiales de embalaje de pulpa \/ fabricaci\u00f3n de productos de pulpa"},"content":{"rendered":"","protected":false},"excerpt":{"rendered":"<p class=\"font_8\" style=\"text-align: left;\">La actividad principal de la empresa es la producci\u00f3n de elementos basados en papel, lo\nque proporciona una soluci\u00f3n a los desaf\u00edos de embalaje del presente y del futuro. Solo\nse utilizan en los procesos materias primas que cumplen con las regulaciones\nambientales nacionales y de la UE.\nCumplen, y est\u00e1n hechos de papel 100% reciclado sin la adici\u00f3n de materiales\nauxiliares.<a href=\"http:\/\/en.wikipedia.org\/wiki\/Restriction_of_Hazardous_Substances_Directive\" target=\"_blank\" rel=\"noopener\">\u00a0<\/a>k\u00e9sz\u00fclnek.<\/p>\n<p class=\"font_8\">Los productos no contienen ning\u00fan otro excipiente, por lo que el producto terminado es\ncompletamente degradable o reciclable.<\/p>\n<p class=\"font_8\">Seg\u00fan la experiencia, los elementos hechos de pulpa de papel son adecuados para\nempaquetar productos de casi todas las formas, composiciones de materiales, tama\u00f1os,\npesos, valores, y los protegen de la misma manera que otros tipos de materiales. Los\nelementos producidos por la empresa pueden ser independientes o parte de sistemas. La\npreparaci\u00f3n de la herramienta de moldeo se lleva a cabo mediante la producci\u00f3n de\nenvases, se lleva a cabo por especialistas altamente cualificados que han adquirido\nmuchos a\u00f1os de experiencia en la industria.<\/p>\n<p class=\"font_8\">Vale la pena pensar en qu\u00e9 tipo de sistema utiliza su empresa para el embalaje\netiquetado como un &quot;mal necesario&quot;. El embalaje a base de pulpa de papel es ligero,\necon\u00f3mico, f\u00e1cil de usar, respetuoso con el medio ambiente y al mismo tiempo protege\nel valor producido.<\/p>\n<p class=\"font_8\" style=\"text-align: left;\">Su amplia gama de productos ha demostrado en muchas \u00e1reas que los elementos\nfabricados con esta tecnolog\u00eda proporcionan la misma protecci\u00f3n y funcionalidad que\notros materiales de embalaje.<\/p>\n<p class=\"font_8\" style=\"text-align: left;\">Nuestro equipo altamente cualificado, con muchos a\u00f1os de experiencia en la industria\ndel embalaje, se encarga de la gesti\u00f3n de todo el proceso desde la idea hasta la entrega,\nque incluye el dise\u00f1o de la forma deseada, la preparaci\u00f3n de la herramienta de molde, la\nmuestra y luego la producci\u00f3n en serie, as\u00ed como la entrega si es necesario.<\/p>\n<p><span class=\"S1PPyQ\">Partner\u00fcnk k\u00f6rnyezetk\u00f6zpont\u00fa ir\u00e1ny\u00edt\u00e1si rendszere megfelel az MSZ EN ISO 14001:2015 szabv\u00e1ny k\u00f6vetelm\u00e9nyeinek a csomagol\u00f3 anyag gy\u00e1rt\u00e1s ter\u00fclet\u00e9n. Tov\u00e1bb\u00e1 min\u0151s\u00e9gir\u00e1ny\u00edt\u00e1si rendszere megfelel az MSZ EN ISO 9001:2015 szabv\u00e1ny k\u00f6vetelm\u00e9nyeinek a csomagol\u00f3 anyag gy\u00e1rt\u00e1s ter\u00fclet\u00e9n.<\/span><\/p>\n<p class=\"font_8\" style=\"text-align: left;\">Para detalles y cotizaciones, no dude en ponerse en contacto conmigo!<\/p>\n<p class=\"font_8\" style=\"text-align: left;\"><a href=\"https:\/\/themediator.hu\/es\/kapcsolat\/\">https:\/\/themediator.hu\/contacto\/<\/a><\/p>\n<p>&nbsp;<\/p>","protected":false},"featured_media":760,"comment_status":"open","ping_status":"closed","template":"","meta":[],"_links":{"self":[{"href":"https:\/\/themediator.hu\/es\/wp-json\/wp\/v2\/product\/457"}],"collection":[{"href":"https:\/\/themediator.hu\/es\/wp-json\/wp\/v2\/product"}],"about":[{"href":"https:\/\/themediator.hu\/es\/wp-json\/wp\/v2\/types\/product"}],"replies":[{"embeddable":true,"href":"https:\/\/themediator.hu\/es\/wp-json\/wp\/v2\/comments?post=457"}],"wp:featuredmedia":[{"embeddable":true,"href":"https:\/\/themediator.hu\/es\/wp-json\/wp\/v2\/media\/760"}],"wp:attachment":[{"href":"https:\/\/themediator.hu\/es\/wp-json\/wp\/v2\/media?parent=457"}],"curies":[{"name":"wp","href":"https:\/\/api.w.org\/{rel}","templated":true}]}}