{"id":441,"date":"2022-11-04T11:16:28","date_gmt":"2022-11-04T11:16:28","guid":{"rendered":"https:\/\/themediator.hu\/?post_type=product&#038;p=441"},"modified":"2022-11-22T12:28:36","modified_gmt":"2022-11-22T12:28:36","slug":"ipari-klimatizalas-hutes-futes","status":"publish","type":"product","link":"https:\/\/themediator.hu\/es\/producto\/ipari-klimatizalas-hutes-futes\/","title":{"rendered":"Aire acondicionado\/refrigeraci\u00f3n industrial, calefacci\u00f3n"},"content":{"rendered":"","protected":false},"excerpt":{"rendered":"<h1>Aire acondicionado industrial, refrigeraci\u00f3n, calefacci\u00f3n al m\u00e1s alto nivel<\/h1>\n<p><em>Informaci\u00f3n y solicitud de presupuesto:\u00a0<strong>Email: info.es@themediator.hu<\/strong><\/em><\/p>\n<p>Nuestro socio pone gran \u00e9nfasis en los sistemas de refrigeraci\u00f3n y calefacci\u00f3n por aire. En 1995, comenzaron a alquilar sistemas de aire acondicionado m\u00f3viles para edificios m\u00e1s grandes.<\/p>\n<h4>La empresa es ahora un sistema empresarial din\u00e1mico y de r\u00e1pido desarrollo con varios representantes en Europa Central y Oriental.<\/h4>\n<p>Con su amplia gama de gesti\u00f3n integral del microclima en espacios cerrados, se han convertido en l\u00edderes del mercado en la regi\u00f3n de Europa Central y Sudoriental.<\/p>\n<p>Su objetivo es dar a conocer y convencer al p\u00fablico empresarial sobre las ventajas econ\u00f3micas de las construcciones de alquiler en el campo de la tecnolog\u00eda de climatizaci\u00f3n, y al mismo tiempo quieren dar continuidad a la actividad de gesti\u00f3n integral del aire en el \u00e1mbito empresarial de la regi\u00f3n. .<\/p>\n<p>Los sistemas de ventilaci\u00f3n y enfriamiento de aire m\u00f3viles introducen aire fresco, enfriado, purificado y deshumidificado en la habitaci\u00f3n, que desciende a las capas inferiores, refresca a los trabajadores y luego eleva el aire caliente usado a las capas superiores y lo empuja fuera de la habitaci\u00f3n.<\/p>\n<h4><strong>Operaci\u00f3n del sistema:<\/strong><\/h4>\n<p>La base de sus sistemas son unidades frigor\u00edficas de diferentes capacidades, cuya potencia frigor\u00edfica va desde los 20 hasta los 35,2 kW. Adem\u00e1s, son decisivos los canales de PVC perforados de 500 mm de di\u00e1metro, que aportan 6.000 m3\/h de aire fresco y refrigerado a la estancia.<\/p>\n<p>Las unidades se colocan en el exterior del edificio o en la azotea y se conectan a la red el\u00e9ctrica de acuerdo con la normativa. Se encienden y apagan fuera de la habitaci\u00f3n (por unidad) o dentro de la habitaci\u00f3n. Pasamos una manguera flexible desde las unidades individuales hasta el panel de suministro, a trav\u00e9s de la pared. El panel de entrada se coloca aproximadamente desde la superficie de paso. Se coloca 3-4 metros en l\u00ednea recta, por debajo del nivel de las luminarias. La unidad de refrigeraci\u00f3n suele aspirar aire fresco al 100 % del exterior, que filtra aprox. Enfr\u00eda hasta 13\u00b0C y deshumidifica. El aire fresco tratado entra en la habitaci\u00f3n a trav\u00e9s de los conductos,<br \/>\ndonde desciende debido a su peso. La salida de calor de las personas y los equipos en el \u00e1rea del aire fresco tratado act\u00faa como una fuerza de flotaci\u00f3n para el aire caliente, por lo que se forma una columna de calor sobre cada fuente de calor, que atraviesa el aire fr\u00edo y se eleva hacia el aire. El ascenso del aire provocado por las fuentes de calor provoca el descenso del aire fr\u00edo. Esto crea un proceso permanente de calor y evaporaci\u00f3n a niveles m\u00e1s altos y al exterior.<\/p>\n<p>Esto crea una condici\u00f3n extremadamente estable en la habitaci\u00f3n con una ligera sobrepresi\u00f3n, sin corrientes de aire, con una gran diferencia de temperatura entre los lugares altos y bajos, mientras que en las superficies de trabajo se forma un \u00e1rea estable de aire fresco y tratado t\u00e9rmicamente. De ah\u00ed viene la eficiencia energ\u00e9tica del funcionamiento de los sistemas de refrigeraci\u00f3n, ya que el llamado efecto de desplazamiento de calor se produce cuando las capas superiores de aire se liberan al aire libre, es decir, solo una peque\u00f1a parte del aire se trata con refrigeraci\u00f3n directa, mientras que el aire caliente y la evaporaci\u00f3n da\u00f1ina son desplazados por el aire reci\u00e9n introducido al exterior.<\/p>\n<h4>Sus servicios<\/h4>\n<ul>\n<li><strong>Sistemas de refrigeraci\u00f3n y calefacci\u00f3n<\/strong><\/li>\n<\/ul>\n<p>La base de sus sistemas son unidades frigor\u00edficas de diferentes capacidades, cuya potencia frigor\u00edfica va desde los 20 hasta los 35,2 kW. Adem\u00e1s, son decisivos los canales de PVC perforados de 500 mm de di\u00e1metro, que aportan 6.000 m3\/h de aire fresco y refrigerado a la estancia.<\/p>\n<p>Las unidades se colocan en el exterior del edificio o en la azotea y se conectan a la red el\u00e9ctrica de acuerdo con la normativa. Se encienden y apagan fuera de la habitaci\u00f3n (por unidad) o dentro de la habitaci\u00f3n. Pasamos una manguera flexible desde las unidades individuales hasta el panel de suministro, a trav\u00e9s de la pared. El panel de entrada se coloca aproximadamente desde la superficie de paso. Col\u00f3quelo de 3 a 4 metros en l\u00ednea recta, por debajo del nivel de los artefactos de iluminaci\u00f3n. La unidad de refrigeraci\u00f3n suele aspirar aire fresco al 100 % del exterior, que filtra aprox. Enfr\u00eda hasta 13\u00b0C y deshumidifica. El aire fresco tratado entra en la habitaci\u00f3n a trav\u00e9s de los conductos,<br \/>\ndonde desciende debido a su peso. La salida de calor de las personas y los equipos en el \u00e1rea del aire fresco tratado act\u00faa como una fuerza de flotaci\u00f3n para el aire caliente, por lo que se forma una columna de calor sobre cada fuente de calor, que atraviesa el aire fr\u00edo y se eleva hacia el aire. El ascenso del aire provocado por las fuentes de calor provoca el descenso del aire fr\u00edo. Esto crea un proceso permanente de calor y evaporaci\u00f3n a niveles m\u00e1s altos y al exterior.<\/p>\n<p>Esto crea una condici\u00f3n extremadamente estable en la habitaci\u00f3n con una ligera sobrepresi\u00f3n, sin corrientes de aire, con una gran diferencia de temperatura entre los lugares altos y bajos, mientras que en las superficies de trabajo se forma un \u00e1rea estable de aire fresco y tratado t\u00e9rmicamente. De ah\u00ed viene la eficiencia energ\u00e9tica del funcionamiento de los sistemas de refrigeraci\u00f3n, ya que el llamado efecto de desplazamiento de calor se produce cuando las capas superiores de aire se liberan al aire libre, es decir, solo una peque\u00f1a parte del aire se trata con refrigeraci\u00f3n directa, mientras que el aire caliente y la evaporaci\u00f3n da\u00f1ina son desplazados por el aire reci\u00e9n introducido al exterior.<\/p>\n<ul>\n<li><strong>Bombas de calor<\/strong><\/li>\n<li><strong>Agregadores el\u00e9ctricos<\/strong><\/li>\n<\/ul>\n<p>Los agregadores el\u00e9ctricos ayudan a la operaci\u00f3n de sus sistemas en los casos en que la energ\u00eda el\u00e9ctrica es dif\u00edcil de obtener o es relativamente costosa o no hay conexi\u00f3n directa a la red el\u00e9ctrica, pero al mismo tiempo podr\u00edan ayudar a cubrir las necesidades energ\u00e9ticas de otros dispositivos.<\/p>\n<ul>\n<li><strong>Secadores de aire, humidificadores<\/strong><\/li>\n<\/ul>\n<p>Nuestros servicios relacionados con el secado por condensaci\u00f3n son especialmente \u00fatiles en el \u00e1mbito de la industria de la construcci\u00f3n, en muchos casos, por ejemplo, en la industria de la construcci\u00f3n. Por ejemplo, el secado de soleras lleva algunos meses, pero con la ayuda de nuestros dispositivos de secado solo lleva entre 7 y 14 d\u00edas. Tambi\u00e9n es interesante que las habitaciones mal secadas requieran hasta un 50% m\u00e1s de energ\u00eda para calefacci\u00f3n en los primeros a\u00f1os.<\/p>\n<ul>\n<li><strong>Sistemas de refrigeraci\u00f3n y calefacci\u00f3n por agua.<\/strong><\/li>\n<\/ul>\n<p>Los sistemas de refrigeraci\u00f3n y calefacci\u00f3n por agua se recomiendan sobre todo para aquellos casos e intervenciones en los que los sistemas de refrigeraci\u00f3n de naves existentes fallan o no funcionan por otras razones. Con unidades adicionales, son indispensables en la gesti\u00f3n del microclima en aquellos casos operativos en los que son dif\u00edciles de alcanzar con la soluci\u00f3n de conductos de aire, se pueden solucionar.<\/p>\n<ul>\n<li><strong>Unidades de cableado del intercambiador de calor<\/strong><\/li>\n<\/ul>\n<p>El equipo asegura una ventilaci\u00f3n energ\u00e9ticamente eficiente con la ayuda del intercambiador de calor, y nuestras unidades calientan o enfr\u00edan agregando componentes adicionales, lo que permite una gesti\u00f3n eficaz del microclima interno durante todo el a\u00f1o.<\/p>\n<p>Al garantizar un r\u00e1pido montaje y desmontaje, sus sistemas son particularmente ventajosos\u00a0<em>tambi\u00e9n en recintos de eventos y ferias.\u00a0<\/em>is.<\/p>\n<h4><strong>Informaci\u00f3n y solicitud de presupuesto:<\/strong><\/h4>\n<p><a href=\"https:\/\/themediator.hu\/es\/kapcsolat\/\">https:\/\/themediator.hu\/contacto\/<\/a><\/p>\n<p>&nbsp;<\/p>","protected":false},"featured_media":730,"comment_status":"open","ping_status":"closed","template":"","meta":[],"_links":{"self":[{"href":"https:\/\/themediator.hu\/es\/wp-json\/wp\/v2\/product\/441"}],"collection":[{"href":"https:\/\/themediator.hu\/es\/wp-json\/wp\/v2\/product"}],"about":[{"href":"https:\/\/themediator.hu\/es\/wp-json\/wp\/v2\/types\/product"}],"replies":[{"embeddable":true,"href":"https:\/\/themediator.hu\/es\/wp-json\/wp\/v2\/comments?post=441"}],"wp:featuredmedia":[{"embeddable":true,"href":"https:\/\/themediator.hu\/es\/wp-json\/wp\/v2\/media\/730"}],"wp:attachment":[{"href":"https:\/\/themediator.hu\/es\/wp-json\/wp\/v2\/media?parent=441"}],"curies":[{"name":"wp","href":"https:\/\/api.w.org\/{rel}","templated":true}]}}