{"id":2040,"date":"2023-08-04T06:51:43","date_gmt":"2023-08-04T06:51:43","guid":{"rendered":"https:\/\/themediator.hu\/?post_type=product&#038;p=2040"},"modified":"2025-09-18T09:33:11","modified_gmt":"2025-09-18T09:33:11","slug":"arnyekolastechnika","status":"publish","type":"product","link":"https:\/\/themediator.hu\/es\/producto\/arnyekolastechnika\/","title":{"rendered":"T\u00e9cnica de sombreado"},"content":{"rendered":"","protected":false},"excerpt":{"rendered":"<p>Nuestro socio es conocido por indicadores \u00f3ptimos de precio-calidad.<\/p>\n<p>Tambi\u00e9n ofrece soluciones para persianas, estores, mosquiteras y parasoles en la producci\u00f3n de ventanas. La producci\u00f3n e instalaci\u00f3n de las ventanas se adapta a tus necesidades, puedes elegir entre una cabalgata de colores para que todo quede perfecto.<\/p>\n<p>El lema de su empresa es: \"De las ventanas a las persianas, todo en un solo lugar, todo de un maestro\".<\/p>\n<p>Su objetivo es adaptarse r\u00e1pidamente a las demandas del mercado, dise\u00f1ar y fabricar nuevos productos y asegurar la excelente calidad de nuestros materiales.<\/p>\n<p>Su misi\u00f3n es satisfacer todas las necesidades del cliente.<\/p>\n<p>&nbsp;<\/p>\n<h4><strong>Productos:<\/strong><\/h4>\n<p>&nbsp;<\/p>\n<ul>\n<li><strong>Tonos al aire libre<\/strong><\/li>\n<\/ul>\n<p>Las persianas exteriores son persianas adecuadas para su instalaci\u00f3n tanto en edificios comerciales como residenciales.<\/p>\n<p>Existen varios tipos de persianas exteriores, dependiendo del tipo de lamas (C-65mm, C-80mm, F-80mm, Z-75mm), m\u00e9todo de instalaci\u00f3n (instalaci\u00f3n vista, inferior), m\u00e9todo de funcionamiento (manual, el\u00e9ctrico) y diferentes Los dise\u00f1os (Krpan, cr\u00e1ter, gu\u00edas de alambre) difieren seg\u00fan<\/p>\n<ul>\n<li><strong>Persianas<\/strong><\/li>\n<\/ul>\n<p>Las contraventanas frente a la ventana son el producto m\u00e1s utilizado, ya que permiten su instalaci\u00f3n independiente en todo tipo de edificios. Son adecuados tanto para la nueva construcci\u00f3n como para la renovaci\u00f3n de edificios antiguos. La instalaci\u00f3n de estas persianas no necesita planificarse con antelaci\u00f3n, ya que se instalan una vez finalizada la fachada.<\/p>\n<p><em>Excelente protecci\u00f3n<\/em><\/p>\n<p>Estas persianas protegen la habitaci\u00f3n de las condiciones clim\u00e1ticas, especialmente del sobrecalentamiento de las habitaciones. Tambi\u00e9n son adecuados para sombrear superficies m\u00e1s grandes. Un excelente m\u00e9todo de control de la luz.<\/p>\n<p>Sus persianas son r\u00edgidas y estables incluso en condiciones clim\u00e1ticas adversas. Se caracterizan por una larga vida \u00fatil.<\/p>\n<p>Las persianas exteriores est\u00e1n fabricadas con materiales de calidad, por lo que su vida \u00fatil es muy larga.<\/p>\n<p>Tambi\u00e9n es posible hacer formas no est\u00e1ndar (para ventanas inclinadas).<\/p>\n<p>Las persianas est\u00e1n hechas de materiales de calidad y colores modernos y le dan al edificio un aspecto moderno. Sus productos se caracterizan por la facilidad de uso. Las persianas se pueden controlar manualmente o autom\u00e1ticamente, que tambi\u00e9n se pueden operar con un motor el\u00e9ctrico.<\/p>\n<p>Las persianas se accionan manualmente mediante un autorretractor o una palanca de control, y tambi\u00e9n hay amplias opciones de accionamiento el\u00e9ctrico y varios sistemas de control.<\/p>\n<p>En la versi\u00f3n b\u00e1sica del accionamiento el\u00e9ctrico, el sombreado se puede controlar mediante un interruptor y, en el modo m\u00e1s c\u00f3modo, con un mando a distancia.<\/p>\n<p>Podemos utilizar mandos a distancia que controlan un n\u00famero concreto de persianas o una funci\u00f3n preprogramada que permite programar la subida o bajada de las persianas en un momento concreto. Ni siquiera necesita estar en el edificio para esta funci\u00f3n para que nuestras persianas comiencen a moverse.<\/p>\n<p>A\u00fan m\u00e1s es posible gracias a los numerosos sensores clim\u00e1ticos integrados en las persianas, que controlan las persianas seg\u00fan fen\u00f3menos meteorol\u00f3gicos como el sol, el viento o la lluvia.<\/p>\n<p>&nbsp;<\/p>\n<ul>\n<li><strong>Las persianas exteriores<\/strong> exteriores permiten un oscurecimiento parcial.<\/li>\n<\/ul>\n<p>Las persianas exteriores est\u00e1n formadas por lamas horizontales que se pueden cerrar y abrir, subir y bajar.<\/p>\n<p>Dado que est\u00e1n ubicados en el exterior del vidrio de la ventana, brindan protecci\u00f3n contra el calor y contribuyen a un clima m\u00e1s agradable en el edificio al reflejar los rayos del sol y evitar que ingresen a la sala de estar u otros espacios a trav\u00e9s de la superficie del vidrio.<\/p>\n<p>La mayor ventaja de las persianas exteriores en comparaci\u00f3n con otras persianas exteriores es que pueden dejar entrar la luz en la habitaci\u00f3n.<\/p>\n<p>Cambiando el \u00e1ngulo de las lamas, podemos controlar la cantidad de luz. Las persianas exteriores no ofrecen las mismas capacidades de aislamiento que las contraventanas exteriores, ni proporcionan protecci\u00f3n contra robos. Es posible elegir persianas para ventanas exteriores con dispositivos antirrobo en nuestro socio, que est\u00e1n equipadas con resortes de seguridad que dificultan levantar la persiana desde el exterior.<\/p>\n<p>Los precios de las persianas de exterior pueden variar en funci\u00f3n del tipo de lamas, el m\u00e9todo de instalaci\u00f3n (instalaci\u00f3n vista o de escena), el modo de funcionamiento (manual o el\u00e9ctrico) y las diferentes versiones.<\/p>\n<p>Los parasoles externos de nuestro socio est\u00e1n fabricados con materiales de la m\u00e1s alta calidad, por lo que son muy estables incluso en caso de condiciones clim\u00e1ticas adversas.<\/p>\n<p>&nbsp;<\/p>\n<ul>\n<li><strong>Mosquitero<\/strong><\/li>\n<\/ul>\n<p>Garantiza un alto nivel de protecci\u00f3n de los locales contra los insectos. Las mosquiteras son una soluci\u00f3n sencilla y eficaz.<\/p>\n<p>Nuestro socio fabrica productos que se pueden instalar en cualquier tipo de ventana y tambi\u00e9n le ofrece muchos modelos diferentes de mosquiteras.<\/p>\n<ul>\n<li><strong>Rompesoles<\/strong><\/li>\n<\/ul>\n<p>Las Daybreak son unas persianas mucho m\u00e1s compactas y resistentes, pero a la vez mucho m\u00e1s grandes que otras persianas est\u00e1ndar.<\/p>\n<p class=\"rtecenter\">Elemento fundamental e indispensable de las oficinas y vest\u00edbulos actuales, tambi\u00e9n cumple una importante tarea en t\u00e9rminos de eficiencia energ\u00e9tica.<\/p>\n<p>Combinados con la fachada, adem\u00e1s de su funci\u00f3n b\u00e1sica de sombreado, tambi\u00e9n contribuyen a una mejor apariencia externa, al tiempo que proporcionan un aislamiento t\u00e9rmico adicional. El \u00e1ngulo de inclinaci\u00f3n de las lamas se puede ajustar libremente con la ayuda de un motor el\u00e9ctrico.<\/p>\n<p>Elija cualquier producto, puede contar con la mejor calidad.<\/p>\n<p>Despu\u00e9s de la consulta, podemos ofrecerle una oferta de precio basada en los par\u00e1metros.<\/p>\n<p>&nbsp;<\/p>\n<p>&nbsp;<\/p>","protected":false},"featured_media":2046,"comment_status":"open","ping_status":"closed","template":"","meta":[],"_links":{"self":[{"href":"https:\/\/themediator.hu\/es\/wp-json\/wp\/v2\/product\/2040"}],"collection":[{"href":"https:\/\/themediator.hu\/es\/wp-json\/wp\/v2\/product"}],"about":[{"href":"https:\/\/themediator.hu\/es\/wp-json\/wp\/v2\/types\/product"}],"replies":[{"embeddable":true,"href":"https:\/\/themediator.hu\/es\/wp-json\/wp\/v2\/comments?post=2040"}],"wp:featuredmedia":[{"embeddable":true,"href":"https:\/\/themediator.hu\/es\/wp-json\/wp\/v2\/media\/2046"}],"wp:attachment":[{"href":"https:\/\/themediator.hu\/es\/wp-json\/wp\/v2\/media?parent=2040"}],"curies":[{"name":"wp","href":"https:\/\/api.w.org\/{rel}","templated":true}]}}