{"id":1519,"date":"2023-03-20T13:57:31","date_gmt":"2023-03-20T13:57:31","guid":{"rendered":"https:\/\/themediator.hu\/?post_type=product&#038;p=1519"},"modified":"2024-11-06T10:28:55","modified_gmt":"2024-11-06T10:28:55","slug":"burkolas","status":"publish","type":"product","link":"https:\/\/themediator.hu\/es\/producto\/burkolas\/","title":{"rendered":"Cubierta"},"content":{"rendered":"","protected":false},"excerpt":{"rendered":"<p>Nuestro socio es un profesional exigente y confiable.<\/p>\n<p>Realiza revestimientos en fr\u00edo de interiores y exteriores, paredes y suelos con inspecci\u00f3n gratuita in situ. Garantiza el trabajo realizado.<\/p>\n<p>Nuestro socio se caracteriza por la construcci\u00f3n profesional y precisa, la confiabilidad y el trabajo realizado a tiempo a un precio asequible.<\/p>\n<p>\u00a1No dude en contactarnos para obtener m\u00e1s informaci\u00f3n y una cotizaci\u00f3n!<\/p>\n<p><a href=\"https:\/\/themediator.hu\/es\/kapcsolat\/\">www.themediator.hu<\/a><\/p>","protected":false},"featured_media":1522,"comment_status":"open","ping_status":"closed","template":"","meta":[],"_links":{"self":[{"href":"https:\/\/themediator.hu\/es\/wp-json\/wp\/v2\/product\/1519"}],"collection":[{"href":"https:\/\/themediator.hu\/es\/wp-json\/wp\/v2\/product"}],"about":[{"href":"https:\/\/themediator.hu\/es\/wp-json\/wp\/v2\/types\/product"}],"replies":[{"embeddable":true,"href":"https:\/\/themediator.hu\/es\/wp-json\/wp\/v2\/comments?post=1519"}],"wp:featuredmedia":[{"embeddable":true,"href":"https:\/\/themediator.hu\/es\/wp-json\/wp\/v2\/media\/1522"}],"wp:attachment":[{"href":"https:\/\/themediator.hu\/es\/wp-json\/wp\/v2\/media?parent=1519"}],"curies":[{"name":"wp","href":"https:\/\/api.w.org\/{rel}","templated":true}]}}