{"id":953,"date":"2023-01-12T10:12:50","date_gmt":"2023-01-12T10:12:50","guid":{"rendered":"https:\/\/themediator.hu\/?page_id=953"},"modified":"2023-01-12T13:58:41","modified_gmt":"2023-01-12T13:58:41","slug":"https-themediator-hu-termek-autouveg-epulet-es-biztonsagi-foliazas","status":"publish","type":"page","link":"https:\/\/themediator.hu\/es\/https-themediator-hu-termek-autouveg-epulet-es-biztonsagi-foliazas\/","title":{"rendered":"CRISTALES DE COCHES, EDIFICIOS Y PEL\u00cdCULAS DE SEGURIDAD"},"content":{"rendered":"<div data-elementor-type=\"wp-page\" data-elementor-id=\"953\" class=\"elementor elementor-953\" data-elementor-post-type=\"page\">\n\t\t\t\t\t\t<section class=\"elementor-section elementor-top-section elementor-element elementor-element-fcd6b94 elementor-section-boxed elementor-section-height-default elementor-section-height-default\" data-id=\"fcd6b94\" data-element_type=\"section\">\n\t\t\t\t\t\t<div class=\"elementor-container elementor-column-gap-default\">\n\t\t\t\t\t<div class=\"elementor-column elementor-col-100 elementor-top-column elementor-element elementor-element-b66f10b\" data-id=\"b66f10b\" data-element_type=\"column\">\n\t\t\t<div class=\"elementor-widget-wrap elementor-element-populated\">\n\t\t\t\t\t\t<div class=\"elementor-element elementor-element-2abde3e elementor-widget elementor-widget-heading\" data-id=\"2abde3e\" data-element_type=\"widget\" data-widget_type=\"heading.default\">\n\t\t\t\t<div class=\"elementor-widget-container\">\n\t\t\t<h2 class=\"elementor-heading-title elementor-size-default\">\nCRISTALES DE COCHES, EDIFICIOS Y PEL\u00cdCULAS DE SEGURIDAD\n<\/h2>\t\t<\/div>\n\t\t\t\t<\/div>\n\t\t\t\t<div class=\"elementor-element elementor-element-d5881b5 elementor-list-item-link-full_width elementor-widget elementor-widget-icon-list\" data-id=\"d5881b5\" data-element_type=\"widget\" data-widget_type=\"icon-list.default\">\n\t\t\t\t<div class=\"elementor-widget-container\">\n\t\t\t\t\t<ul class=\"elementor-icon-list-items\">\n\t\t\t\t\t\t\t<li class=\"elementor-icon-list-item\">\n\t\t\t\t\t\t\t\t\t\t\t<span class=\"elementor-icon-list-icon\">\n\t\t\t\t\t\t\t<i aria-hidden=\"true\" class=\"fas fa-check\"><\/i>\t\t\t\t\t\t<\/span>\n\t\t\t\t\t\t\t\t\t\t<span class=\"elementor-icon-list-text\">Aut\u00f3\u00fcveg f\u00f3li\u00e1z\u00e1s gyorsan \u00e9s prec\u00edzen<\/span>\n\t\t\t\t\t\t\t\t\t<\/li>\n\t\t\t\t\t\t\t\t<li class=\"elementor-icon-list-item\">\n\t\t\t\t\t\t\t\t\t\t\t<span class=\"elementor-icon-list-icon\">\n\t\t\t\t\t\t\t<i aria-hidden=\"true\" class=\"fas fa-check\"><\/i>\t\t\t\t\t\t<\/span>\n\t\t\t\t\t\t\t\t\t\t<span class=\"elementor-icon-list-text\">Embellece tu coche y disfruta de una vista sin obst\u00e1culos. En la gama LLumar\u00ae, puede encontrar la pel\u00edcula m\u00e1s adecuada para cualquier tipo de autom\u00f3vil.<\/span>\n\t\t\t\t\t\t\t\t\t<\/li>\n\t\t\t\t\t\t\t\t<li class=\"elementor-icon-list-item\">\n\t\t\t\t\t\t\t\t\t\t\t<span class=\"elementor-icon-list-icon\">\n\t\t\t\t\t\t\t<i aria-hidden=\"true\" class=\"fas fa-check\"><\/i>\t\t\t\t\t\t<\/span>\n\t\t\t\t\t\t\t\t\t\t<span class=\"elementor-icon-list-text\">A ker\u00e1mia technol\u00f3gi\u00e1s aut\u00f3f\u00f3li\u00e1k mind tart\u00f3ss\u00e1gban, mind h\u0151v\u00e9delemben fel\u00fclm\u00falj\u00e1k a metaliz\u00e1lt f\u00f3li\u00e1kat. J\u00f3val er\u0151ssebb infrav\u00f6r\u00f6s visszaver\u00e9ssel b\u00edrnak, \u00edgy nem csak a h\u0151m\u00e9rs\u00e9kletet cs\u00f6kkenthetj\u00fck aut\u00f3nk belter\u00e9ben, de a k\u00f6zvetlen napf\u00e9ny h\u0151\u00e9rzet\u00e9t is.  Nem utols\u00f3 sorban esetleges baleset eset\u00e9n biztons\u00e1got ny\u00fajtanak.<\/span>\n\t\t\t\t\t\t\t\t\t<\/li>\n\t\t\t\t\t\t\t\t<li class=\"elementor-icon-list-item\">\n\t\t\t\t\t\t\t\t\t\t\t<span class=\"elementor-icon-list-icon\">\n\t\t\t\t\t\t\t<i aria-hidden=\"true\" class=\"fas fa-check\"><\/i>\t\t\t\t\t\t<\/span>\n\t\t\t\t\t\t\t\t\t\t<span class=\"elementor-icon-list-text\">Sz\u00e1mtalan el\u0151nye van az aut\u00f3\u00fcveg f\u00f3li\u00e1z\u00e1s\u00e1nak: <\/span>\n\t\t\t\t\t\t\t\t\t<\/li>\n\t\t\t\t\t\t\t\t<li class=\"elementor-icon-list-item\">\n\t\t\t\t\t\t\t\t\t\t\t<span class=\"elementor-icon-list-icon\">\n\t\t\t\t\t\t\t<i aria-hidden=\"true\" class=\"fas fa-circle\"><\/i>\t\t\t\t\t\t<\/span>\n\t\t\t\t\t\t\t\t\t\t<span class=\"elementor-icon-list-text\"> 99% UV-v\u00e9delem<\/span>\n\t\t\t\t\t\t\t\t\t<\/li>\n\t\t\t\t\t\t\t\t<li class=\"elementor-icon-list-item\">\n\t\t\t\t\t\t\t\t\t\t\t<span class=\"elementor-icon-list-icon\">\n\t\t\t\t\t\t\t<i aria-hidden=\"true\" class=\"fas fa-circle\"><\/i>\t\t\t\t\t\t<\/span>\n\t\t\t\t\t\t\t\t\t\t<span class=\"elementor-icon-list-text\">Ak\u00e1r 65% teljes napenergia visszatart\u00e1sem<\/span>\n\t\t\t\t\t\t\t\t\t<\/li>\n\t\t\t\t\t\t\t\t<li class=\"elementor-icon-list-item\">\n\t\t\t\t\t\t\t\t\t\t\t<span class=\"elementor-icon-list-icon\">\n\t\t\t\t\t\t\t<i aria-hidden=\"true\" class=\"fas fa-circle\"><\/i>\t\t\t\t\t\t<\/span>\n\t\t\t\t\t\t\t\t\t\t<span class=\"elementor-icon-list-text\">Hasta 10 a\u00f1os de garant\u00eda en l\u00e1minas<\/span>\n\t\t\t\t\t\t\t\t\t<\/li>\n\t\t\t\t\t\t\t\t<li class=\"elementor-icon-list-item\">\n\t\t\t\t\t\t\t\t\t\t\t<span class=\"elementor-icon-list-icon\">\n\t\t\t\t\t\t\t<i aria-hidden=\"true\" class=\"fas fa-circle\"><\/i>\t\t\t\t\t\t<\/span>\n\t\t\t\t\t\t\t\t\t\t<span class=\"elementor-icon-list-text\">En caso de accidente, mantiene el cristal unido, reduciendo as\u00ed el riesgo de lesiones.<\/span>\n\t\t\t\t\t\t\t\t\t<\/li>\n\t\t\t\t\t\t\t\t<li class=\"elementor-icon-list-item\">\n\t\t\t\t\t\t\t\t\t\t\t<span class=\"elementor-icon-list-icon\">\n\t\t\t\t\t\t\t<i aria-hidden=\"true\" class=\"fas fa-circle\"><\/i>\t\t\t\t\t\t<\/span>\n\t\t\t\t\t\t\t\t\t\t<span class=\"elementor-icon-list-text\">Protecci\u00f3n de informaci\u00f3n, proteja sus objetos de valor de espectadores no deseados<\/span>\n\t\t\t\t\t\t\t\t\t<\/li>\n\t\t\t\t\t\t\t\t<li class=\"elementor-icon-list-item\">\n\t\t\t\t\t\t\t\t\t\t\t<span class=\"elementor-icon-list-icon\">\n\t\t\t\t\t\t\t<i aria-hidden=\"true\" class=\"fas fa-circle\"><\/i>\t\t\t\t\t\t<\/span>\n\t\t\t\t\t\t\t\t\t\t<span class=\"elementor-icon-list-text\">Al reducir la transmisi\u00f3n de luz, podemos aumentar nuestra comodidad mientras conducimos<\/span>\n\t\t\t\t\t\t\t\t\t<\/li>\n\t\t\t\t\t\t\t\t<li class=\"elementor-icon-list-item\">\n\t\t\t\t\t\t\t\t\t\t\t<span class=\"elementor-icon-list-icon\">\n\t\t\t\t\t\t\t<i aria-hidden=\"true\" class=\"fas fa-check\"><\/i>\t\t\t\t\t\t<\/span>\n\t\t\t\t\t\t\t\t\t\t<span class=\"elementor-icon-list-text\">\u00c9p\u00fcletek f\u00f3li\u00e1z\u00e1sa RHE35 k\u00fclt\u00e9ri t\u00fckr\u00f6z\u0151 f\u00f3li\u00e1val t\u00f6rt\u00e9nik, melynek el\u0151nyei:<\/span>\n\t\t\t\t\t\t\t\t\t<\/li>\n\t\t\t\t\t\t\t\t<li class=\"elementor-icon-list-item\">\n\t\t\t\t\t\t\t\t\t\t\t<span class=\"elementor-icon-list-icon\">\n\t\t\t\t\t\t\t<i aria-hidden=\"true\" class=\"fas fa-circle\"><\/i>\t\t\t\t\t\t<\/span>\n\t\t\t\t\t\t\t\t\t\t<span class=\"elementor-icon-list-text\">Transmisi\u00f3n de energ\u00eda solar: 22%<\/span>\n\t\t\t\t\t\t\t\t\t<\/li>\n\t\t\t\t\t\t\t\t<li class=\"elementor-icon-list-item\">\n\t\t\t\t\t\t\t\t\t\t\t<span class=\"elementor-icon-list-icon\">\n\t\t\t\t\t\t\t<i aria-hidden=\"true\" class=\"fas fa-circle\"><\/i>\t\t\t\t\t\t<\/span>\n\t\t\t\t\t\t\t\t\t\t<span class=\"elementor-icon-list-text\">Reflexi\u00f3n de energ\u00eda solar: 46%<\/span>\n\t\t\t\t\t\t\t\t\t<\/li>\n\t\t\t\t\t\t\t\t<li class=\"elementor-icon-list-item\">\n\t\t\t\t\t\t\t\t\t\t\t<span class=\"elementor-icon-list-icon\">\n\t\t\t\t\t\t\t<i aria-hidden=\"true\" class=\"fas fa-circle\"><\/i>\t\t\t\t\t\t<\/span>\n\t\t\t\t\t\t\t\t\t\t<span class=\"elementor-icon-list-text\">L\u00e1that\u00f3 f\u00e9ny\u00e1tereszt\u00e9s 29%<\/span>\n\t\t\t\t\t\t\t\t\t<\/li>\n\t\t\t\t\t\t\t\t<li class=\"elementor-icon-list-item\">\n\t\t\t\t\t\t\t\t\t\t\t<span class=\"elementor-icon-list-icon\">\n\t\t\t\t\t\t\t<i aria-hidden=\"true\" class=\"fas fa-circle\"><\/i>\t\t\t\t\t\t<\/span>\n\t\t\t\t\t\t\t\t\t\t<span class=\"elementor-icon-list-text\">UV \u00e1tereszt\u00e9s: <1%<\/span>\n\t\t\t\t\t\t\t\t\t<\/li>\n\t\t\t\t\t\t\t\t<li class=\"elementor-icon-list-item\">\n\t\t\t\t\t\t\t\t\t\t\t<span class=\"elementor-icon-list-icon\">\n\t\t\t\t\t\t\t<i aria-hidden=\"true\" class=\"fas fa-circle\"><\/i>\t\t\t\t\t\t<\/span>\n\t\t\t\t\t\t\t\t\t\t<span class=\"elementor-icon-list-text\">L\u00e1that\u00f3 f\u00e9nyvisszaver\u00e9s: 46%<\/span>\n\t\t\t\t\t\t\t\t\t<\/li>\n\t\t\t\t\t\t\t\t<li class=\"elementor-icon-list-item\">\n\t\t\t\t\t\t\t\t\t\t\t<span class=\"elementor-icon-list-icon\">\n\t\t\t\t\t\t\t<i aria-hidden=\"true\" class=\"fas fa-circle\"><\/i>\t\t\t\t\t\t<\/span>\n\t\t\t\t\t\t\t\t\t\t<span class=\"elementor-icon-list-text\">UV \u00e1tereszt\u00e9s: <1%<\/span>\n\t\t\t\t\t\t\t\t\t<\/li>\n\t\t\t\t\t\t\t\t<li class=\"elementor-icon-list-item\">\n\t\t\t\t\t\t\t\t\t\t\t<span class=\"elementor-icon-list-icon\">\n\t\t\t\t\t\t\t<i aria-hidden=\"true\" class=\"fas fa-circle\"><\/i>\t\t\t\t\t\t<\/span>\n\t\t\t\t\t\t\t\t\t\t<span class=\"elementor-icon-list-text\">Reflexi\u00f3n total de la energ\u00eda solar: 70%<\/span>\n\t\t\t\t\t\t\t\t\t<\/li>\n\t\t\t\t\t\t<\/ul>\n\t\t\t\t<\/div>\n\t\t\t\t<\/div>\n\t\t\t\t\t<\/div>\n\t\t<\/div>\n\t\t\t\t\t<\/div>\n\t\t<\/section>\n\t\t\t\t<section class=\"elementor-section elementor-top-section elementor-element elementor-element-10014a9 elementor-section-boxed elementor-section-height-default elementor-section-height-default\" data-id=\"10014a9\" data-element_type=\"section\">\n\t\t\t\t\t\t<div class=\"elementor-container elementor-column-gap-default\">\n\t\t\t\t\t<div class=\"elementor-column elementor-col-100 elementor-top-column elementor-element elementor-element-4dd22f7\" data-id=\"4dd22f7\" data-element_type=\"column\">\n\t\t\t<div class=\"elementor-widget-wrap elementor-element-populated\">\n\t\t\t\t\t\t<div class=\"elementor-element elementor-element-e9df354 elementor-widget elementor-widget-image\" data-id=\"e9df354\" data-element_type=\"widget\" data-widget_type=\"image.default\">\n\t\t\t\t<div class=\"elementor-widget-container\">\n\t\t\t\t\t\t\t\t\t\t\t\t\t<img fetchpriority=\"high\" decoding=\"async\" width=\"1024\" height=\"536\" src=\"https:\/\/themediator.hu\/wp-content\/uploads\/2023\/01\/info@themmediator.hu-17-1024x536.png\" class=\"attachment-large size-large wp-image-975\" alt=\"\" srcset=\"https:\/\/themediator.hu\/wp-content\/uploads\/2023\/01\/info@themmediator.hu-17-1024x536.png 1024w, https:\/\/themediator.hu\/wp-content\/uploads\/2023\/01\/info@themmediator.hu-17-300x157.png 300w, https:\/\/themediator.hu\/wp-content\/uploads\/2023\/01\/info@themmediator.hu-17-768x402.png 768w, https:\/\/themediator.hu\/wp-content\/uploads\/2023\/01\/info@themmediator.hu-17-600x314.png 600w, https:\/\/themediator.hu\/wp-content\/uploads\/2023\/01\/info@themmediator.hu-17.png 1200w\" sizes=\"(max-width: 1024px) 100vw, 1024px\" \/>\t\t\t\t\t\t\t\t\t\t\t\t\t<\/div>\n\t\t\t\t<\/div>\n\t\t\t\t\t<\/div>\n\t\t<\/div>\n\t\t\t\t\t<\/div>\n\t\t<\/section>\n\t\t\t\t<\/div>","protected":false},"excerpt":{"rendered":"<p>AUT\u00d3\u00dcVEG, \u00c9P\u00dcLET \u00c9S BIZTONS\u00c1GI F\u00d3LI\u00c1Z\u00c1S Aut\u00f3\u00fcveg f\u00f3li\u00e1z\u00e1s gyorsan \u00e9s prec\u00edzen Tegye szebb\u00e9 aut\u00f3j\u00e1t \u00e9s \u00e9lvezze az akad\u00e1lytalan kil\u00e1t\u00e1st. A LLumar\u00ae k\u00edn\u00e1lat\u00e1b\u00f3l b\u00e1rmely aut\u00f3t\u00edpusra megtal\u00e1lja a legmegfelel\u0151bb f\u00f3li\u00e1t. A ker\u00e1mia technol\u00f3gi\u00e1s aut\u00f3f\u00f3li\u00e1k mind tart\u00f3ss\u00e1gban, mind h\u0151v\u00e9delemben fel\u00fclm\u00falj\u00e1k a metaliz\u00e1lt f\u00f3li\u00e1kat. J\u00f3val er\u0151ssebb infrav\u00f6r\u00f6s visszaver\u00e9ssel b\u00edrnak, \u00edgy nem csak a h\u0151m\u00e9rs\u00e9kletet cs\u00f6kkenthetj\u00fck aut\u00f3nk belter\u00e9ben, de a k\u00f6zvetlen &hellip;<\/p>\n<p class=\"read-more\"> <a class=\"\" href=\"https:\/\/themediator.hu\/es\/https-themediator-hu-termek-autouveg-epulet-es-biztonsagi-foliazas\/\"> <span class=\"screen-reader-text\">CRISTALES DE COCHES, EDIFICIOS Y PEL\u00cdCULAS DE SEGURIDAD<\/span> Leer m\u00e1s &raquo;<\/a><\/p>","protected":false},"author":2,"featured_media":975,"parent":0,"menu_order":0,"comment_status":"closed","ping_status":"closed","template":"","meta":[],"_links":{"self":[{"href":"https:\/\/themediator.hu\/es\/wp-json\/wp\/v2\/pages\/953"}],"collection":[{"href":"https:\/\/themediator.hu\/es\/wp-json\/wp\/v2\/pages"}],"about":[{"href":"https:\/\/themediator.hu\/es\/wp-json\/wp\/v2\/types\/page"}],"author":[{"embeddable":true,"href":"https:\/\/themediator.hu\/es\/wp-json\/wp\/v2\/users\/2"}],"replies":[{"embeddable":true,"href":"https:\/\/themediator.hu\/es\/wp-json\/wp\/v2\/comments?post=953"}],"version-history":[{"count":8,"href":"https:\/\/themediator.hu\/es\/wp-json\/wp\/v2\/pages\/953\/revisions"}],"predecessor-version":[{"id":991,"href":"https:\/\/themediator.hu\/es\/wp-json\/wp\/v2\/pages\/953\/revisions\/991"}],"wp:featuredmedia":[{"embeddable":true,"href":"https:\/\/themediator.hu\/es\/wp-json\/wp\/v2\/media\/975"}],"wp:attachment":[{"href":"https:\/\/themediator.hu\/es\/wp-json\/wp\/v2\/media?parent=953"}],"curies":[{"name":"wp","href":"https:\/\/api.w.org\/{rel}","templated":true}]}}