{"id":883,"date":"2023-01-11T13:33:30","date_gmt":"2023-01-11T13:33:30","guid":{"rendered":"https:\/\/themediator.hu\/?page_id=883"},"modified":"2023-01-11T13:41:34","modified_gmt":"2023-01-11T13:41:34","slug":"muanyag-froccsontes-szerszamok-es-elemeinek-tervezese-kivitelezese-javitasa","status":"publish","type":"page","link":"https:\/\/themediator.hu\/es\/muanyag-froccsontes-szerszamok-es-elemeinek-tervezese-kivitelezese-javitasa\/","title":{"rendered":"Dise\u00f1o, fabricaci\u00f3n y reparaci\u00f3n de herramientas de inyecci\u00f3n de pl\u00e1stico y sus\nelementos"},"content":{"rendered":"<div data-elementor-type=\"wp-page\" data-elementor-id=\"883\" class=\"elementor elementor-883\" data-elementor-post-type=\"page\">\n\t\t\t\t\t\t<section class=\"elementor-section elementor-top-section elementor-element elementor-element-d0fbb24 elementor-section-boxed elementor-section-height-default elementor-section-height-default\" data-id=\"d0fbb24\" data-element_type=\"section\">\n\t\t\t\t\t\t<div class=\"elementor-container elementor-column-gap-default\">\n\t\t\t\t\t<div class=\"elementor-column elementor-col-100 elementor-top-column elementor-element elementor-element-49cd4a7\" data-id=\"49cd4a7\" data-element_type=\"column\">\n\t\t\t<div class=\"elementor-widget-wrap elementor-element-populated\">\n\t\t\t\t\t\t<div class=\"elementor-element elementor-element-5b6f398 elementor-widget elementor-widget-heading\" data-id=\"5b6f398\" data-element_type=\"widget\" data-widget_type=\"heading.default\">\n\t\t\t\t<div class=\"elementor-widget-container\">\n\t\t\t<h2 class=\"elementor-heading-title elementor-size-default\"><a href=\"https:\/\/themediator.hu\/es\/producto\/muanyag-froccson%E2%80%A6elezese-javitasa\/\">M\u0171anyag fr\u00f6ccs\u00f6nt\u00e9s, szersz\u00e1mok \u00e9s elemeinek, tervez\u00e9se, kivitelez\u00e9se, jav\u00edt\u00e1sa<\/a><\/h2>\t\t<\/div>\n\t\t\t\t<\/div>\n\t\t\t\t<section class=\"elementor-section elementor-inner-section elementor-element elementor-element-f2655df elementor-section-boxed elementor-section-height-default elementor-section-height-default\" data-id=\"f2655df\" data-element_type=\"section\">\n\t\t\t\t\t\t<div class=\"elementor-container elementor-column-gap-default\">\n\t\t\t\t\t<div class=\"elementor-column elementor-col-50 elementor-inner-column elementor-element elementor-element-07e1e51\" data-id=\"07e1e51\" data-element_type=\"column\">\n\t\t\t<div class=\"elementor-widget-wrap elementor-element-populated\">\n\t\t\t\t\t\t<div class=\"elementor-element elementor-element-f82363a elementor-widget elementor-widget-text-editor\" data-id=\"f82363a\" data-element_type=\"widget\" data-widget_type=\"text-editor.default\">\n\t\t\t\t<div class=\"elementor-widget-container\">\n\t\t\t\t\t\t\t<p>\u00a0<\/p><p>\u00c1MBITO DE ACTIVIDAD DE NUESTRO COLABORADOR:<\/p><p>Dise\u00f1o, fabricaci\u00f3n y reparaci\u00f3n de herramientas de inyecci\u00f3n de pl\u00e1stico y sus\nelementos<br \/>Producci\u00f3n de herramientas de corte profundo y sus elementos<br \/>Producci\u00f3n de herramientas y elementos de moldeo de espuma<br \/>Producci\u00f3n de piezas endurecidas de alta precisi\u00f3n<br \/>Dise\u00f1o de productos y herramientas pl\u00e1sticas en cooperaci\u00f3n con nuestros\nclientes<\/p><p><br \/>MAQUINARIA:<\/p><p>M\u00c1QUINA DE ELECTROEROSI\u00d3N POR HILO FANUC ROBOCUT\nALFA- C400IA<\/p><p>Tama\u00f1o de la mesa: 600mm * 1000mm (xy)<\/p><p>Rango de movimiento: 450 mm * 750 mm * 300 mm, XYZ<\/p><p>Peso m\u00e1ximo de la pieza de trabajo: 700 kg<\/p><p>M\u00c1QUINA DE CORTE POR CHISPA DE ALAMBRE FANUC\nROBOCUT ALFA- C400 IB<\/p><p>Tama\u00f1o de la mesa: 700 mm*555 mm<\/p><p>Rango de movimiento: 370 mm * 270 mm * 255 mm (xyz)<\/p><p>Peso m\u00e1ximo de la pieza de trabajo: 500 kg<\/p><p>Tama\u00f1o de la mesa: 700 mm* 555 mm<\/p><p>Asztalm\u00e9ret: 700 mm* 555 mm<\/p><p>Rango de movimiento: 370 mm* 270 mm*255 mm (xyz)<\/p><p>Peso m\u00e1ximo de la pieza de trabajo: 500 kg<\/p><p>M\u00c1QUINA DE CORTE DE CHISPA DE ALAMBRE SODICK ALC 600<\/p><p>Tama\u00f1o de la mesa: 1050 mm* 710 mm (xy)<\/p><p>Rango de movimiento: 600mm * 400mm*350mm (xyz)<\/p><p>Peso m\u00e1ximo de la pieza de trabajo 500 kg<\/p><p>CENTRO DE MECANIZADO:<\/p><p><br \/>CENTRO DE MECANIZADO HURCO VMX 30<\/p><p>Tama\u00f1o de la mesa: 1020 mm* 510 mm (xy)<\/p><p>Rango de movimiento: 760mm * 510 mm * 610 mm (xyz)<\/p><p>Peso m\u00e1ximo de la pieza: 1000 kg<\/p><p>CENTRO DE MECANIZADO HURCO VMX 24<\/p><p>Tama\u00f1o de la mesa: 760 mm* 510 mm (xy)<\/p><p>Rango de movimiento: 610 mm * 510 mm * 610 mm (xyz)<\/p><p>Peso m\u00e1ximo de la pieza: 900 kg<\/p><p>CENTRO DE MECANIZADO HURCO VM10I<\/p><p>Tama\u00f1o de la mesa: 762 mm* 405 mm (xy)<\/p><p>Rango de movimiento: 660 mm * 406 mm * 508 mm (xyz)<\/p><p>Peso m\u00e1ximo de la pieza de trabajo: 1500 kg<\/p><p>M\u00e1quina de corte por chispa de bloques<\/p><p>NASSOVIA OPTIMAT 525 CNC BLOCK SPARK CUTTING MACHINE, M\u00c1QUINA DE EROSI\u00d3N POR CHISPA<\/p><p>Tama\u00f1o de la mesa: 900 mm*600 mm (xy)<\/p><p>Rango de movimiento: 500 mm* 500 mm* 450 mm (xyz)<\/p><p>Peso m\u00e1ximo de la pieza de trabajo: 2000 kg<\/p><p>Peso m\u00e1ximo del electrodo: 500 kg<\/p><p>M\u00c1QUINA DE EROSI\u00d3N POR CHISPA DE BLOQUE NASSOVIA OPTIMAT 515 CNC<\/p><p>Tama\u00f1o de la mesa: 850 mm* 530 mm (xy)<\/p><p>Rango de movimiento: 500 mm* 350 mm* 400 mm (xyz)<\/p><p>Peso m\u00e1ximo de la pieza de trabajo: 2000 kg<\/p><p>Peso m\u00e1ximo del electrodo: 50 kg<\/p><p>\u00a0<\/p><p>RECTIFICADORA PLANA:<\/p><p><br \/>PROTH PSGS 4080 AHR AMOLADORA PLANA<\/p><p>Tama\u00f1o de la mesa: 800mm * 400mm (xy)<\/p><p>Carrera m\u00e1xima: 900 mm * 460 mm (xy)<\/p><p>\u00a0<\/p><p>OTRA MAQUINARIA:<\/p><p>M\u00c1QUINA DE ASERRAR PILOUS ARG 300PLUS<br \/>TORNO CONVENCIONAL E3N<\/p><p>Para m\u00e1s informaci\u00f3n, presupuestos o pedidos, por favor p\u00f3ngase en contacto con\nnosotros!<\/p><p><blockquote class=\"wp-embedded-content\" data-secret=\"1T2rvBilpY\"><a href=\"https:\/\/themediator.hu\/es\/kapcsolat\/\">Contacto<\/a><\/blockquote><iframe class=\"wp-embedded-content\" sandbox=\"allow-scripts\" security=\"restricted\" style=\"position: absolute; clip: rect(1px, 1px, 1px, 1px);\" title=\"&#8220;Kapcsolat&#8221; &#8212; themediator\" src=\"https:\/\/themediator.hu\/kapcsolat\/embed\/#?secret=csJIzrdKQ0#?secret=1T2rvBilpY\" data-secret=\"1T2rvBilpY\" width=\"500\" height=\"282\" frameborder=\"0\" marginwidth=\"0\" marginheight=\"0\" scrolling=\"no\"><\/iframe><\/p>\t\t\t\t\t\t<\/div>\n\t\t\t\t<\/div>\n\t\t\t\t\t<\/div>\n\t\t<\/div>\n\t\t\t\t<div class=\"elementor-column elementor-col-50 elementor-inner-column elementor-element elementor-element-437d8f0\" data-id=\"437d8f0\" data-element_type=\"column\">\n\t\t\t<div class=\"elementor-widget-wrap elementor-element-populated\">\n\t\t\t\t\t\t<div class=\"elementor-element elementor-element-074b4d1 elementor-widget elementor-widget-image\" data-id=\"074b4d1\" data-element_type=\"widget\" data-widget_type=\"image.default\">\n\t\t\t\t<div class=\"elementor-widget-container\">\n\t\t\t\t\t\t\t\t\t\t\t\t\t<img fetchpriority=\"high\" decoding=\"async\" width=\"1024\" height=\"536\" src=\"https:\/\/themediator.hu\/wp-content\/uploads\/2023\/01\/info@themediator.hu-23-1024x536.png\" class=\"attachment-large size-large wp-image-843\" alt=\"\" srcset=\"https:\/\/themediator.hu\/wp-content\/uploads\/2023\/01\/info@themediator.hu-23-1024x536.png 1024w, https:\/\/themediator.hu\/wp-content\/uploads\/2023\/01\/info@themediator.hu-23-300x157.png 300w, https:\/\/themediator.hu\/wp-content\/uploads\/2023\/01\/info@themediator.hu-23-768x402.png 768w, https:\/\/themediator.hu\/wp-content\/uploads\/2023\/01\/info@themediator.hu-23-600x314.png 600w, https:\/\/themediator.hu\/wp-content\/uploads\/2023\/01\/info@themediator.hu-23.png 1200w\" sizes=\"(max-width: 1024px) 100vw, 1024px\" \/>\t\t\t\t\t\t\t\t\t\t\t\t\t<\/div>\n\t\t\t\t<\/div>\n\t\t\t\t\t<\/div>\n\t\t<\/div>\n\t\t\t\t\t<\/div>\n\t\t<\/section>\n\t\t\t\t\t<\/div>\n\t\t<\/div>\n\t\t\t\t\t<\/div>\n\t\t<\/section>\n\t\t\t\t<\/div>","protected":false},"excerpt":{"rendered":"<p>M\u0171anyag fr\u00f6ccs\u00f6nt\u00e9s, szersz\u00e1mok \u00e9s elemeinek, tervez\u00e9se, kivitelez\u00e9se, jav\u00edt\u00e1sa \u00a0 PARTNER\u00dcNK TEV\u00c9KENYS\u00c9GI K\u00d6RE: M\u0171anyagfr\u00f6ccs szersz\u00e1mok \u00e9s elemeinek tervez\u00e9se, gy\u00e1rt\u00e1sa, jav\u00edt\u00e1saKiv\u00e1g\u00f3-m\u00e9lyh\u00faz\u00f3 szersz\u00e1mok, valamint elemeinek gy\u00e1rt\u00e1saHabos\u00edt\u00f3 szersz\u00e1mok \u00e9s elemeik gy\u00e1rt\u00e1saNagy pontoss\u00e1g\u00fa edzett alkatr\u00e9szek gy\u00e1rt\u00e1saMegb\u00edz\u00f3inkkal egy\u00fcttm\u0171k\u00f6dve m\u0171anyag term\u00e9kek \u00e9s szersz\u00e1mok tervez\u00e9se G\u00c9PPARK: FANUC ROBOCUT ALFA- C400IA HUZALSZIKRA FORG\u00c1CSOL\u00d3G\u00c9P Asztalm\u00e9ret: 600mm*1000 mm (xy) Mozg\u00e1startom\u00e1ny: 450 mm*750 mm *300 mm( xyz) &hellip;<\/p>\n<p class=\"read-more\"> <a class=\"\" href=\"https:\/\/themediator.hu\/es\/muanyag-froccsontes-szerszamok-es-elemeinek-tervezese-kivitelezese-javitasa\/\"> <span class=\"screen-reader-text\">Dise\u00f1o, fabricaci\u00f3n y reparaci\u00f3n de herramientas de inyecci\u00f3n de pl\u00e1stico y sus\nelementos<\/span> Leer m\u00e1s &raquo;<\/a><\/p>","protected":false},"author":2,"featured_media":0,"parent":0,"menu_order":0,"comment_status":"closed","ping_status":"closed","template":"","meta":[],"_links":{"self":[{"href":"https:\/\/themediator.hu\/es\/wp-json\/wp\/v2\/pages\/883"}],"collection":[{"href":"https:\/\/themediator.hu\/es\/wp-json\/wp\/v2\/pages"}],"about":[{"href":"https:\/\/themediator.hu\/es\/wp-json\/wp\/v2\/types\/page"}],"author":[{"embeddable":true,"href":"https:\/\/themediator.hu\/es\/wp-json\/wp\/v2\/users\/2"}],"replies":[{"embeddable":true,"href":"https:\/\/themediator.hu\/es\/wp-json\/wp\/v2\/comments?post=883"}],"version-history":[{"count":6,"href":"https:\/\/themediator.hu\/es\/wp-json\/wp\/v2\/pages\/883\/revisions"}],"predecessor-version":[{"id":890,"href":"https:\/\/themediator.hu\/es\/wp-json\/wp\/v2\/pages\/883\/revisions\/890"}],"wp:attachment":[{"href":"https:\/\/themediator.hu\/es\/wp-json\/wp\/v2\/media?parent=883"}],"curies":[{"name":"wp","href":"https:\/\/api.w.org\/{rel}","templated":true}]}}