{"id":50,"date":"2020-05-03T15:14:00","date_gmt":"2020-05-03T15:14:00","guid":{"rendered":"https:\/\/themediator.hu\/?page_id=50"},"modified":"2022-10-25T12:33:35","modified_gmt":"2022-10-25T12:33:35","slug":"gyakori-kerdesek","status":"publish","type":"page","link":"https:\/\/themediator.hu\/es\/gyakori-kerdesek\/","title":{"rendered":"Preguntas frecuentes"},"content":{"rendered":"<div data-elementor-type=\"wp-page\" data-elementor-id=\"50\" class=\"elementor elementor-50\" data-elementor-post-type=\"page\">\n\t\t\t\t\t\t<section class=\"elementor-section elementor-top-section elementor-element elementor-element-5e6ee568 elementor-section-boxed elementor-section-height-default elementor-section-height-default\" data-id=\"5e6ee568\" data-element_type=\"section\" data-settings=\"{&quot;background_background&quot;:&quot;classic&quot;}\">\n\t\t\t\t\t\t\t<div class=\"elementor-background-overlay\"><\/div>\n\t\t\t\t\t\t\t<div class=\"elementor-container elementor-column-gap-default\">\n\t\t\t\t\t<div class=\"elementor-column elementor-col-100 elementor-top-column elementor-element elementor-element-4e61d710\" data-id=\"4e61d710\" data-element_type=\"column\">\n\t\t\t<div class=\"elementor-widget-wrap elementor-element-populated\">\n\t\t\t\t\t\t<div class=\"elementor-element elementor-element-4932e3a2 elementor-widget elementor-widget-heading\" data-id=\"4932e3a2\" data-element_type=\"widget\" data-widget_type=\"heading.default\">\n\t\t\t\t<div class=\"elementor-widget-container\">\n\t\t\t<h1 class=\"elementor-heading-title elementor-size-default\">Preg\u00fantenos cualquier cosa<\/h1>\t\t<\/div>\n\t\t\t\t<\/div>\n\t\t\t\t\t<\/div>\n\t\t<\/div>\n\t\t\t\t\t<\/div>\n\t\t<\/section>\n\t\t\t\t<section class=\"elementor-section elementor-top-section elementor-element elementor-element-7330cd10 elementor-section-boxed elementor-section-height-default elementor-section-height-default\" data-id=\"7330cd10\" data-element_type=\"section\" data-settings=\"{&quot;background_background&quot;:&quot;classic&quot;}\">\n\t\t\t\t\t\t\t<div class=\"elementor-background-overlay\"><\/div>\n\t\t\t\t\t\t\t<div class=\"elementor-container elementor-column-gap-default\">\n\t\t\t\t\t<div class=\"elementor-column elementor-col-50 elementor-top-column elementor-element elementor-element-72ddb62d\" data-id=\"72ddb62d\" data-element_type=\"column\">\n\t\t\t<div class=\"elementor-widget-wrap elementor-element-populated\">\n\t\t\t\t\t\t<div class=\"elementor-element elementor-element-6c69cb9e elementor-widget-mobile__width-initial elementor-widget-divider--view-line elementor-widget elementor-widget-divider\" data-id=\"6c69cb9e\" data-element_type=\"widget\" data-widget_type=\"divider.default\">\n\t\t\t\t<div class=\"elementor-widget-container\">\n\t\t\t\t\t<div class=\"elementor-divider\">\n\t\t\t<span class=\"elementor-divider-separator\">\n\t\t\t\t\t\t<\/span>\n\t\t<\/div>\n\t\t\t\t<\/div>\n\t\t\t\t<\/div>\n\t\t\t\t<div class=\"elementor-element elementor-element-40e74737 elementor-widget elementor-widget-heading\" data-id=\"40e74737\" data-element_type=\"widget\" data-widget_type=\"heading.default\">\n\t\t\t\t<div class=\"elementor-widget-container\">\n\t\t\t<h3 class=\"elementor-heading-title elementor-size-default\">Preguntas sobre nosotros<\/h3>\t\t<\/div>\n\t\t\t\t<\/div>\n\t\t\t\t\t<\/div>\n\t\t<\/div>\n\t\t\t\t<div class=\"elementor-column elementor-col-50 elementor-top-column elementor-element elementor-element-609419d\" data-id=\"609419d\" data-element_type=\"column\">\n\t\t\t<div class=\"elementor-widget-wrap elementor-element-populated\">\n\t\t\t\t\t\t<div class=\"elementor-element elementor-element-26651507 elementor-widget-divider--view-line elementor-widget elementor-widget-divider\" data-id=\"26651507\" data-element_type=\"widget\" data-widget_type=\"divider.default\">\n\t\t\t\t<div class=\"elementor-widget-container\">\n\t\t\t\t\t<div class=\"elementor-divider\">\n\t\t\t<span class=\"elementor-divider-separator\">\n\t\t\t\t\t\t<\/span>\n\t\t<\/div>\n\t\t\t\t<\/div>\n\t\t\t\t<\/div>\n\t\t\t\t<div class=\"elementor-element elementor-element-45e6f18b elementor-widget elementor-widget-toggle\" data-id=\"45e6f18b\" data-element_type=\"widget\" data-widget_type=\"toggle.default\">\n\t\t\t\t<div class=\"elementor-widget-container\">\n\t\t\t\t\t<div class=\"elementor-toggle\">\n\t\t\t\t\t\t\t<div class=\"elementor-toggle-item\">\n\t\t\t\t\t<div id=\"elementor-tab-title-1171\" class=\"elementor-tab-title\" data-tab=\"1\" role=\"button\" aria-controls=\"elementor-tab-content-1171\" aria-expanded=\"false\">\n\t\t\t\t\t\t\t\t\t\t\t\t<span class=\"elementor-toggle-icon elementor-toggle-icon-right\" aria-hidden=\"true\">\n\t\t\t\t\t\t\t\t\t\t\t\t\t\t\t<span class=\"elementor-toggle-icon-closed\"><i class=\"far fa-plus-square\"><\/i><\/span>\n\t\t\t\t\t\t\t\t<span class=\"elementor-toggle-icon-opened\"><i class=\"elementor-toggle-icon-opened far fa-minus-square\"><\/i><\/span>\n\t\t\t\t\t\t\t\t\t\t\t\t\t<\/span>\n\t\t\t\t\t\t\t\t\t\t\t\t<a class=\"elementor-toggle-title\" tabindex=\"0\">\u00bfPor qu\u00e9 se cre\u00f3 esta p\u00e1gina?<\/a>\n\t\t\t\t\t<\/div>\n\n\t\t\t\t\t<div id=\"elementor-tab-content-1171\" class=\"elementor-tab-content elementor-clearfix\" data-tab=\"1\" role=\"region\" aria-labelledby=\"elementor-tab-title-1171\"><p>K\u00e9zenfekv\u0151 a v\u00e1lasz, hiszen minden egy helyen megtal\u00e1lhat\u00f3 a themediator.hu oldal\u00e1n. Nem kell kutatni v\u00e9gel\u00e1thetatlan oldalakon kereszt\u00fcl. Ez egy megb\u00edzhat\u00f3, k\u00f6nnyen kezelhet\u0151 fel\u00fclet, melyel \u00edgy id\u0151t sp\u00f3rol meg az ember. Manaps\u00e1g pedig mi az egyik legnagyobb \u00e9rt\u00e9k, ha nem az id\u0151?!<\/p><p>Sok szolg\u00e1ltat\u00f3val \u00e1llunk kapcsolatban, de f\u0151 c\u00e9lunk, hogy a legmegb\u00edzhat\u00f3bbak legyenek megtal\u00e1lhat\u00f3ak az oldalunkon. Rem\u00e9lj\u00fck r\u00e1szolg\u00e1lunk bizalmukra!\u00a0<\/p><\/div>\n\t\t\t\t<\/div>\n\t\t\t\t\t\t\t\t<\/div>\n\t\t\t\t<\/div>\n\t\t\t\t<\/div>\n\t\t\t\t<div class=\"elementor-element elementor-element-71b9f247 elementor-widget-divider--view-line elementor-widget elementor-widget-divider\" data-id=\"71b9f247\" data-element_type=\"widget\" data-widget_type=\"divider.default\">\n\t\t\t\t<div class=\"elementor-widget-container\">\n\t\t\t\t\t<div class=\"elementor-divider\">\n\t\t\t<span class=\"elementor-divider-separator\">\n\t\t\t\t\t\t<\/span>\n\t\t<\/div>\n\t\t\t\t<\/div>\n\t\t\t\t<\/div>\n\t\t\t\t<div class=\"elementor-element elementor-element-37019989 elementor-widget elementor-widget-toggle\" data-id=\"37019989\" data-element_type=\"widget\" data-widget_type=\"toggle.default\">\n\t\t\t\t<div class=\"elementor-widget-container\">\n\t\t\t\t\t<div class=\"elementor-toggle\">\n\t\t\t\t\t\t\t<div class=\"elementor-toggle-item\">\n\t\t\t\t\t<div id=\"elementor-tab-title-9221\" class=\"elementor-tab-title\" data-tab=\"1\" role=\"button\" aria-controls=\"elementor-tab-content-9221\" aria-expanded=\"false\">\n\t\t\t\t\t\t\t\t\t\t\t\t<span class=\"elementor-toggle-icon elementor-toggle-icon-right\" aria-hidden=\"true\">\n\t\t\t\t\t\t\t\t\t\t\t\t\t\t\t<span class=\"elementor-toggle-icon-closed\"><i class=\"far fa-plus-square\"><\/i><\/span>\n\t\t\t\t\t\t\t\t<span class=\"elementor-toggle-icon-opened\"><i class=\"elementor-toggle-icon-opened far fa-minus-square\"><\/i><\/span>\n\t\t\t\t\t\t\t\t\t\t\t\t\t<\/span>\n\t\t\t\t\t\t\t\t\t\t\t\t<a class=\"elementor-toggle-title\" tabindex=\"0\">\u00bfC\u00f3mo obtener una cotizaci\u00f3n a trav\u00e9s de la web?<\/a>\n\t\t\t\t\t<\/div>\n\n\t\t\t\t\t<div id=\"elementor-tab-content-9221\" class=\"elementor-tab-content elementor-clearfix\" data-tab=\"1\" role=\"region\" aria-labelledby=\"elementor-tab-title-9221\"><p>Mi sem egyszer\u0171bb, mint a Kapcsolat f\u00fclre menni \u00e9s ott \u00fczenetben le\u00edrni, hogy milyen szolg\u00e1ltat\u00e1s \u00e9rdekeln\u00e9 \u00d6nt, tov\u00e1bb\u00e1 k\u00e9rn\u00e9nk, ha sz\u00fcks\u00e9ges, az adott t\u00e9ma param\u00e9tereit is felt\u00fcntetni. Hogy tudjuk tartani a kapcsolatot k\u00e9rn\u00e9nk, hogy az \u00dczenet rublik\u00e1n k\u00edv\u00fcl a N\u00e9v \u00e9s Email c\u00edm mez\u0151t is t\u00f6ltse ki pontosan. Ha ez megvan m\u00e1r csak a k\u00fcld\u00e9s gombra kell kattintani \u00e9s k\u00e9rd\u00e9se m\u00e1r meg is \u00e9rkezett a megfelel\u0151 helyre.\u00a0\u00a0<\/p><\/div>\n\t\t\t\t<\/div>\n\t\t\t\t\t\t\t\t<\/div>\n\t\t\t\t<\/div>\n\t\t\t\t<\/div>\n\t\t\t\t<div class=\"elementor-element elementor-element-3371716b elementor-widget-divider--view-line elementor-widget elementor-widget-divider\" data-id=\"3371716b\" data-element_type=\"widget\" data-widget_type=\"divider.default\">\n\t\t\t\t<div class=\"elementor-widget-container\">\n\t\t\t\t\t<div class=\"elementor-divider\">\n\t\t\t<span class=\"elementor-divider-separator\">\n\t\t\t\t\t\t<\/span>\n\t\t<\/div>\n\t\t\t\t<\/div>\n\t\t\t\t<\/div>\n\t\t\t\t<div class=\"elementor-element elementor-element-39df88e9 elementor-widget elementor-widget-toggle\" data-id=\"39df88e9\" data-element_type=\"widget\" data-widget_type=\"toggle.default\">\n\t\t\t\t<div class=\"elementor-widget-container\">\n\t\t\t\t\t<div class=\"elementor-toggle\">\n\t\t\t\t\t\t\t<div class=\"elementor-toggle-item\">\n\t\t\t\t\t<div id=\"elementor-tab-title-9701\" class=\"elementor-tab-title\" data-tab=\"1\" role=\"button\" aria-controls=\"elementor-tab-content-9701\" aria-expanded=\"false\">\n\t\t\t\t\t\t\t\t\t\t\t\t<span class=\"elementor-toggle-icon elementor-toggle-icon-right\" aria-hidden=\"true\">\n\t\t\t\t\t\t\t\t\t\t\t\t\t\t\t<span class=\"elementor-toggle-icon-closed\"><i class=\"far fa-plus-square\"><\/i><\/span>\n\t\t\t\t\t\t\t\t<span class=\"elementor-toggle-icon-opened\"><i class=\"elementor-toggle-icon-opened far fa-minus-square\"><\/i><\/span>\n\t\t\t\t\t\t\t\t\t\t\t\t\t<\/span>\n\t\t\t\t\t\t\t\t\t\t\t\t<a class=\"elementor-toggle-title\" tabindex=\"0\">\u00bfC\u00f3mo solicitar el servicio espec\u00edfico?<\/a>\n\t\t\t\t\t<\/div>\n\n\t\t\t\t\t<div id=\"elementor-tab-content-9701\" class=\"elementor-tab-content elementor-clearfix\" data-tab=\"1\" role=\"region\" aria-labelledby=\"elementor-tab-title-9701\"><p>A kor\u00e1bban k\u00e9rt \u00e1raj\u00e1nlat emailen (<a href=\"mailto:info@themediator.hu\" target=\"_blank\" rel=\"noopener\">Email: info.es@themediator.hu<\/a>) fog \u00e9rkezni \u00d6nh\u00f6z, melyre \u00d6n elfogad\u00e1s eset\u00e9n v\u00e1lasz\u00fczenetet k\u00fcld. Ezt k\u00f6vet\u0151en az aj\u00e1nlatnak megfelel\u0151 szerz\u0151d\u00e9st megk\u00fcldi az \u00d6n r\u00e9sz\u00e9re a <a href=\"http:\/\/themediator.hu\/es\/\" target=\"_blank\" rel=\"noopener\" data-saferedirecturl=\"https:\/\/www.google.com\/url?q=http:\/\/themediator.hu&amp;source=gmail&amp;ust=1666784801799000&amp;usg=AOvVaw0YU5ntJVfN_1X02H2wfTcO\">themediator.hu<\/a>, melyet k\u00f6lcs\u00f6n\u00f6sen al\u00e1\u00edrnak, \u00e9s a benne foglaltak szerint t\u00f6rt\u00e9nik a term\u00e9k\/szolg\u00e1ltat\u00e1s gy\u00e1rt\u00e1sa \u00e9s sz\u00e1ll\u00edt\u00e1sa, illetve a szolg\u00e1ltat\u00e1s ny\u00fajt\u00e1sa.<\/p><\/div>\n\t\t\t\t<\/div>\n\t\t\t\t\t\t\t\t<\/div>\n\t\t\t\t<\/div>\n\t\t\t\t<\/div>\n\t\t\t\t<div class=\"elementor-element elementor-element-45f6ca elementor-widget-divider--view-line elementor-widget elementor-widget-divider\" data-id=\"45f6ca\" data-element_type=\"widget\" data-widget_type=\"divider.default\">\n\t\t\t\t<div class=\"elementor-widget-container\">\n\t\t\t\t\t<div class=\"elementor-divider\">\n\t\t\t<span class=\"elementor-divider-separator\">\n\t\t\t\t\t\t<\/span>\n\t\t<\/div>\n\t\t\t\t<\/div>\n\t\t\t\t<\/div>\n\t\t\t\t\t<\/div>\n\t\t<\/div>\n\t\t\t\t\t<\/div>\n\t\t<\/section>\n\t\t\t\t<section class=\"elementor-section elementor-top-section elementor-element elementor-element-6724fe63 elementor-section-boxed elementor-section-height-default elementor-section-height-default\" data-id=\"6724fe63\" data-element_type=\"section\" data-settings=\"{&quot;background_background&quot;:&quot;classic&quot;,&quot;shape_divider_bottom&quot;:&quot;waves&quot;}\">\n\t\t\t\t\t\t\t<div class=\"elementor-background-overlay\"><\/div>\n\t\t\t\t\t\t<div class=\"elementor-shape elementor-shape-bottom\" data-negative=\"false\">\n\t\t\t<svg xmlns=\"http:\/\/www.w3.org\/2000\/svg\" viewbox=\"0 0 1000 100\" preserveaspectratio=\"none\">\n\t<path class=\"elementor-shape-fill\" d=\"M421.9,6.5c22.6-2.5,51.5,0.4,75.5,5.3c23.6,4.9,70.9,23.5,100.5,35.7c75.8,32.2,133.7,44.5,192.6,49.7\tc23.6,2.1,48.7,3.5,103.4-2.5c54.7-6,106.2-25.6,106.2-25.6V0H0v30.3c0,0,72,32.6,158.4,30.5c39.2-0.7,92.8-6.7,134-22.4\tc21.2-8.1,52.2-18.2,79.7-24.2C399.3,7.9,411.6,7.5,421.9,6.5z\"\/>\n<\/svg>\t\t<\/div>\n\t\t\t\t\t<div class=\"elementor-container elementor-column-gap-default\">\n\t\t\t\t\t<div class=\"elementor-column elementor-col-50 elementor-top-column elementor-element elementor-element-12b3d18b\" data-id=\"12b3d18b\" data-element_type=\"column\">\n\t\t\t<div class=\"elementor-widget-wrap elementor-element-populated\">\n\t\t\t\t\t\t<div class=\"elementor-element elementor-element-de68163 elementor-widget-mobile__width-initial elementor-widget-divider--view-line elementor-widget elementor-widget-divider\" data-id=\"de68163\" data-element_type=\"widget\" data-widget_type=\"divider.default\">\n\t\t\t\t<div class=\"elementor-widget-container\">\n\t\t\t\t\t<div class=\"elementor-divider\">\n\t\t\t<span class=\"elementor-divider-separator\">\n\t\t\t\t\t\t<\/span>\n\t\t<\/div>\n\t\t\t\t<\/div>\n\t\t\t\t<\/div>\n\t\t\t\t<div class=\"elementor-element elementor-element-2321e6ae elementor-widget elementor-widget-heading\" data-id=\"2321e6ae\" data-element_type=\"widget\" data-widget_type=\"heading.default\">\n\t\t\t\t<div class=\"elementor-widget-container\">\n\t\t\t<h3 class=\"elementor-heading-title elementor-size-default\">Pago<\/h3>\t\t<\/div>\n\t\t\t\t<\/div>\n\t\t\t\t\t<\/div>\n\t\t<\/div>\n\t\t\t\t<div class=\"elementor-column elementor-col-50 elementor-top-column elementor-element elementor-element-7a803f8d\" data-id=\"7a803f8d\" data-element_type=\"column\">\n\t\t\t<div class=\"elementor-widget-wrap elementor-element-populated\">\n\t\t\t\t\t\t<div class=\"elementor-element elementor-element-62605778 elementor-widget-divider--view-line elementor-widget elementor-widget-divider\" data-id=\"62605778\" data-element_type=\"widget\" data-widget_type=\"divider.default\">\n\t\t\t\t<div class=\"elementor-widget-container\">\n\t\t\t\t\t<div class=\"elementor-divider\">\n\t\t\t<span class=\"elementor-divider-separator\">\n\t\t\t\t\t\t<\/span>\n\t\t<\/div>\n\t\t\t\t<\/div>\n\t\t\t\t<\/div>\n\t\t\t\t<div class=\"elementor-element elementor-element-2ba81254 elementor-widget elementor-widget-toggle\" data-id=\"2ba81254\" data-element_type=\"widget\" data-widget_type=\"toggle.default\">\n\t\t\t\t<div class=\"elementor-widget-container\">\n\t\t\t\t\t<div class=\"elementor-toggle\">\n\t\t\t\t\t\t\t<div class=\"elementor-toggle-item\">\n\t\t\t\t\t<div id=\"elementor-tab-title-7321\" class=\"elementor-tab-title\" data-tab=\"1\" role=\"button\" aria-controls=\"elementor-tab-content-7321\" aria-expanded=\"false\">\n\t\t\t\t\t\t\t\t\t\t\t\t<span class=\"elementor-toggle-icon elementor-toggle-icon-right\" aria-hidden=\"true\">\n\t\t\t\t\t\t\t\t\t\t\t\t\t\t\t<span class=\"elementor-toggle-icon-closed\"><i class=\"far fa-plus-square\"><\/i><\/span>\n\t\t\t\t\t\t\t\t<span class=\"elementor-toggle-icon-opened\"><i class=\"elementor-toggle-icon-opened far fa-minus-square\"><\/i><\/span>\n\t\t\t\t\t\t\t\t\t\t\t\t\t<\/span>\n\t\t\t\t\t\t\t\t\t\t\t\t<a class=\"elementor-toggle-title\" tabindex=\"0\">Condiciones de pago<\/a>\n\t\t\t\t\t<\/div>\n\n\t\t\t\t\t<div id=\"elementor-tab-content-7321\" class=\"elementor-tab-content elementor-clearfix\" data-tab=\"1\" role=\"region\" aria-labelledby=\"elementor-tab-title-7321\"><p style=\"font-weight: 400;\">A fizet\u00e9si felt\u00e9telek teljes m\u00e9rt\u00e9kben mindk\u00e9t f\u00e9l \u00e1ltal al\u00e1\u00edrt szerz\u0151d\u00e9sben r\u00f6gz\u00edtett felt\u00e9telek szerint t\u00f6rt\u00e9nik.<\/p><p style=\"font-weight: 400;\">A sz\u00e1mla forintban ker\u00fcl ki\u00e1ll\u00edt\u00e1sra.<\/p><p style=\"font-weight: 400;\">Az esetleges k\u00e9s\u0151bbi k\u00fcl\u00f6n ig\u00e9nyek, megrendel\u00e9sek k\u00fcl\u00f6n szerz\u0151d\u00e9sk\u00f6t\u00e9st k\u00f6vet\u0151en ker\u00fclnek kisz\u00e1ml\u00e1z\u00e1sra.<\/p><p style=\"font-weight: 400;\">A szerz\u0151d\u00f6tt \u00f6sszeg a\u00a0<a href=\"http:\/\/themediator.hu\/es\/\" data-saferedirecturl=\"https:\/\/www.google.com\/url?q=http:\/\/themediator.hu&amp;source=gmail&amp;ust=1666775857905000&amp;usg=AOvVaw15NvGncFt7J1YTlcUslBhi\">themediator.hu<\/a>\u00a0forint banksz\u00e1ml\u00e1j\u00e1ra ker\u00fcl \u00e1tutal\u00e1sra.<\/p><p style=\"font-weight: 400;\">Amennyiben a megrendel\u0151 vitatja a kisz\u00e1ml\u00e1zott szolg\u00e1ltat\u00e1st a sz\u00e1mla k\u00e9zhezv\u00e9tel\u00e9t\u0151l sz\u00e1m\u00edtott 8 napon bel\u00fcl k\u00e9rheti a sz\u00e1ml\u00e1z\u00e1s fel\u00fclvizsg\u00e1lat\u00e1t. Ezt a kivitelez\u0151 a k\u00e9zhezv\u00e9telt\u0151l sz\u00e1m\u00edtott 8 napon bel\u00fcl k\u00f6teles megv\u00e1laszolni.<\/p><p style=\"font-weight: 400;\">A sz\u00e1mlafizet\u00e9s adott hat\u00e1rid\u0151ig t\u00f6rt\u00e9nik, melyben a felek meg\u00e1llapodtak a szerz\u0151d\u00e9sk\u00f6t\u00e9skor, illetve a megrendel\u00e9skor visszaigazol\u00e1sra ker\u00fclt. Fizet\u00e9si napnak tekintj\u00fck az adott napot, amikor az \u00e1tutalt \u00f6sszeg a banksz\u00e1ml\u00e1ra \u00e9rkezett.<\/p><p style=\"font-weight: 400;\">Fizet\u00e9si k\u00e9sedelem eset\u00e9ben a Megrendel\u0151, a Kivitelez\u0151 fenn\u00e1ll\u00f3 k\u00f6vetel\u00e9seib\u0151l ered\u0151en, a hat\u00e1lyos jogszab\u00e1lyban meghat\u00e1rozott t\u00f6rv\u00e9nyes k\u00e9sedelmi kamatokat k\u00f6teles fizetni. A k\u00e9sedelmi kamatokat a megrendel\u0151 15 napos fizet\u00e9si hat\u00e1rid\u0151vel k\u00f6teles megfizetni.<\/p><p style=\"font-weight: 400;\">K\u00e9sedelmes fizet\u00e9s eset\u00e9n a kivitelez\u0151 jogosult felsz\u00e1m\u00edtani minden fizet\u00e9si fegyelmeztet\u00e9s d\u00edj\u00e1t 2500 HUF\/alkalom m\u00e9rt\u00e9kben.<\/p><p style=\"font-weight: 400;\">K\u00e9sedelmes fizet\u00e9s eset\u00e9n a kivitelez\u0151 a k\u00e9sedelmes befizet\u00e9sekn\u00e9l el\u0151sz\u00f6r a k\u00e9sedelmi kamatokat \u00e9s a figyelmeztet\u00e9sek d\u00edj\u00e1t sz\u00e1molja el, majd ezt k\u00f6vet\u0151en az egy\u00e9b megfizetett t\u00e9teleket.<\/p><p style=\"font-weight: 400;\">A Megrendel\u0151 nem utas\u00edthatja vissza a sz\u00e1ml\u00e1t, amennyiben nincs hivatkoz\u00e1sa a szerz\u0151d\u00e9s teljes\u00edt\u00e9s\u00e9nek megfelel\u0151 pontj\u00e1ra.<\/p><\/div>\n\t\t\t\t<\/div>\n\t\t\t\t\t\t\t\t<\/div>\n\t\t\t\t<\/div>\n\t\t\t\t<\/div>\n\t\t\t\t<div class=\"elementor-element elementor-element-5892bf99 elementor-widget-divider--view-line elementor-widget elementor-widget-divider\" data-id=\"5892bf99\" data-element_type=\"widget\" data-widget_type=\"divider.default\">\n\t\t\t\t<div class=\"elementor-widget-container\">\n\t\t\t\t\t<div class=\"elementor-divider\">\n\t\t\t<span class=\"elementor-divider-separator\">\n\t\t\t\t\t\t<\/span>\n\t\t<\/div>\n\t\t\t\t<\/div>\n\t\t\t\t<\/div>\n\t\t\t\t\t<\/div>\n\t\t<\/div>\n\t\t\t\t\t<\/div>\n\t\t<\/section>\n\t\t\t\t<\/div>","protected":false},"excerpt":{"rendered":"<p>K\u00e9rdezz t\u0151l\u00fcnk b\u00e1rmit Vel\u00fcnk kapcsolatos k\u00e9rd\u00e9sek Mi\u00e9rt is j\u00f6tt l\u00e9tre ez az oldal? K\u00e9zenfekv\u0151 a v\u00e1lasz, hiszen minden egy helyen megtal\u00e1lhat\u00f3 a themediator.hu oldal\u00e1n. Nem kell kutatni v\u00e9gel\u00e1thetatlan oldalakon kereszt\u00fcl. Ez egy megb\u00edzhat\u00f3, k\u00f6nnyen kezelhet\u0151 fel\u00fclet, melyel \u00edgy id\u0151t sp\u00f3rol meg az ember. Manaps\u00e1g pedig mi az egyik legnagyobb \u00e9rt\u00e9k, ha nem az id\u0151?! Sok &hellip;<\/p>\n<p class=\"read-more\"> <a class=\"\" href=\"https:\/\/themediator.hu\/es\/gyakori-kerdesek\/\"> <span class=\"screen-reader-text\">Preguntas frecuentes<\/span> Leer m\u00e1s &raquo;<\/a><\/p>","protected":false},"author":1,"featured_media":0,"parent":0,"menu_order":0,"comment_status":"closed","ping_status":"closed","template":"elementor_header_footer","meta":[],"_links":{"self":[{"href":"https:\/\/themediator.hu\/es\/wp-json\/wp\/v2\/pages\/50"}],"collection":[{"href":"https:\/\/themediator.hu\/es\/wp-json\/wp\/v2\/pages"}],"about":[{"href":"https:\/\/themediator.hu\/es\/wp-json\/wp\/v2\/types\/page"}],"author":[{"embeddable":true,"href":"https:\/\/themediator.hu\/es\/wp-json\/wp\/v2\/users\/1"}],"replies":[{"embeddable":true,"href":"https:\/\/themediator.hu\/es\/wp-json\/wp\/v2\/comments?post=50"}],"version-history":[{"count":18,"href":"https:\/\/themediator.hu\/es\/wp-json\/wp\/v2\/pages\/50\/revisions"}],"predecessor-version":[{"id":342,"href":"https:\/\/themediator.hu\/es\/wp-json\/wp\/v2\/pages\/50\/revisions\/342"}],"wp:attachment":[{"href":"https:\/\/themediator.hu\/es\/wp-json\/wp\/v2\/media?parent=50"}],"curies":[{"name":"wp","href":"https:\/\/api.w.org\/{rel}","templated":true}]}}