{"id":383,"date":"2022-11-04T10:01:40","date_gmt":"2022-11-04T10:01:40","guid":{"rendered":"https:\/\/themediator.hu\/?page_id=383"},"modified":"2023-01-11T10:13:48","modified_gmt":"2023-01-11T10:13:48","slug":"ipari-klimatizalas-hutes-futes","status":"publish","type":"page","link":"https:\/\/themediator.hu\/es\/ipari-klimatizalas-hutes-futes\/","title":{"rendered":"Ipari klimatiz\u00e1l\u00e1s\/ h\u0171t\u00e9s- f\u0171t\u00e9s"},"content":{"rendered":"<div data-elementor-type=\"wp-page\" data-elementor-id=\"383\" class=\"elementor elementor-383\" data-elementor-post-type=\"page\">\n\t\t\t\t\t\t<section class=\"elementor-section elementor-top-section elementor-element elementor-element-ff93c29 elementor-section-boxed elementor-section-height-default elementor-section-height-default\" data-id=\"ff93c29\" data-element_type=\"section\">\n\t\t\t\t\t\t<div class=\"elementor-container elementor-column-gap-default\">\n\t\t\t\t\t<div class=\"elementor-column elementor-col-100 elementor-top-column elementor-element elementor-element-f5faec6\" data-id=\"f5faec6\" data-element_type=\"column\">\n\t\t\t<div class=\"elementor-widget-wrap elementor-element-populated\">\n\t\t\t\t\t\t<section class=\"elementor-section elementor-inner-section elementor-element elementor-element-6ea9d43 elementor-section-boxed elementor-section-height-default elementor-section-height-default\" data-id=\"6ea9d43\" data-element_type=\"section\">\n\t\t\t\t\t\t<div class=\"elementor-container elementor-column-gap-default\">\n\t\t\t\t\t<div class=\"elementor-column elementor-col-50 elementor-inner-column elementor-element elementor-element-812f27c\" data-id=\"812f27c\" data-element_type=\"column\">\n\t\t\t<div class=\"elementor-widget-wrap elementor-element-populated\">\n\t\t\t\t\t\t<div class=\"elementor-element elementor-element-82f7c24 elementor-widget elementor-widget-text-editor\" data-id=\"82f7c24\" data-element_type=\"widget\" data-widget_type=\"text-editor.default\">\n\t\t\t\t<div class=\"elementor-widget-container\">\n\t\t\t\t\t\t\t<div class=\"elementor-element elementor-element-213a57d2 elementor-widget elementor-widget-woocommerce-product-title elementor-page-title elementor-widget-heading\" data-id=\"213a57d2\" data-element_type=\"widget\" data-widget_type=\"woocommerce-product-title.default\">\n<div class=\"elementor-widget-container\">\n<h1 class=\"product_title entry-title elementor-heading-title elementor-size-default\">Aire acondicionado industrial, refrigeraci\u00f3n, calefacci\u00f3n al m\u00e1s alto nivel<\/h1>\n<p><em style=\"font-size: 16px;\">Informaci\u00f3n y solicitud de presupuesto:&nbsp;<\/em><a href=\"https:\/\/themediator.hu\/es\/kapcsolat\/\" target=\"_blank\" style=\"font-size: 16px; background-color: rgb(255, 255, 255);\">Email: info.es@themediator.hu<\/a><\/p>\n<\/div>\n<\/div>\n<div class=\"elementor-element elementor-element-7b37cb3 elementor-widget elementor-widget-woocommerce-product-short-description\" data-id=\"7b37cb3\" data-element_type=\"widget\" data-widget_type=\"woocommerce-product-short-description.default\">\n<div class=\"elementor-widget-container\">\n<div class=\"woocommerce-product-details__short-description\">\n<p>Nuestro socio pone gran \u00e9nfasis en los sistemas de refrigeraci\u00f3n y calefacci\u00f3n por aire. En 1995, comenzaron a alquilar sistemas de aire acondicionado m\u00f3viles para edificios m\u00e1s grandes.<\/p>\n<h4>La empresa es ahora un sistema empresarial din\u00e1mico y de r\u00e1pido desarrollo con varios representantes en Europa Central y Oriental.<\/h4>\n<p>Con su amplia gama de gesti\u00f3n integral del microclima en espacios cerrados, se han convertido en l\u00edderes del mercado en la regi\u00f3n de Europa Central y Sudoriental.<\/p>\n<p>Su objetivo es dar a conocer y convencer al p\u00fablico empresarial sobre las ventajas econ\u00f3micas de las construcciones de alquiler en el campo de la tecnolog\u00eda de climatizaci\u00f3n, y al mismo tiempo quieren dar continuidad a la actividad de gesti\u00f3n integral del aire en el \u00e1mbito empresarial de la regi\u00f3n. .<\/p>\n<p>Los sistemas de ventilaci\u00f3n y enfriamiento de aire m\u00f3viles introducen aire fresco, enfriado, purificado y deshumidificado en la habitaci\u00f3n, que desciende a las capas inferiores, refresca a los trabajadores y luego eleva el aire caliente usado a las capas superiores y lo empuja fuera de la habitaci\u00f3n.<\/p>\n<h4><strong>Operaci\u00f3n del sistema:<\/strong><\/h4>\n<p>La base de sus sistemas son unidades frigor\u00edficas de diferentes capacidades, cuya potencia frigor\u00edfica va desde los 20 hasta los 35,2 kW. Adem\u00e1s, son decisivos los canales de PVC perforados de 500 mm de di\u00e1metro, que aportan 6.000 m3\/h de aire fresco y refrigerado a la estancia.<\/p>\n<p>Las unidades se colocan en el exterior del edificio o en la azotea y se conectan a la red el\u00e9ctrica de acuerdo con la normativa. Se encienden y apagan fuera de la habitaci\u00f3n (por unidad) o dentro de la habitaci\u00f3n. Pasamos una manguera flexible desde las unidades individuales hasta el panel de suministro, a trav\u00e9s de la pared. El panel de entrada se coloca aproximadamente desde la superficie de paso. Se coloca 3-4 metros en l\u00ednea recta, por debajo del nivel de las luminarias. La unidad de refrigeraci\u00f3n suele aspirar aire fresco al 100 % del exterior, que filtra aprox. Enfr\u00eda hasta 13\u00b0C y deshumidifica. El aire fresco tratado entra en la habitaci\u00f3n a trav\u00e9s de los conductos,<br>donde desciende debido a su peso. La salida de calor de las personas y los equipos en el \u00e1rea del aire fresco tratado act\u00faa como una fuerza de flotaci\u00f3n para el aire caliente, por lo que se forma una columna de calor sobre cada fuente de calor, que atraviesa el aire fr\u00edo y se eleva hacia el aire. El ascenso del aire provocado por las fuentes de calor provoca el descenso del aire fr\u00edo. Esto crea un proceso permanente de calor y evaporaci\u00f3n a niveles m\u00e1s altos y al exterior.<\/p>\n<p>Esto crea una condici\u00f3n extremadamente estable en la habitaci\u00f3n con una ligera sobrepresi\u00f3n, sin corrientes de aire, con una gran diferencia de temperatura entre los lugares altos y bajos, mientras que en las superficies de trabajo se forma un \u00e1rea estable de aire fresco y tratado t\u00e9rmicamente. De ah\u00ed viene la eficiencia energ\u00e9tica del funcionamiento de los sistemas de refrigeraci\u00f3n, ya que el llamado efecto de desplazamiento de calor se produce cuando las capas superiores de aire se liberan al aire libre, es decir, solo una peque\u00f1a parte del aire se trata con refrigeraci\u00f3n directa, mientras que el aire caliente y la evaporaci\u00f3n da\u00f1ina son desplazados por el aire reci\u00e9n introducido al exterior.<\/p>\n<\/div>\n<h4>Sus servicios<\/h4>\n<div class=\"woocommerce-product-details__short-description\">\n<ul>\n<li><strong>Sistemas de refrigeraci\u00f3n y calefacci\u00f3n<\/strong><\/li>\n<\/ul>\n<p>La base de sus sistemas son unidades frigor\u00edficas de diferentes capacidades, cuya potencia frigor\u00edfica va desde los 20 hasta los 35,2 kW. Adem\u00e1s, son decisivos los canales de PVC perforados de 500 mm de di\u00e1metro, que aportan 6.000 m3\/h de aire fresco y refrigerado a la estancia.<\/p>\n<p>Las unidades se colocan en el exterior del edificio o en la azotea y se conectan a la red el\u00e9ctrica de acuerdo con la normativa. Se encienden y apagan fuera de la habitaci\u00f3n (por unidad) o dentro de la habitaci\u00f3n. Pasamos una manguera flexible desde las unidades individuales hasta el panel de suministro, a trav\u00e9s de la pared. El panel de entrada se coloca aproximadamente desde la superficie de paso. Col\u00f3quelo de 3 a 4 metros en l\u00ednea recta, por debajo del nivel de los artefactos de iluminaci\u00f3n. La unidad de refrigeraci\u00f3n suele aspirar aire fresco al 100 % del exterior, que filtra aprox. Enfr\u00eda hasta 13\u00b0C y deshumidifica. El aire fresco tratado entra en la habitaci\u00f3n a trav\u00e9s de los conductos,<br>donde desciende debido a su peso. La salida de calor de las personas y los equipos en el \u00e1rea del aire fresco tratado act\u00faa como una fuerza de flotaci\u00f3n para el aire caliente, por lo que se forma una columna de calor sobre cada fuente de calor, que atraviesa el aire fr\u00edo y se eleva hacia el aire. El ascenso del aire provocado por las fuentes de calor provoca el descenso del aire fr\u00edo. Esto crea un proceso permanente de calor y evaporaci\u00f3n a niveles m\u00e1s altos y al exterior.<\/p>\n<p>Esto crea una condici\u00f3n extremadamente estable en la habitaci\u00f3n con una ligera sobrepresi\u00f3n, sin corrientes de aire, con una gran diferencia de temperatura entre los lugares altos y bajos, mientras que en las superficies de trabajo se forma un \u00e1rea estable de aire fresco y tratado t\u00e9rmicamente. De ah\u00ed viene la eficiencia energ\u00e9tica del funcionamiento de los sistemas de refrigeraci\u00f3n, ya que el llamado efecto de desplazamiento de calor se produce cuando las capas superiores de aire se liberan al aire libre, es decir, solo una peque\u00f1a parte del aire se trata con refrigeraci\u00f3n directa, mientras que el aire caliente y la evaporaci\u00f3n da\u00f1ina son desplazados por el aire reci\u00e9n introducido al exterior.<\/p>\n<ul>\n<li><strong>Bombas de calor<\/strong><\/li>\n<li><strong>Agregadores el\u00e9ctricos<\/strong><\/li>\n<\/ul>\n<p>&nbsp; Az elektromos aggreg\u00e1torok seg\u00edtik a rendszereik m\u0171k\u00f6d\u00e9s\u00e9t azokban az esetekben,&nbsp; &nbsp;amikor nehezen el\u00e9rhet\u0151 vagy fajlagosan dr\u00e1ga az elektromos energia illetve nincs&nbsp; k\u00f6zvetlen&nbsp; kapcsolat az elektromos h\u00e1l\u00f3zattal, ugyanakkor seg\u00edts\u00e9get ny\u00fajthatn\u00e1k m\u00e1s eszk\u00f6z\u00f6k energiaig\u00e9ny\u00e9nek ell\u00e1t\u00e1s\u00e1ban.<\/p>\n<ul>\n<li><strong>Secadores de aire, humidificadores<\/strong><\/li>\n<\/ul>\n<p>Nuestros servicios relacionados con el secado por condensaci\u00f3n son especialmente \u00fatiles en el \u00e1mbito de la industria de la construcci\u00f3n, en muchos casos, por ejemplo, en la industria de la construcci\u00f3n. Por ejemplo, el secado de soleras lleva algunos meses, pero con la ayuda de nuestros dispositivos de secado solo lleva entre 7 y 14 d\u00edas. Tambi\u00e9n es interesante que las habitaciones mal secadas requieran hasta un 50% m\u00e1s de energ\u00eda para calefacci\u00f3n en los primeros a\u00f1os.<\/p>\n<ul>\n<li><strong>Sistemas de refrigeraci\u00f3n y calefacci\u00f3n por agua.<\/strong><\/li>\n<\/ul>\n<p>Los sistemas de refrigeraci\u00f3n y calefacci\u00f3n por agua se recomiendan sobre todo para aquellos casos e intervenciones en los que los sistemas de refrigeraci\u00f3n de naves existentes fallan o no funcionan por otras razones. Con unidades adicionales, son indispensables en la gesti\u00f3n del microclima en aquellos casos operativos en los que son dif\u00edciles de alcanzar con la soluci\u00f3n de conductos de aire, se pueden solucionar.<\/p>\n<ul>\n<li><strong>Unidades de cableado del intercambiador de calor<\/strong><\/li>\n<\/ul>\n<p>El equipo asegura una ventilaci\u00f3n energ\u00e9ticamente eficiente con la ayuda del intercambiador de calor, y nuestras unidades calientan o enfr\u00edan agregando componentes adicionales, lo que permite una gesti\u00f3n eficaz del microclima interno durante todo el a\u00f1o.<\/p>\n<p>Al garantizar un r\u00e1pido montaje y desmontaje, sus sistemas son particularmente ventajosos&nbsp;<em>tambi\u00e9n en recintos de eventos y ferias. <\/em>is.<\/p>\n<h4><strong>Informaci\u00f3n y solicitud de presupuesto:<\/strong><\/h4>\n<p><a href=\"https:\/\/themediator.hu\/es\/kapcsolat\/\" target=\"_blank\">Email: info.es@themediator.hu<\/a><br><\/p>\n<\/div>\n<\/div>\n<\/div>\t\t\t\t\t\t<\/div>\n\t\t\t\t<\/div>\n\t\t\t\t\t<\/div>\n\t\t<\/div>\n\t\t\t\t<div class=\"elementor-column elementor-col-50 elementor-inner-column elementor-element elementor-element-2da9c1d\" data-id=\"2da9c1d\" data-element_type=\"column\">\n\t\t\t<div class=\"elementor-widget-wrap elementor-element-populated\">\n\t\t\t\t\t\t<div class=\"elementor-element elementor-element-e087a1c elementor-widget elementor-widget-image\" data-id=\"e087a1c\" data-element_type=\"widget\" data-widget_type=\"image.default\">\n\t\t\t\t<div class=\"elementor-widget-container\">\n\t\t\t\t\t\t\t\t\t\t\t\t\t<img fetchpriority=\"high\" decoding=\"async\" width=\"275\" height=\"183\" src=\"https:\/\/themediator.hu\/wp-content\/uploads\/2022\/10\/letoltes-6.jpeg\" class=\"attachment-medium size-medium wp-image-176\" alt=\"\" \/>\t\t\t\t\t\t\t\t\t\t\t\t\t<\/div>\n\t\t\t\t<\/div>\n\t\t\t\t<div class=\"elementor-element elementor-element-16ed569 elementor-widget elementor-widget-image\" data-id=\"16ed569\" data-element_type=\"widget\" data-widget_type=\"image.default\">\n\t\t\t\t<div class=\"elementor-widget-container\">\n\t\t\t\t\t\t\t\t\t\t\t\t\t<img decoding=\"async\" width=\"275\" height=\"183\" src=\"https:\/\/themediator.hu\/wp-content\/uploads\/2022\/10\/letoltes-4.jpeg\" class=\"attachment-medium size-medium wp-image-174\" alt=\"\" \/>\t\t\t\t\t\t\t\t\t\t\t\t\t<\/div>\n\t\t\t\t<\/div>\n\t\t\t\t<div class=\"elementor-element elementor-element-19c7d03 elementor-widget elementor-widget-image\" data-id=\"19c7d03\" data-element_type=\"widget\" data-widget_type=\"image.default\">\n\t\t\t\t<div class=\"elementor-widget-container\">\n\t\t\t\t\t\t\t\t\t\t\t\t\t<img decoding=\"async\" width=\"275\" height=\"183\" src=\"https:\/\/themediator.hu\/wp-content\/uploads\/2022\/10\/letoltes-3.jpeg\" class=\"attachment-medium size-medium wp-image-173\" alt=\"\" \/>\t\t\t\t\t\t\t\t\t\t\t\t\t<\/div>\n\t\t\t\t<\/div>\n\t\t\t\t<div class=\"elementor-element elementor-element-8e8c3cf elementor-widget elementor-widget-image\" data-id=\"8e8c3cf\" data-element_type=\"widget\" data-widget_type=\"image.default\">\n\t\t\t\t<div class=\"elementor-widget-container\">\n\t\t\t\t\t\t\t\t\t\t\t\t\t<img loading=\"lazy\" decoding=\"async\" width=\"292\" height=\"173\" src=\"https:\/\/themediator.hu\/wp-content\/uploads\/2022\/10\/letoltes-2.jpeg\" class=\"attachment-medium size-medium wp-image-172\" alt=\"\" \/>\t\t\t\t\t\t\t\t\t\t\t\t\t<\/div>\n\t\t\t\t<\/div>\n\t\t\t\t\t<\/div>\n\t\t<\/div>\n\t\t\t\t\t<\/div>\n\t\t<\/section>\n\t\t\t\t\t<\/div>\n\t\t<\/div>\n\t\t\t\t\t<\/div>\n\t\t<\/section>\n\t\t\t\t<\/div>","protected":false},"excerpt":{"rendered":"<p>Ipari klimatiz\u00e1l\u00e1s, h\u0171t\u00e9s, f\u0171t\u00e9s fels\u0151fokon Inform\u00e1ci\u00f3 \u00e9s aj\u00e1nlatk\u00e9r\u00e9s:&nbsp;info@themediator.hu Partner\u00fcnk nagy hangs\u00falyt fektetve a l\u00e9gh\u0171t\u00e9si \u00e9s f\u0171t\u00e9si rendszerekre. 1995- ben megkezdt\u00e9k a mobil kl\u00edmatiz\u00e1l\u00f3 rendszerek b\u00e9rbead\u00e1s\u00e1t nagyobb objektumok r\u00e9sz\u00e9re. A c\u00e9g m\u00e1ra egy gyorsan fejl\u0151d\u0151, dinamikus \u00fczleti rendszer t\u00f6bb k\u00e9pviselettel K\u00f6z\u00e9p- \u00e9s Kelet Eur\u00f3pa ter\u00fclet\u00e9n. A mikrokl\u00edma z\u00e1rt tereken t\u00f6rt\u00e9n\u0151 \u00e1tfog\u00f3kezel\u00e9s\u00e9nek sz\u00e9lespalett\u00e1j\u00e1val piacvezet\u0151kk\u00e9 v\u00e1ltak a K\u00f6z\u00e9p- &hellip;<\/p>\n<p class=\"read-more\"> <a class=\"\" href=\"https:\/\/themediator.hu\/es\/ipari-klimatizalas-hutes-futes\/\"> <span class=\"screen-reader-text\">Ipari klimatiz\u00e1l\u00e1s\/ h\u0171t\u00e9s- f\u0171t\u00e9s<\/span> Leer m\u00e1s &raquo;<\/a><\/p>","protected":false},"author":2,"featured_media":0,"parent":0,"menu_order":0,"comment_status":"closed","ping_status":"closed","template":"","meta":[],"_links":{"self":[{"href":"https:\/\/themediator.hu\/es\/wp-json\/wp\/v2\/pages\/383"}],"collection":[{"href":"https:\/\/themediator.hu\/es\/wp-json\/wp\/v2\/pages"}],"about":[{"href":"https:\/\/themediator.hu\/es\/wp-json\/wp\/v2\/types\/page"}],"author":[{"embeddable":true,"href":"https:\/\/themediator.hu\/es\/wp-json\/wp\/v2\/users\/2"}],"replies":[{"embeddable":true,"href":"https:\/\/themediator.hu\/es\/wp-json\/wp\/v2\/comments?post=383"}],"version-history":[{"count":23,"href":"https:\/\/themediator.hu\/es\/wp-json\/wp\/v2\/pages\/383\/revisions"}],"predecessor-version":[{"id":836,"href":"https:\/\/themediator.hu\/es\/wp-json\/wp\/v2\/pages\/383\/revisions\/836"}],"wp:attachment":[{"href":"https:\/\/themediator.hu\/es\/wp-json\/wp\/v2\/media?parent=383"}],"curies":[{"name":"wp","href":"https:\/\/api.w.org\/{rel}","templated":true}]}}