{"id":2086,"date":"2023-08-04T10:27:26","date_gmt":"2023-08-04T10:27:26","guid":{"rendered":"https:\/\/themediator.hu\/?page_id=2086"},"modified":"2023-08-04T10:31:16","modified_gmt":"2023-08-04T10:31:16","slug":"elementor-2086","status":"publish","type":"page","link":"https:\/\/themediator.hu\/es\/elementor-2086\/","title":{"rendered":"K\u00e9p-\u00c1rny\u00e9kol\u00e1s"},"content":{"rendered":"<div data-elementor-type=\"wp-page\" data-elementor-id=\"2086\" class=\"elementor elementor-2086\" data-elementor-post-type=\"page\">\n\t\t\t\t\t\t<section class=\"elementor-section elementor-top-section elementor-element elementor-element-5e898bc elementor-section-boxed elementor-section-height-default elementor-section-height-default\" data-id=\"5e898bc\" data-element_type=\"section\">\n\t\t\t\t\t\t<div class=\"elementor-container elementor-column-gap-default\">\n\t\t\t\t\t<div class=\"elementor-column elementor-col-100 elementor-top-column elementor-element elementor-element-559271f\" data-id=\"559271f\" data-element_type=\"column\">\n\t\t\t<div class=\"elementor-widget-wrap elementor-element-populated\">\n\t\t\t\t\t\t<div class=\"elementor-element elementor-element-ef16de0 elementor-widget elementor-widget-image\" data-id=\"ef16de0\" data-element_type=\"widget\" data-widget_type=\"image.default\">\n\t\t\t\t<div class=\"elementor-widget-container\">\n\t\t\t\t\t\t\t\t\t\t\t\t\t<img fetchpriority=\"high\" decoding=\"async\" width=\"940\" height=\"788\" src=\"https:\/\/themediator.hu\/wp-content\/uploads\/2023\/08\/Arnyekolas.png\" class=\"attachment-large size-large wp-image-2088\" alt=\"\" srcset=\"https:\/\/themediator.hu\/wp-content\/uploads\/2023\/08\/Arnyekolas.png 940w, https:\/\/themediator.hu\/wp-content\/uploads\/2023\/08\/Arnyekolas-300x251.png 300w, https:\/\/themediator.hu\/wp-content\/uploads\/2023\/08\/Arnyekolas-768x644.png 768w, https:\/\/themediator.hu\/wp-content\/uploads\/2023\/08\/Arnyekolas-14x12.png 14w, https:\/\/themediator.hu\/wp-content\/uploads\/2023\/08\/Arnyekolas-600x503.png 600w\" sizes=\"(max-width: 940px) 100vw, 940px\" \/>\t\t\t\t\t\t\t\t\t\t\t\t\t<\/div>\n\t\t\t\t<\/div>\n\t\t\t\t\t<\/div>\n\t\t<\/div>\n\t\t\t\t\t<\/div>\n\t\t<\/section>\n\t\t\t\t<\/div>","protected":false},"excerpt":{"rendered":"","protected":false},"author":2,"featured_media":0,"parent":0,"menu_order":0,"comment_status":"closed","ping_status":"closed","template":"","meta":[],"_links":{"self":[{"href":"https:\/\/themediator.hu\/es\/wp-json\/wp\/v2\/pages\/2086"}],"collection":[{"href":"https:\/\/themediator.hu\/es\/wp-json\/wp\/v2\/pages"}],"about":[{"href":"https:\/\/themediator.hu\/es\/wp-json\/wp\/v2\/types\/page"}],"author":[{"embeddable":true,"href":"https:\/\/themediator.hu\/es\/wp-json\/wp\/v2\/users\/2"}],"replies":[{"embeddable":true,"href":"https:\/\/themediator.hu\/es\/wp-json\/wp\/v2\/comments?post=2086"}],"version-history":[{"count":8,"href":"https:\/\/themediator.hu\/es\/wp-json\/wp\/v2\/pages\/2086\/revisions"}],"predecessor-version":[{"id":2095,"href":"https:\/\/themediator.hu\/es\/wp-json\/wp\/v2\/pages\/2086\/revisions\/2095"}],"wp:attachment":[{"href":"https:\/\/themediator.hu\/es\/wp-json\/wp\/v2\/media?parent=2086"}],"curies":[{"name":"wp","href":"https:\/\/api.w.org\/{rel}","templated":true}]}}