{"id":1799,"date":"2023-08-01T09:38:52","date_gmt":"2023-08-01T09:38:52","guid":{"rendered":"https:\/\/themediator.hu\/?page_id=1799"},"modified":"2023-08-01T09:40:13","modified_gmt":"2023-08-01T09:40:13","slug":"kep-minosegbiztositas-logisztika","status":"publish","type":"page","link":"https:\/\/themediator.hu\/es\/kep-minosegbiztositas-logisztika\/","title":{"rendered":"K\u00e9p-Min\u0151s\u00e9gbiztos\u00edt\u00e1s, logisztika"},"content":{"rendered":"<div data-elementor-type=\"wp-page\" data-elementor-id=\"1799\" class=\"elementor elementor-1799\" data-elementor-post-type=\"page\">\n\t\t\t\t\t\t<section class=\"elementor-section elementor-top-section elementor-element elementor-element-06583a9 elementor-section-boxed elementor-section-height-default elementor-section-height-default\" data-id=\"06583a9\" data-element_type=\"section\">\n\t\t\t\t\t\t<div class=\"elementor-container elementor-column-gap-default\">\n\t\t\t\t\t<div class=\"elementor-column elementor-col-100 elementor-top-column elementor-element elementor-element-0f001d1\" data-id=\"0f001d1\" data-element_type=\"column\">\n\t\t\t<div class=\"elementor-widget-wrap elementor-element-populated\">\n\t\t\t\t\t\t<div class=\"elementor-element elementor-element-5fcd6eb elementor-widget elementor-widget-image\" data-id=\"5fcd6eb\" data-element_type=\"widget\" data-widget_type=\"image.default\">\n\t\t\t\t<div class=\"elementor-widget-container\">\n\t\t\t\t\t\t\t\t\t\t\t\t\t<img fetchpriority=\"high\" decoding=\"async\" width=\"724\" height=\"1024\" src=\"https:\/\/themediator.hu\/wp-content\/uploads\/2023\/08\/Minosegbiztositasi-logisztikai-724x1024.png\" class=\"attachment-large size-large wp-image-1801\" alt=\"\" srcset=\"https:\/\/themediator.hu\/wp-content\/uploads\/2023\/08\/Minosegbiztositasi-logisztikai-724x1024.png 724w, https:\/\/themediator.hu\/wp-content\/uploads\/2023\/08\/Minosegbiztositasi-logisztikai-212x300.png 212w, https:\/\/themediator.hu\/wp-content\/uploads\/2023\/08\/Minosegbiztositasi-logisztikai-768x1086.png 768w, https:\/\/themediator.hu\/wp-content\/uploads\/2023\/08\/Minosegbiztositasi-logisztikai-1086x1536.png 1086w, https:\/\/themediator.hu\/wp-content\/uploads\/2023\/08\/Minosegbiztositasi-logisztikai-8x12.png 8w, https:\/\/themediator.hu\/wp-content\/uploads\/2023\/08\/Minosegbiztositasi-logisztikai-600x849.png 600w, https:\/\/themediator.hu\/wp-content\/uploads\/2023\/08\/Minosegbiztositasi-logisztikai.png 1414w\" sizes=\"(max-width: 724px) 100vw, 724px\" \/>\t\t\t\t\t\t\t\t\t\t\t\t\t<\/div>\n\t\t\t\t<\/div>\n\t\t\t\t\t<\/div>\n\t\t<\/div>\n\t\t\t\t\t<\/div>\n\t\t<\/section>\n\t\t\t\t<\/div>","protected":false},"excerpt":{"rendered":"","protected":false},"author":2,"featured_media":0,"parent":0,"menu_order":0,"comment_status":"closed","ping_status":"closed","template":"","meta":[],"_links":{"self":[{"href":"https:\/\/themediator.hu\/es\/wp-json\/wp\/v2\/pages\/1799"}],"collection":[{"href":"https:\/\/themediator.hu\/es\/wp-json\/wp\/v2\/pages"}],"about":[{"href":"https:\/\/themediator.hu\/es\/wp-json\/wp\/v2\/types\/page"}],"author":[{"embeddable":true,"href":"https:\/\/themediator.hu\/es\/wp-json\/wp\/v2\/users\/2"}],"replies":[{"embeddable":true,"href":"https:\/\/themediator.hu\/es\/wp-json\/wp\/v2\/comments?post=1799"}],"version-history":[{"count":4,"href":"https:\/\/themediator.hu\/es\/wp-json\/wp\/v2\/pages\/1799\/revisions"}],"predecessor-version":[{"id":1804,"href":"https:\/\/themediator.hu\/es\/wp-json\/wp\/v2\/pages\/1799\/revisions\/1804"}],"wp:attachment":[{"href":"https:\/\/themediator.hu\/es\/wp-json\/wp\/v2\/media?parent=1799"}],"curies":[{"name":"wp","href":"https:\/\/api.w.org\/{rel}","templated":true}]}}