{"id":1780,"date":"2023-06-16T07:22:08","date_gmt":"2023-06-16T07:22:08","guid":{"rendered":"https:\/\/themediator.hu\/?page_id=1780"},"modified":"2023-06-16T07:23:31","modified_gmt":"2023-06-16T07:23:31","slug":"kep-emelogep","status":"publish","type":"page","link":"https:\/\/themediator.hu\/es\/kep-emelogep\/","title":{"rendered":"K\u00e9p- Emel\u0151g\u00e9p"},"content":{"rendered":"<div data-elementor-type=\"wp-page\" data-elementor-id=\"1780\" class=\"elementor elementor-1780\" data-elementor-post-type=\"page\">\n\t\t\t\t\t\t<section class=\"elementor-section elementor-top-section elementor-element elementor-element-be2ec43 elementor-section-boxed elementor-section-height-default elementor-section-height-default\" data-id=\"be2ec43\" data-element_type=\"section\">\n\t\t\t\t\t\t<div class=\"elementor-container elementor-column-gap-default\">\n\t\t\t\t\t<div class=\"elementor-column elementor-col-100 elementor-top-column elementor-element elementor-element-def089b\" data-id=\"def089b\" data-element_type=\"column\">\n\t\t\t<div class=\"elementor-widget-wrap elementor-element-populated\">\n\t\t\t\t\t\t<div class=\"elementor-element elementor-element-f2eeab3 elementor-widget elementor-widget-image\" data-id=\"f2eeab3\" data-element_type=\"widget\" data-widget_type=\"image.default\">\n\t\t\t\t<div class=\"elementor-widget-container\">\n\t\t\t\t\t\t\t\t\t\t\t\t\t\t<a href=\"https:\/\/themediator.hu\/wp-admin\/post.php?post=1780&#038;action=edit#:~:text=https%3A\/\/themediator.hu\/kep%2Demelogep\/\">\n\t\t\t\t\t\t\t<img fetchpriority=\"high\" decoding=\"async\" width=\"1024\" height=\"577\" src=\"https:\/\/themediator.hu\/wp-content\/uploads\/2023\/06\/Emelogep-berlese-1024x577.png\" class=\"attachment-large size-large wp-image-1782\" alt=\"\" srcset=\"https:\/\/themediator.hu\/wp-content\/uploads\/2023\/06\/Emelogep-berlese-1024x577.png 1024w, https:\/\/themediator.hu\/wp-content\/uploads\/2023\/06\/Emelogep-berlese-300x169.png 300w, https:\/\/themediator.hu\/wp-content\/uploads\/2023\/06\/Emelogep-berlese-768x433.png 768w, https:\/\/themediator.hu\/wp-content\/uploads\/2023\/06\/Emelogep-berlese-1536x865.png 1536w, https:\/\/themediator.hu\/wp-content\/uploads\/2023\/06\/Emelogep-berlese-18x10.png 18w, https:\/\/themediator.hu\/wp-content\/uploads\/2023\/06\/Emelogep-berlese-600x338.png 600w, https:\/\/themediator.hu\/wp-content\/uploads\/2023\/06\/Emelogep-berlese.png 1640w\" sizes=\"(max-width: 1024px) 100vw, 1024px\" \/>\t\t\t\t\t\t\t\t<\/a>\n\t\t\t\t\t\t\t\t\t\t\t\t\t<\/div>\n\t\t\t\t<\/div>\n\t\t\t\t\t<\/div>\n\t\t<\/div>\n\t\t\t\t\t<\/div>\n\t\t<\/section>\n\t\t\t\t<\/div>","protected":false},"excerpt":{"rendered":"","protected":false},"author":2,"featured_media":0,"parent":0,"menu_order":0,"comment_status":"closed","ping_status":"closed","template":"","meta":[],"_links":{"self":[{"href":"https:\/\/themediator.hu\/es\/wp-json\/wp\/v2\/pages\/1780"}],"collection":[{"href":"https:\/\/themediator.hu\/es\/wp-json\/wp\/v2\/pages"}],"about":[{"href":"https:\/\/themediator.hu\/es\/wp-json\/wp\/v2\/types\/page"}],"author":[{"embeddable":true,"href":"https:\/\/themediator.hu\/es\/wp-json\/wp\/v2\/users\/2"}],"replies":[{"embeddable":true,"href":"https:\/\/themediator.hu\/es\/wp-json\/wp\/v2\/comments?post=1780"}],"version-history":[{"count":4,"href":"https:\/\/themediator.hu\/es\/wp-json\/wp\/v2\/pages\/1780\/revisions"}],"predecessor-version":[{"id":1785,"href":"https:\/\/themediator.hu\/es\/wp-json\/wp\/v2\/pages\/1780\/revisions\/1785"}],"wp:attachment":[{"href":"https:\/\/themediator.hu\/es\/wp-json\/wp\/v2\/media?parent=1780"}],"curies":[{"name":"wp","href":"https:\/\/api.w.org\/{rel}","templated":true}]}}