{"id":1355,"date":"2023-03-01T13:45:28","date_gmt":"2023-03-01T13:45:28","guid":{"rendered":"https:\/\/themediator.hu\/?page_id=1355"},"modified":"2023-03-01T13:50:35","modified_gmt":"2023-03-01T13:50:35","slug":"kep-uvegfoliazas","status":"publish","type":"page","link":"https:\/\/themediator.hu\/es\/kep-uvegfoliazas\/","title":{"rendered":"K\u00e9p-\u00dcvegf\u00f3li\u00e1z\u00e1s"},"content":{"rendered":"<div data-elementor-type=\"wp-page\" data-elementor-id=\"1355\" class=\"elementor elementor-1355\" data-elementor-post-type=\"page\">\n\t\t\t\t\t\t<section class=\"elementor-section elementor-top-section elementor-element elementor-element-615f9c4 elementor-section-boxed elementor-section-height-default elementor-section-height-default\" data-id=\"615f9c4\" data-element_type=\"section\">\n\t\t\t\t\t\t<div class=\"elementor-container elementor-column-gap-default\">\n\t\t\t\t\t<div class=\"elementor-column elementor-col-50 elementor-top-column elementor-element elementor-element-6304f2e\" data-id=\"6304f2e\" data-element_type=\"column\">\n\t\t\t<div class=\"elementor-widget-wrap elementor-element-populated\">\n\t\t\t\t\t\t<div class=\"elementor-element elementor-element-bbd29dc elementor-widget elementor-widget-image\" data-id=\"bbd29dc\" data-element_type=\"widget\" data-widget_type=\"image.default\">\n\t\t\t\t<div class=\"elementor-widget-container\">\n\t\t\t\t\t\t\t\t\t\t\t\t\t<img fetchpriority=\"high\" decoding=\"async\" width=\"724\" height=\"1024\" src=\"https:\/\/themediator.hu\/wp-content\/uploads\/2023\/03\/Epuletuveg-foliazas-724x1024.png\" class=\"attachment-large size-large wp-image-1358\" alt=\"\" srcset=\"https:\/\/themediator.hu\/wp-content\/uploads\/2023\/03\/Epuletuveg-foliazas-724x1024.png 724w, https:\/\/themediator.hu\/wp-content\/uploads\/2023\/03\/Epuletuveg-foliazas-212x300.png 212w, https:\/\/themediator.hu\/wp-content\/uploads\/2023\/03\/Epuletuveg-foliazas-768x1086.png 768w, https:\/\/themediator.hu\/wp-content\/uploads\/2023\/03\/Epuletuveg-foliazas-1086x1536.png 1086w, https:\/\/themediator.hu\/wp-content\/uploads\/2023\/03\/Epuletuveg-foliazas-600x849.png 600w, https:\/\/themediator.hu\/wp-content\/uploads\/2023\/03\/Epuletuveg-foliazas.png 1414w\" sizes=\"(max-width: 724px) 100vw, 724px\" \/>\t\t\t\t\t\t\t\t\t\t\t\t\t<\/div>\n\t\t\t\t<\/div>\n\t\t\t\t\t<\/div>\n\t\t<\/div>\n\t\t\t\t<div class=\"elementor-column elementor-col-50 elementor-top-column elementor-element elementor-element-6f55b1a\" data-id=\"6f55b1a\" data-element_type=\"column\">\n\t\t\t<div class=\"elementor-widget-wrap elementor-element-populated\">\n\t\t\t\t\t\t<div class=\"elementor-element elementor-element-785dca6 elementor-widget elementor-widget-image\" data-id=\"785dca6\" data-element_type=\"widget\" data-widget_type=\"image.default\">\n\t\t\t\t<div class=\"elementor-widget-container\">\n\t\t\t\t\t\t\t\t\t\t\t\t\t<img decoding=\"async\" width=\"724\" height=\"1024\" src=\"https:\/\/themediator.hu\/wp-content\/uploads\/2023\/03\/Autouveg-foliazas-724x1024.png\" class=\"attachment-large size-large wp-image-1357\" alt=\"\" srcset=\"https:\/\/themediator.hu\/wp-content\/uploads\/2023\/03\/Autouveg-foliazas-724x1024.png 724w, https:\/\/themediator.hu\/wp-content\/uploads\/2023\/03\/Autouveg-foliazas-212x300.png 212w, https:\/\/themediator.hu\/wp-content\/uploads\/2023\/03\/Autouveg-foliazas-768x1086.png 768w, https:\/\/themediator.hu\/wp-content\/uploads\/2023\/03\/Autouveg-foliazas-1086x1536.png 1086w, https:\/\/themediator.hu\/wp-content\/uploads\/2023\/03\/Autouveg-foliazas-600x849.png 600w, https:\/\/themediator.hu\/wp-content\/uploads\/2023\/03\/Autouveg-foliazas.png 1414w\" sizes=\"(max-width: 724px) 100vw, 724px\" \/>\t\t\t\t\t\t\t\t\t\t\t\t\t<\/div>\n\t\t\t\t<\/div>\n\t\t\t\t\t<\/div>\n\t\t<\/div>\n\t\t\t\t\t<\/div>\n\t\t<\/section>\n\t\t\t\t<\/div>","protected":false},"excerpt":{"rendered":"","protected":false},"author":2,"featured_media":0,"parent":0,"menu_order":0,"comment_status":"closed","ping_status":"closed","template":"","meta":[],"_links":{"self":[{"href":"https:\/\/themediator.hu\/es\/wp-json\/wp\/v2\/pages\/1355"}],"collection":[{"href":"https:\/\/themediator.hu\/es\/wp-json\/wp\/v2\/pages"}],"about":[{"href":"https:\/\/themediator.hu\/es\/wp-json\/wp\/v2\/types\/page"}],"author":[{"embeddable":true,"href":"https:\/\/themediator.hu\/es\/wp-json\/wp\/v2\/users\/2"}],"replies":[{"embeddable":true,"href":"https:\/\/themediator.hu\/es\/wp-json\/wp\/v2\/comments?post=1355"}],"version-history":[{"count":4,"href":"https:\/\/themediator.hu\/es\/wp-json\/wp\/v2\/pages\/1355\/revisions"}],"predecessor-version":[{"id":1362,"href":"https:\/\/themediator.hu\/es\/wp-json\/wp\/v2\/pages\/1355\/revisions\/1362"}],"wp:attachment":[{"href":"https:\/\/themediator.hu\/es\/wp-json\/wp\/v2\/media?parent=1355"}],"curies":[{"name":"wp","href":"https:\/\/api.w.org\/{rel}","templated":true}]}}