{"id":1333,"date":"2023-03-01T13:40:05","date_gmt":"2023-03-01T13:40:05","guid":{"rendered":"https:\/\/themediator.hu\/?page_id=1333"},"modified":"2023-03-01T14:12:04","modified_gmt":"2023-03-01T14:12:04","slug":"kep-gipszkartonozas","status":"publish","type":"page","link":"https:\/\/themediator.hu\/es\/kep-gipszkartonozas\/","title":{"rendered":"K\u00e9p- fest\u00e9s,burkol\u00e1s"},"content":{"rendered":"<p><img loading=\"lazy\" decoding=\"async\" width=\"724\" height=\"1024\" src=\"https:\/\/themediator.hu\/wp-content\/uploads\/2023\/03\/Epuletek-szigetelese-kulso-belso-festes-szinezes-gipszkartonozas-2-724x1024.png\" alt=\"\" srcset=\"https:\/\/themediator.hu\/wp-content\/uploads\/2023\/03\/Epuletek-szigetelese-kulso-belso-festes-szinezes-gipszkartonozas-2-724x1024.png 724w, https:\/\/themediator.hu\/wp-content\/uploads\/2023\/03\/Epuletek-szigetelese-kulso-belso-festes-szinezes-gipszkartonozas-2-212x300.png 212w, https:\/\/themediator.hu\/wp-content\/uploads\/2023\/03\/Epuletek-szigetelese-kulso-belso-festes-szinezes-gipszkartonozas-2-768x1086.png 768w, https:\/\/themediator.hu\/wp-content\/uploads\/2023\/03\/Epuletek-szigetelese-kulso-belso-festes-szinezes-gipszkartonozas-2-1086x1536.png 1086w, https:\/\/themediator.hu\/wp-content\/uploads\/2023\/03\/Epuletek-szigetelese-kulso-belso-festes-szinezes-gipszkartonozas-2-600x849.png 600w, https:\/\/themediator.hu\/wp-content\/uploads\/2023\/03\/Epuletek-szigetelese-kulso-belso-festes-szinezes-gipszkartonozas-2.png 1414w\" sizes=\"(max-width: 724px) 100vw, 724px\"><\/p>","protected":false},"excerpt":{"rendered":"","protected":false},"author":2,"featured_media":0,"parent":0,"menu_order":0,"comment_status":"closed","ping_status":"closed","template":"","meta":[],"_links":{"self":[{"href":"https:\/\/themediator.hu\/es\/wp-json\/wp\/v2\/pages\/1333"}],"collection":[{"href":"https:\/\/themediator.hu\/es\/wp-json\/wp\/v2\/pages"}],"about":[{"href":"https:\/\/themediator.hu\/es\/wp-json\/wp\/v2\/types\/page"}],"author":[{"embeddable":true,"href":"https:\/\/themediator.hu\/es\/wp-json\/wp\/v2\/users\/2"}],"replies":[{"embeddable":true,"href":"https:\/\/themediator.hu\/es\/wp-json\/wp\/v2\/comments?post=1333"}],"version-history":[{"count":9,"href":"https:\/\/themediator.hu\/es\/wp-json\/wp\/v2\/pages\/1333\/revisions"}],"predecessor-version":[{"id":1399,"href":"https:\/\/themediator.hu\/es\/wp-json\/wp\/v2\/pages\/1333\/revisions\/1399"}],"wp:attachment":[{"href":"https:\/\/themediator.hu\/es\/wp-json\/wp\/v2\/media?parent=1333"}],"curies":[{"name":"wp","href":"https:\/\/api.w.org\/{rel}","templated":true}]}}