{"id":1314,"date":"2023-03-01T13:35:19","date_gmt":"2023-03-01T13:35:19","guid":{"rendered":"https:\/\/themediator.hu\/?page_id=1314"},"modified":"2023-03-01T13:36:52","modified_gmt":"2023-03-01T13:36:52","slug":"kep-generalkivitelezes","status":"publish","type":"page","link":"https:\/\/themediator.hu\/es\/kep-generalkivitelezes\/","title":{"rendered":"K\u00e9p- gener\u00e1lkivitelez\u00e9s"},"content":{"rendered":"<div data-elementor-type=\"wp-page\" data-elementor-id=\"1314\" class=\"elementor elementor-1314\" data-elementor-post-type=\"page\">\n\t\t\t\t\t\t<section class=\"elementor-section elementor-top-section elementor-element elementor-element-6dff820 elementor-section-boxed elementor-section-height-default elementor-section-height-default\" data-id=\"6dff820\" data-element_type=\"section\">\n\t\t\t\t\t\t<div class=\"elementor-container elementor-column-gap-default\">\n\t\t\t\t\t<div class=\"elementor-column elementor-col-100 elementor-top-column elementor-element elementor-element-8e7ab33\" data-id=\"8e7ab33\" data-element_type=\"column\">\n\t\t\t<div class=\"elementor-widget-wrap elementor-element-populated\">\n\t\t\t\t\t\t<div class=\"elementor-element elementor-element-9bfae5b elementor-widget elementor-widget-image\" data-id=\"9bfae5b\" data-element_type=\"widget\" data-widget_type=\"image.default\">\n\t\t\t\t<div class=\"elementor-widget-container\">\n\t\t\t\t\t\t\t\t\t\t\t\t\t<img fetchpriority=\"high\" decoding=\"async\" width=\"724\" height=\"1024\" src=\"https:\/\/themediator.hu\/wp-content\/uploads\/2023\/03\/zaadaEpuletek-Kivitelezese-komuve-munkaksa-2-724x1024.png\" class=\"attachment-large size-large wp-image-1316\" alt=\"\" srcset=\"https:\/\/themediator.hu\/wp-content\/uploads\/2023\/03\/zaadaEpuletek-Kivitelezese-komuve-munkaksa-2-724x1024.png 724w, https:\/\/themediator.hu\/wp-content\/uploads\/2023\/03\/zaadaEpuletek-Kivitelezese-komuve-munkaksa-2-212x300.png 212w, https:\/\/themediator.hu\/wp-content\/uploads\/2023\/03\/zaadaEpuletek-Kivitelezese-komuve-munkaksa-2-768x1086.png 768w, https:\/\/themediator.hu\/wp-content\/uploads\/2023\/03\/zaadaEpuletek-Kivitelezese-komuve-munkaksa-2-1086x1536.png 1086w, https:\/\/themediator.hu\/wp-content\/uploads\/2023\/03\/zaadaEpuletek-Kivitelezese-komuve-munkaksa-2-1448x2048.png 1448w, https:\/\/themediator.hu\/wp-content\/uploads\/2023\/03\/zaadaEpuletek-Kivitelezese-komuve-munkaksa-2-600x849.png 600w, https:\/\/themediator.hu\/wp-content\/uploads\/2023\/03\/zaadaEpuletek-Kivitelezese-komuve-munkaksa-2.png 1587w\" sizes=\"(max-width: 724px) 100vw, 724px\" \/>\t\t\t\t\t\t\t\t\t\t\t\t\t<\/div>\n\t\t\t\t<\/div>\n\t\t\t\t\t<\/div>\n\t\t<\/div>\n\t\t\t\t\t<\/div>\n\t\t<\/section>\n\t\t\t\t<\/div>","protected":false},"excerpt":{"rendered":"","protected":false},"author":2,"featured_media":0,"parent":0,"menu_order":0,"comment_status":"closed","ping_status":"closed","template":"","meta":[],"_links":{"self":[{"href":"https:\/\/themediator.hu\/es\/wp-json\/wp\/v2\/pages\/1314"}],"collection":[{"href":"https:\/\/themediator.hu\/es\/wp-json\/wp\/v2\/pages"}],"about":[{"href":"https:\/\/themediator.hu\/es\/wp-json\/wp\/v2\/types\/page"}],"author":[{"embeddable":true,"href":"https:\/\/themediator.hu\/es\/wp-json\/wp\/v2\/users\/2"}],"replies":[{"embeddable":true,"href":"https:\/\/themediator.hu\/es\/wp-json\/wp\/v2\/comments?post=1314"}],"version-history":[{"count":4,"href":"https:\/\/themediator.hu\/es\/wp-json\/wp\/v2\/pages\/1314\/revisions"}],"predecessor-version":[{"id":1320,"href":"https:\/\/themediator.hu\/es\/wp-json\/wp\/v2\/pages\/1314\/revisions\/1320"}],"wp:attachment":[{"href":"https:\/\/themediator.hu\/es\/wp-json\/wp\/v2\/media?parent=1314"}],"curies":[{"name":"wp","href":"https:\/\/api.w.org\/{rel}","templated":true}]}}