{"id":1274,"date":"2023-03-01T13:20:22","date_gmt":"2023-03-01T13:20:22","guid":{"rendered":"https:\/\/themediator.hu\/?page_id=1274"},"modified":"2023-03-14T10:48:21","modified_gmt":"2023-03-14T10:48:21","slug":"kep-papirpep","status":"publish","type":"page","link":"https:\/\/themediator.hu\/es\/kep-papirpep\/","title":{"rendered":"K\u00e9p- Pap\u00edrp\u00e9p"},"content":{"rendered":"<div data-elementor-type=\"wp-page\" data-elementor-id=\"1274\" class=\"elementor elementor-1274\" data-elementor-post-type=\"page\">\n\t\t\t\t\t\t<section class=\"elementor-section elementor-top-section elementor-element elementor-element-5bfa0b0 elementor-section-boxed elementor-section-height-default elementor-section-height-default\" data-id=\"5bfa0b0\" data-element_type=\"section\">\n\t\t\t\t\t\t<div class=\"elementor-container elementor-column-gap-default\">\n\t\t\t\t\t<div class=\"elementor-column elementor-col-33 elementor-top-column elementor-element elementor-element-c4027f0\" data-id=\"c4027f0\" data-element_type=\"column\">\n\t\t\t<div class=\"elementor-widget-wrap elementor-element-populated\">\n\t\t\t\t\t\t<div class=\"elementor-element elementor-element-ea30965 elementor-widget elementor-widget-image\" data-id=\"ea30965\" data-element_type=\"widget\" data-widget_type=\"image.default\">\n\t\t\t\t<div class=\"elementor-widget-container\">\n\t\t\t\t\t\t\t\t\t\t\t\t\t<img fetchpriority=\"high\" decoding=\"async\" width=\"724\" height=\"1024\" src=\"https:\/\/themediator.hu\/wp-content\/uploads\/2023\/03\/Miert-Partnerunket-valassza-ha-csomagoloanyagot-szeretne-gyartani-724x1024.png\" class=\"attachment-large size-large wp-image-1496\" alt=\"\" srcset=\"https:\/\/themediator.hu\/wp-content\/uploads\/2023\/03\/Miert-Partnerunket-valassza-ha-csomagoloanyagot-szeretne-gyartani-724x1024.png 724w, https:\/\/themediator.hu\/wp-content\/uploads\/2023\/03\/Miert-Partnerunket-valassza-ha-csomagoloanyagot-szeretne-gyartani-212x300.png 212w, https:\/\/themediator.hu\/wp-content\/uploads\/2023\/03\/Miert-Partnerunket-valassza-ha-csomagoloanyagot-szeretne-gyartani-768x1086.png 768w, https:\/\/themediator.hu\/wp-content\/uploads\/2023\/03\/Miert-Partnerunket-valassza-ha-csomagoloanyagot-szeretne-gyartani-1086x1536.png 1086w, https:\/\/themediator.hu\/wp-content\/uploads\/2023\/03\/Miert-Partnerunket-valassza-ha-csomagoloanyagot-szeretne-gyartani-600x849.png 600w, https:\/\/themediator.hu\/wp-content\/uploads\/2023\/03\/Miert-Partnerunket-valassza-ha-csomagoloanyagot-szeretne-gyartani.png 1414w\" sizes=\"(max-width: 724px) 100vw, 724px\" \/>\t\t\t\t\t\t\t\t\t\t\t\t\t<\/div>\n\t\t\t\t<\/div>\n\t\t\t\t\t<\/div>\n\t\t<\/div>\n\t\t\t\t<div class=\"elementor-column elementor-col-33 elementor-top-column elementor-element elementor-element-e02eb42\" data-id=\"e02eb42\" data-element_type=\"column\">\n\t\t\t<div class=\"elementor-widget-wrap elementor-element-populated\">\n\t\t\t\t\t\t<div class=\"elementor-element elementor-element-fd83874 elementor-widget elementor-widget-image\" data-id=\"fd83874\" data-element_type=\"widget\" data-widget_type=\"image.default\">\n\t\t\t\t<div class=\"elementor-widget-container\">\n\t\t\t\t\t\t\t\t\t\t\t\t\t<img decoding=\"async\" width=\"724\" height=\"1024\" src=\"https:\/\/themediator.hu\/wp-content\/uploads\/2023\/03\/BORSPE1-1-724x1024.png\" class=\"attachment-large size-large wp-image-1278\" alt=\"\" srcset=\"https:\/\/themediator.hu\/wp-content\/uploads\/2023\/03\/BORSPE1-1-724x1024.png 724w, https:\/\/themediator.hu\/wp-content\/uploads\/2023\/03\/BORSPE1-1-212x300.png 212w, https:\/\/themediator.hu\/wp-content\/uploads\/2023\/03\/BORSPE1-1-768x1086.png 768w, https:\/\/themediator.hu\/wp-content\/uploads\/2023\/03\/BORSPE1-1-1086x1536.png 1086w, https:\/\/themediator.hu\/wp-content\/uploads\/2023\/03\/BORSPE1-1-1448x2048.png 1448w, https:\/\/themediator.hu\/wp-content\/uploads\/2023\/03\/BORSPE1-1-600x849.png 600w, https:\/\/themediator.hu\/wp-content\/uploads\/2023\/03\/BORSPE1-1.png 1587w\" sizes=\"(max-width: 724px) 100vw, 724px\" \/>\t\t\t\t\t\t\t\t\t\t\t\t\t<\/div>\n\t\t\t\t<\/div>\n\t\t\t\t\t<\/div>\n\t\t<\/div>\n\t\t\t\t<div class=\"elementor-column elementor-col-33 elementor-top-column elementor-element elementor-element-4c478ab\" data-id=\"4c478ab\" data-element_type=\"column\">\n\t\t\t<div class=\"elementor-widget-wrap elementor-element-populated\">\n\t\t\t\t\t\t<div class=\"elementor-element elementor-element-4643134 elementor-widget elementor-widget-image\" data-id=\"4643134\" data-element_type=\"widget\" data-widget_type=\"image.default\">\n\t\t\t\t<div class=\"elementor-widget-container\">\n\t\t\t\t\t\t\t\t\t\t\t\t\t<img decoding=\"async\" width=\"724\" height=\"1024\" src=\"https:\/\/themediator.hu\/wp-content\/uploads\/2023\/03\/Boros-angol-2-724x1024.png\" class=\"attachment-large size-large wp-image-1497\" alt=\"\" srcset=\"https:\/\/themediator.hu\/wp-content\/uploads\/2023\/03\/Boros-angol-2-724x1024.png 724w, https:\/\/themediator.hu\/wp-content\/uploads\/2023\/03\/Boros-angol-2-212x300.png 212w, https:\/\/themediator.hu\/wp-content\/uploads\/2023\/03\/Boros-angol-2-768x1086.png 768w, https:\/\/themediator.hu\/wp-content\/uploads\/2023\/03\/Boros-angol-2-1086x1536.png 1086w, https:\/\/themediator.hu\/wp-content\/uploads\/2023\/03\/Boros-angol-2-1448x2048.png 1448w, https:\/\/themediator.hu\/wp-content\/uploads\/2023\/03\/Boros-angol-2-600x849.png 600w, https:\/\/themediator.hu\/wp-content\/uploads\/2023\/03\/Boros-angol-2.png 1587w\" sizes=\"(max-width: 724px) 100vw, 724px\" \/>\t\t\t\t\t\t\t\t\t\t\t\t\t<\/div>\n\t\t\t\t<\/div>\n\t\t\t\t\t<\/div>\n\t\t<\/div>\n\t\t\t\t\t<\/div>\n\t\t<\/section>\n\t\t\t\t<\/div>","protected":false},"excerpt":{"rendered":"","protected":false},"author":2,"featured_media":0,"parent":0,"menu_order":0,"comment_status":"closed","ping_status":"closed","template":"","meta":[],"_links":{"self":[{"href":"https:\/\/themediator.hu\/es\/wp-json\/wp\/v2\/pages\/1274"}],"collection":[{"href":"https:\/\/themediator.hu\/es\/wp-json\/wp\/v2\/pages"}],"about":[{"href":"https:\/\/themediator.hu\/es\/wp-json\/wp\/v2\/types\/page"}],"author":[{"embeddable":true,"href":"https:\/\/themediator.hu\/es\/wp-json\/wp\/v2\/users\/2"}],"replies":[{"embeddable":true,"href":"https:\/\/themediator.hu\/es\/wp-json\/wp\/v2\/comments?post=1274"}],"version-history":[{"count":7,"href":"https:\/\/themediator.hu\/es\/wp-json\/wp\/v2\/pages\/1274\/revisions"}],"predecessor-version":[{"id":1500,"href":"https:\/\/themediator.hu\/es\/wp-json\/wp\/v2\/pages\/1274\/revisions\/1500"}],"wp:attachment":[{"href":"https:\/\/themediator.hu\/es\/wp-json\/wp\/v2\/media?parent=1274"}],"curies":[{"name":"wp","href":"https:\/\/api.w.org\/{rel}","templated":true}]}}