{"id":508,"date":"2022-11-08T09:46:36","date_gmt":"2022-11-08T09:46:36","guid":{"rendered":"https:\/\/themediator.hu\/?post_type=product&#038;p=508"},"modified":"2022-12-06T13:53:46","modified_gmt":"2022-12-06T13:53:46","slug":"epuletek-szigetelese-festese","status":"publish","type":"product","link":"https:\/\/themediator.hu\/en\/product\/epuletek-szigetelese-festese\/","title":{"rendered":"Insulation and painting of buildings"},"content":{"rendered":"","protected":false},"excerpt":{"rendered":"<p>&nbsp;<\/p>\n<h5>Insulation of buildings, exterior and interior painting, and plasterboarding<\/h5>\n<p>&nbsp;<\/p>\n<p>Our partner undertakes the insulation of buildings, office buildings, offices, warehouses, exterior and interior<br \/>\npainting, coloring, plastering, false ceilings in Fej\u00e9r, Pest, Kom\u00e1rom-Esztergom, Veszpr\u00e9m and Gy\u0151r-Moson<br \/>\nSopron country.<\/p>\n<p>Contact us with confidence. Reliable, demanding work is guaranteed.<\/p>\n<p>Further information, request for quotation, order:<\/p>\n<p><a href=\"https:\/\/themediator.hu\/en\/kapcsolat\/\">http:\/\/themediator.hu\/contact\/<\/a><\/p>\n<p>or at the email address info@themediator.hu.<\/p>","protected":false},"featured_media":799,"comment_status":"open","ping_status":"closed","template":"","meta":[],"_links":{"self":[{"href":"https:\/\/themediator.hu\/en\/wp-json\/wp\/v2\/product\/508"}],"collection":[{"href":"https:\/\/themediator.hu\/en\/wp-json\/wp\/v2\/product"}],"about":[{"href":"https:\/\/themediator.hu\/en\/wp-json\/wp\/v2\/types\/product"}],"replies":[{"embeddable":true,"href":"https:\/\/themediator.hu\/en\/wp-json\/wp\/v2\/comments?post=508"}],"wp:featuredmedia":[{"embeddable":true,"href":"https:\/\/themediator.hu\/en\/wp-json\/wp\/v2\/media\/799"}],"wp:attachment":[{"href":"https:\/\/themediator.hu\/en\/wp-json\/wp\/v2\/media?parent=508"}],"curies":[{"name":"wp","href":"https:\/\/api.w.org\/{rel}","templated":true}]}}