{"id":2407,"date":"2025-07-03T12:04:37","date_gmt":"2025-07-03T12:04:37","guid":{"rendered":"https:\/\/themediator.hu\/?post_type=product&#038;p=2407"},"modified":"2025-11-04T13:25:22","modified_gmt":"2025-11-04T13:25:22","slug":"programozas","status":"publish","type":"product","link":"https:\/\/themediator.hu\/en\/product\/programozas\/","title":{"rendered":"Programoz\u00e1s, ipari automatiz\u00e1l\u00e1s"},"content":{"rendered":"","protected":false},"excerpt":{"rendered":"<p><strong>Vision &amp; mission<\/strong><\/p>\n<ul>\n<li>Providing creative solutions. Our partner is fully committed to providing innovative solutions and ideas that help overcome the automation challenges of your business.<\/li>\n<li>Continuous innovation. Our focus is always on making your business processes faster and more efficient. They envision a world where automation can empower every business for sustainable growth and success.<\/li>\n<\/ul>\n<p><strong>experience<\/strong><\/p>\n<ul>\n<li>SCADA and other process development<\/li>\n<li>PLC &amp; Robot programming<\/li>\n<li>Installation and development of SCADA &amp; PLC systems<\/li>\n<li>Building automation, Oil and gas industry, WebDev<\/li>\n<\/ul>\n<p>For more details or a price quote, feel free to contact us!<\/p>\n<p><a href=\"https:\/\/themediator.hu\/en\/kapcsolat\/\">www.themediator.hu\/contact<\/a><\/p>\n<p>&nbsp;<\/p>\n<p>&nbsp;<\/p>","protected":false},"featured_media":2397,"comment_status":"open","ping_status":"closed","template":"","meta":[],"_links":{"self":[{"href":"https:\/\/themediator.hu\/en\/wp-json\/wp\/v2\/product\/2407"}],"collection":[{"href":"https:\/\/themediator.hu\/en\/wp-json\/wp\/v2\/product"}],"about":[{"href":"https:\/\/themediator.hu\/en\/wp-json\/wp\/v2\/types\/product"}],"replies":[{"embeddable":true,"href":"https:\/\/themediator.hu\/en\/wp-json\/wp\/v2\/comments?post=2407"}],"wp:featuredmedia":[{"embeddable":true,"href":"https:\/\/themediator.hu\/en\/wp-json\/wp\/v2\/media\/2397"}],"wp:attachment":[{"href":"https:\/\/themediator.hu\/en\/wp-json\/wp\/v2\/media?parent=2407"}],"curies":[{"name":"wp","href":"https:\/\/api.w.org\/{rel}","templated":true}]}}