{"id":2367,"date":"2025-01-08T09:36:10","date_gmt":"2025-01-08T09:36:10","guid":{"rendered":"https:\/\/themediator.hu\/?post_type=product&#038;p=2367"},"modified":"2025-11-04T13:18:37","modified_gmt":"2025-11-04T13:18:37","slug":"napelemrendszerek-telepitese","status":"publish","type":"product","link":"https:\/\/themediator.hu\/en\/product\/napelemrendszerek-telepitese\/","title":{"rendered":"Napelemrendszerek telep\u00edt\u00e9se"},"content":{"rendered":"","protected":false},"excerpt":{"rendered":"<h2>Lakoss\u00e1gi napelemes rendszerek<\/h2>\n<div dir=\"auto\"><\/div>\n<div dir=\"auto\">A napelemes rendszerek fenntarthat\u00f3 \u00e9s k\u00f6lts\u00e9ghat\u00e9kony energiaell\u00e1t\u00e1st biztos\u00edtanak. Tapasztalt szakembereink prec\u00edz telep\u00edt\u00e9st \u00e9s karbantart\u00e1st garant\u00e1lnak.\u00a0A legmagasabb sz\u00ednvonal\u00fa ipari \u00e9s lakoss\u00e1gi villanyszerel\u00e9si megold\u00e1sokra, valamint elektromos eloszt\u00f3 berendez\u00e9sek gy\u00e1rt\u00e1s\u00e1ra specializ\u00e1l\u00f3dott. Innovat\u00edv hozz\u00e1\u00e1ll\u00e1suknak k\u00f6sz\u00f6nhet\u0151en a napelemes rendszerek kivitelez\u00e9s\u00e9ben partner\u00fcnk \u00e9len j\u00e1r, \u00edgy seg\u00edtenek \u00fcgyfeleinknek a k\u00f6rnyezetbar\u00e1t energiahaszn\u00e1latban.<\/div>\n<div dir=\"auto\"><\/div>\n<div dir=\"auto\">Csapatuk fiatalos, dinamikus, \u00e9s szak\u00e9rtelemmel felv\u00e9rtezett, \u00edgy minden kih\u00edv\u00e1snak megfelelnek. A legkorszer\u0171bb szersz\u00e1mokkal \u00e9s technol\u00f3gi\u00e1kkal dolgoznak, hogy minden projektet pontosan \u00e9s hat\u00e9konyan val\u00f3s\u00edtsanak meg. A\u00a0 legnagyobb volumen\u0171 munk\u00e1k sem jelentenek akad\u00e1lyt.<\/div>\n<div dir=\"auto\"><\/div>\n<div dir=\"auto\">\n<p>A lakoss\u00e1gi napelemes rendszerek lehet\u0151v\u00e9 teszik<span style=\"font-size: 16px;\">, hogy otthon\u00e1ban saj\u00e1t energi\u00e1t termeljen, \u00edgy jelent\u0151sen cs\u00f6kkentheti havi rezsik\u00f6lts\u00e9geit. A napenergia haszn\u00e1lata nemcsak k\u00f6rnyezetbar\u00e1t, de hossz\u00fa t\u00e1von biztos\u00edtja az energiaf\u00fcggetlens\u00e9get is, v\u00e9delmet ny\u00fajtva az energia\u00e1rak ingadoz\u00e1saival szemben. Korszer\u0171 \u00e9s megb\u00edzhat\u00f3 rendszereink seg\u00edtenek minimaliz\u00e1lni az \u00f6kol\u00f3giai l\u00e1bnyom\u00e1t, mik\u00f6zben n\u00f6velik ingatlana \u00e9rt\u00e9k\u00e9t.<\/span><\/p>\n<p>Partner\u00fcnk v\u00e1llalja:<\/p>\n<ul>\n<li>Teljes k\u00f6r\u0171 tan\u00e1csad\u00e1s \u00e9s tervez\u00e9s<\/li>\n<li>Enged\u00e9lyeztet\u00e9s \u00e9s adminisztr\u00e1ci\u00f3<\/li>\n<li>Telep\u00edt\u00e9s \u00e9s \u00fczembe helyez\u00e9s<\/li>\n<li>Karbantart\u00e1s \u00e9s szerviz<\/li>\n<\/ul>\n<p>A napelemes rendszer haszn\u00e1lata\u00a0nem j\u00e1r k\u00e1rosanyag kibocs\u00e1t\u00e1ssal, az energiasz\u00fcks\u00e9gletet tiszta energi\u00e1b\u00f3l tudod fedezni. A napelemek \u00e1tlagos \u00e9lettartama 25 \u00e9v, m\u00edg az el\u0151\u00e1ll\u00edt\u00e1s\u00e1hoz sz\u00fcks\u00e9ges energi\u00e1t m\u00e1r 3-6 \u00e9v alatt megtermeli. A napelem a legz\u00f6ldebb megold\u00e1s arra, hogy fedezni tudjuk az energia sz\u00fcks\u00e9glet\u00fcnket.<\/p>\n<h2 class=\"elementor-heading-title elementor-size-default\"><strong>Hogyan zajlik a napelem rendszer telep\u00edt\u00e9s folyamata?<\/strong><\/h2>\n<ul>\n<li>Aj\u00e1nlatk\u00e9r\u00e9s<\/li>\n<li>Ig\u00e9nyfelm\u00e9r\u00e9s, indikat\u00edv aj\u00e1nlat<\/li>\n<li>Helysz\u00edni felm\u00e9r\u00e9s<\/li>\n<li>V\u00e9gleges aj\u00e1nlat<\/li>\n<li>Szerz\u0151d\u00e9sk\u00f6t\u00e9s<\/li>\n<li>Enged\u00e9lyeztet\u00e9s<\/li>\n<li>Kivitelez\u00e9s, napelem bek\u00f6t\u00e9se<\/li>\n<\/ul>\n<div class=\"elementor-element elementor-element-539149db elementor-widget elementor-widget-heading\" data-id=\"539149db\" data-element_type=\"widget\" data-widget_type=\"heading.default\">\n<div class=\"elementor-widget-container\">\n<h2>Ipari napelemes megold\u00e1saink<\/h2>\n<p><strong style=\"font-size: 16px;\">Cs\u00f6kkentse c\u00e9g\u00e9nek kiad\u00e1sait korszer\u0171 ipari napelem technol\u00f3gia seg\u00edts\u00e9g\u00e9vel<\/strong><\/p>\n<\/div>\n<\/div>\n<div class=\"elementor-element elementor-element-6e66c49f elementor-widget elementor-widget-text-editor\" data-id=\"6e66c49f\" data-element_type=\"widget\" data-widget_type=\"text-editor.default\">\n<div class=\"elementor-widget-container\">\n<p>Napelemekkel nemcsak az energiafogyaszt\u00e1s k\u00f6lts\u00e9geit cs\u00f6kkentheti jelent\u0151sen, hanem k\u00f6rnyezetbar\u00e1t m\u00f3don biztos\u00edthatja v\u00e1llalkoz\u00e1sa sz\u00e1m\u00e1ra a sz\u00fcks\u00e9ges energi\u00e1t. Rendszereink tart\u00f3sak, megb\u00edzhat\u00f3ak, \u00e9s a modern technol\u00f3gia r\u00e9v\u00e9n hossz\u00fa t\u00e1v\u00fa megtakar\u00edt\u00e1sokat eredm\u00e9nyeznek. Optimaliz\u00e1lja \u00fczleti k\u00f6lts\u00e9geit, \u00e9s l\u00e9pjen el\u0151re a fenntarthat\u00f3s\u00e1g \u00fatj\u00e1n a napenergia seg\u00edts\u00e9g\u00e9vel!<\/p>\n<p class=\"elementor-heading-title elementor-size-default\">Partner\u00fcnk t\u00f6bb, mint 5000kW telep\u00edtett rendszert tudhatmag\u00e1\u00e9nak.<\/p>\n<\/div>\n<\/div>\n<\/div>\n<div dir=\"auto\"><\/div>\n<h5 dir=\"auto\">Partner\u00fcnk tov\u00e1bb\u00e1 foglalkozik\u00a0 <strong>sziget\u00fczem\u0171 inverteres napelemes kocsibe\u00e1ll\u00f3<\/strong>val is.<\/h5>\n<div dir=\"auto\"><\/div>\n<div dir=\"auto\">A fogyaszt\u00e1s meghat\u00e1roz\u00e1sa az els\u0151 feladat, ha sziget\u00fczem\u0171 napelemes rendszert szeretn\u00e9nk megval\u00f3s\u00ed\u00edtani. A villamos fogyaszt\u00f3k \u00f6ssze\u00edr\u00e1s\u00e1val \u00e9s az \u00e1ramfogyaszt\u00e1si szok\u00e1saink sz\u00e1mszer\u0171s\u00edt\u00e9s\u00e9vel kell kezden\u00fcnk a tervez\u00e9st. A napelemes kocsibe\u00e1ll\u00f3 elhelyez\u00e9s\u00e9nek, t\u00e1jol\u00e1s\u00e1nak \u00e9s napsug\u00e1rz\u00e1si energiahozam\u00e1nak ismeret\u00e9ben meghat\u00e1rozott helyre telep\u00edthet\u0151. A rendszer 20m2; 7kW teljes\u00edtm\u00e9ny lead\u00e1sra k\u00e9pes. A sziget\u00fczem\u0171 inverteres rendszer a napelemek \u00e1ltal megtermelt elektromos energi\u00e1t jellemz\u0151en akkumul\u0171torban t\u00e1rolva k\u00e9pes teljesen \u00f6nfenntart\u00f3, \u00f6nell\u00e1t\u00e1s rendyszerben, h\u00e1l\u00f3zatmentesen m\u0171k\u00f6dni.<\/div>\n<div dir=\"auto\"><\/div>\n<h5 dir=\"auto\"><strong>&#8211; Sziget\u00fczem\u0171 inverteres napelemes kocsibe\u00e1ll\u00f3 el\u0151nyei:<\/strong><\/h5>\n<div dir=\"auto\"><\/div>\n<ul>\n<li dir=\"auto\">Az energi\u00e1t a napf\u00e9ny seg\u00edts\u00e9g\u00e9vel ingyen termeli<\/li>\n<li dir=\"auto\">Folyamatos visszajelz\u00e9st kapunk az energiafogyaszt\u00e1s alakul\u00e1s\u00e1r\u00f3l \u00e9s ez a k\u00e9s\u0151bbiekben szinte automatikusan a fogyaszt\u00e1sunk cs\u00f6kkent\u00e9s\u00e9t, az energiatudatoss\u00e1g meger\u0151s\u00f6d\u00e9s\u00e9t hozza mag\u00e1val<\/li>\n<li dir=\"auto\">Hivatalosan haszn\u00e1lhat\u00f3, \u00fczemeltethet\u0151 egyszeri bejelent\u00e9sse<\/li>\n<li dir=\"auto\">Villany\u00f3ra szekr\u00e9nybe galvanikus lev\u00e1lasz\u00f3val bek\u00f6thet\u0151<\/li>\n<li dir=\"auto\">K\u00fcl\u00f6n\u00e1ll\u00f3 b\u00e1rkit\u0151l<\/li>\n<li dir=\"auto\">H\u00e1l\u00f3zati szolg\u00e1tat\u00f3 energia kimard\u00e1sa eset\u00e9n, a Hibrid energiat\u00e1rol\u00e1s h\u00e1l\u00f3zat f\u00fcggetlen napelemes rendszer biztos\u00edtja az elektromos energi\u00e1t a z\u00f6kken\u0151mentes m\u0171k\u00f6d\u00e9shez<\/li>\n<li dir=\"auto\">\u00c9jjeli energiaell\u00e1t\u00e1s akkumul\u00e1torok 230 V AC elektromos \u00e1ram<\/li>\n<li dir=\"auto\">Egyszer\u0171en, csendesen \u00e9s megb\u00edzhat\u00f3an k\u00e9pes ell\u00e1tni egy csal\u00e1dih\u00e1z, tanya, vagy gazdas\u00e1gi \u00e9p\u00fclet energiaig\u00e9ny\u00e9t<\/li>\n<li dir=\"auto\">Az Inverter optimaliz\u00e1lja az \u00e1ramtermel\u00e9st, biztons\u00e9gi \u00e9s v\u00e9delmi funkci\u00f3kat l\u00e1t el, vez\u00e9rli az akkumul\u00e1tor t\u00f6lt\u00e9s\u00e9t, adatgy\u0171jt\u00e9st \u00e9s ak\u00e1r t\u00e1vfel\u00fcgyeletet biztos\u00edt, ig\u00e9ny eset\u00e9n pedig m\u00e9g a saj\u00e1t fogyaszt\u00f3k eh\u00f3gy r\u00e9sz\u00e9t is vez\u00e9relmi tudj\u00e1k<\/li>\n<\/ul>\n<h5 dir=\"auto\"><strong>&#8211; M\u0171szaki adatok:\u00a0<\/strong><\/h5>\n<div dir=\"auto\"><\/div>\n<ul>\n<li dir=\"auto\">Maxim\u00e1lis kimeneti \u00e1ramer\u0151ss\u00e9g egy max (l): 1x 30A AC<\/li>\n<li dir=\"auto\">Maxim\u00e1lis kimeneti fesz\u00fclts\u00e9g (v): 1&#215;230 V AC<\/li>\n<li dir=\"auto\">MAxim\u00e1lis kimeneti teljes\u00edtm\u00e9ny max (w): 7000 W<\/li>\n<li dir=\"auto\">V\u00e9detts\u00e9g: IP64<\/li>\n<li dir=\"auto\">Relat\u00edv p\u00e1ratartalom: 0-100%<\/li>\n<li dir=\"auto\">\u00dczemi h\u0151m\u00e9rs\u00e9kleti tartom\u00e1ny: -40+ 85 Celsius fok<\/li>\n<li dir=\"auto\">Teljes\u00edtm\u00e9nyfokoz\u00f3 \u00fczemi h\u0151borda h\u0151fok: 38 Celsius fok<\/li>\n<li dir=\"auto\">Helyig\u00e9ny: 20m2<\/li>\n<li dir=\"auto\">V\u00e1z szerkezet m\u00e9rete (sz\u00e9l, hossz, magass\u00e1g): 4190x5550x3160 mm<\/li>\n<li dir=\"auto\">T\u00f6meg: 910 kg<\/li>\n<\/ul>\n<div dir=\"auto\">Partner\u00fcnk garancia a min\u0151s\u00e9gre \u00e9s a megb\u00edzhat\u00f3s\u00e1gra. Keressen minket bizalommal, ha teljesk\u00f6r\u0171 elektromos megold\u00e1sokra van sz\u00fcks\u00e9ge!<\/div>\n<div dir=\"auto\"><\/div>\n<div dir=\"auto\"><a href=\"https:\/\/themediator.hu\/en\/kapcsolat\/\">info@themediator.hu<\/a><\/div>","protected":false},"featured_media":2378,"comment_status":"open","ping_status":"closed","template":"","meta":[],"_links":{"self":[{"href":"https:\/\/themediator.hu\/en\/wp-json\/wp\/v2\/product\/2367"}],"collection":[{"href":"https:\/\/themediator.hu\/en\/wp-json\/wp\/v2\/product"}],"about":[{"href":"https:\/\/themediator.hu\/en\/wp-json\/wp\/v2\/types\/product"}],"replies":[{"embeddable":true,"href":"https:\/\/themediator.hu\/en\/wp-json\/wp\/v2\/comments?post=2367"}],"wp:featuredmedia":[{"embeddable":true,"href":"https:\/\/themediator.hu\/en\/wp-json\/wp\/v2\/media\/2378"}],"wp:attachment":[{"href":"https:\/\/themediator.hu\/en\/wp-json\/wp\/v2\/media?parent=2367"}],"curies":[{"name":"wp","href":"https:\/\/api.w.org\/{rel}","templated":true}]}}