{"id":1726,"date":"2023-06-15T11:11:58","date_gmt":"2023-06-15T11:11:58","guid":{"rendered":"https:\/\/themediator.hu\/?post_type=product&#038;p=1726"},"modified":"2024-02-01T15:27:46","modified_gmt":"2024-02-01T15:27:46","slug":"emelogep-kolcsonzes","status":"publish","type":"product","link":"https:\/\/themediator.hu\/en\/product\/emelogep-kolcsonzes\/","title":{"rendered":"Forklift rental"},"content":{"rendered":"","protected":false},"excerpt":{"rendered":"<h4>Our partner deals with the rental of scissor and basket lifts.<\/h4>\n<p>&nbsp;<\/p>\n<p>If you have questions about which lift is the most suitable for you, feel free to entrust yourself to the expertise of our Partner.<\/p>\n<p>Before renting lifts, it is important to take into account the features of the work area, the soil conditions, the distance between buildings, and when it comes to indoor work, the width and height of the gates and entrances, so that the transport and use of the basket lift is ensured under suitable conditions.<\/p>\n<h5>Indoor machines with non-marking wheels:<\/h5>\n<p>&nbsp;<\/p>\n<ul>\n<li>GENIE GS 3246 electric scissor lift 12 m working height<\/li>\n<\/ul>\n<p>Power source: 24 V - 225 Ah (C20)<br \/>\nWorking height: 11.75 m<br \/>\nWalking level height: 9.75 m<br \/>\nLoad capacity: 318 kg<br \/>\nLifting basket size (Length x Width): 2.26 x 1.16 m<br \/>\nSize of extended lifting basket: 3.18 x 1.16 m<br \/>\nHossz: 2,44 m Sz\u00e9less\u00e9g: 1,16 m<br \/>\nStorage height: 2.39 m<br \/>\nWheelbase: 1.85 m<br \/>\nSlope alarm: 2 \u00b0<br \/>\nHeadroom: 10 cm<br \/>\nWeight: 2364 kg<\/p>\n<ul>\n<li>JLG 3246 ES electric scissor lift 12 m working height<\/li>\n<\/ul>\n<p>Power source 4 x 6V, 220 Ah battery<br \/>\nMunkamagass\u00e1g: 11.68 m<br \/>\nS\u00faly: 2903 kg<br \/>\nPlatform magass\u00e1g: 9.68 m<br \/>\nPlatform size (m) 1.12\u00d72.50 + 1.27 extendable platform<br \/>\nsize<br \/>\nEmel\u0151 kapacit\u00e1s: 320 kg<br \/>\nSize (L x W x H) (m) 2.5 x 1.17 x 2.36<br \/>\nTechnical description: For indoor use, with non-marking rubber tires. Quiet, clean, smooth<br \/>\noperation. The electric front-wheel drive provides outstanding maneuverability and long<br \/>\nprovides uptime. Manually extendable platform extension for a larger work area<\/p>\n<ul>\n<li>MANITOU 150 AET 2 elektromos karos szem\u00e9lyemel\u0151 15 m munkamagass\u00e1g<\/li>\n<\/ul>\n<p>Er\u0151forr\u00e1s: elektromos<br \/>\nLegnagyobb munkamagass\u00e1g: 15 m<br \/>\nSide extension: 8.90 m<br \/>\nLoad capacity: 230 kg<br \/>\nThe maximum length of the machine: 5450 mm<br \/>\nThe total width of the machine: 1500 mm<br \/>\nBasket size: 1.5\u00d70.8m<br \/>\nThe height of the machine: 1950 mm<br \/>\nTotal vehicle weight: 7,100 kg<\/p>\n<ul>\n<li>HAULOTTE OPTIMUM:8 elektromos oll\u00f3s szem\u00e9lyemel\u0151 8 m munkamagass\u00e1g<\/li>\n<\/ul>\n<h5>Outdoor machines:<\/h5>\n<p>&nbsp;<\/p>\n<ul>\n<li>HAULOTTE HA16PX diesel lever personal lift 4\u00d74, 16 m working height<\/li>\n<\/ul>\n<p>Er\u0151forr\u00e1s: d\u00edzel<br \/>\nHossz\u00fas\u00e1g: 6950 mm<br \/>\nMagass\u00e1g: 2200 mm<br \/>\nSz\u00e9less\u00e9g: 2300 mm<br \/>\nT\u00f6meg: 7240 kg<br \/>\n\u00dczemanyag tart\u00e1ly m\u00e9rete: 55 l<br \/>\nJ\u00e1r\u00f3lap magass\u00e1g: 14 m<br \/>\nKer\u00e9k t\u00edpusa: k\u00fclt\u00e9ri<br \/>\nKer\u00e9kmeghajt\u00e1s: 4&#215;4<br \/>\nKos\u00e1r teherb\u00edr\u00e1sa: 230 kg<br \/>\nMax. kiny\u00fal\u00e1s: 9,1 m<br \/>\nMunkamagass\u00e1g: 16 m<\/p>\n<ul>\n<li>MANITOU 120 SC diesel oll\u00f3s szem\u00e9lyemel\u0151, 4&#215;4, 12 m munkamagass\u00e1g<\/li>\n<\/ul>\n<p>Lever-operated personal lifts and work platforms are also capable of vertical lifting and lateral extension. The machines are self-propelled, you can move with them even in your position, no treading is necessary. Machine types with a diesel energy source are lifts suitable for outdoor use.<\/p>\n<p>Technikai le\u00edr\u00e1s: Belt\u00e9ri haszn\u00e1latra, nyomot nem hagy\u00f3 gumiabroncsokkal. Csendes, tiszta, sima m\u0171k\u00f6d\u00e9s. Az elektromos els\u0151ker\u00e9k meghajt\u00e1s kiemelked\u0151 man\u0151verez\u00e9si k\u00e9pess\u00e9get \u00e9s hossz\u00fa \u00fczemid\u0151t biztos\u00edt. Manu\u00e1lisan kitolhat\u00f3 platform kiterjeszt\u00e9s a nagyobb munkater\u00fclet\u00e9rt.<\/p>\n<h5>K\u00fclt\u00e9ri- belt\u00e9ri g\u00e9pek:<\/h5>\n<p>&nbsp;<\/p>\n<ul>\n<li>HAULOTTE COMPACT 12 RTE elektromos oll\u00f3s szem\u00e9lyemel\u0151<\/li>\n<\/ul>\n<p>Er\u0151forr\u00e1s: elektromos<br \/>\nKer\u00e9k t\u00edpus: nyomot nem hagy\u00f3 kerekek<br \/>\nHajt\u00e1s: 4&#215;4<br \/>\nHossz\u00fas\u00e1g: 2650 mm<br \/>\nMagass\u00e1g: 2540 mm<br \/>\nSz\u00e9less\u00e9g: 1800 mm<br \/>\nS\u00faly: 3800 kg<br \/>\nMunkamagass\u00e1g: 12 m<br \/>\nKos\u00e1r teherb\u00edr\u00e1sa: 450 kg<\/p>\n<h4 style=\"text-align: center;\">A g\u00e9pek b\u00e9rl\u00e9se \u00e1rakkal:<\/h4>\n<p>&nbsp;<\/p>\n<p><strong>Belt\u00e9ri g\u00e9pek<\/strong><strong> b\u00e9rl\u00e9s\u00e9nek \u00e1rai <\/strong>nyomot nem hagy\u00f3 kerekekkel:<\/p>\n<p><strong>GENIE GS 3246 <\/strong>elektromos oll\u00f3s szem\u00e9lyemel\u0151 12 m munkamagass\u00e1g 1 db<\/p>\n<p>B\u00e9rleti d\u00edja: 1-3 nap: 27.000 HUF + \u00c1fa<\/p>\n<p>4-10 nap: 30.000 HUF + \u00c1fa<\/p>\n<p>11- nap: 29.000 HUF + \u00c1fa<\/p>\n<p><strong>\u00a0<\/strong><strong>JLG 3246 ES <\/strong>elektromos oll\u00f3s szem\u00e9lyemel\u0151 12 m munkamagass\u00e1g 2 db<\/p>\n<p>B\u00e9rleti d\u00edja: 1-3 nap: 32.000 HUF + \u00c1fa<\/p>\n<p>4-10 nap: 31.000 HUF + \u00c1fa<\/p>\n<p>11- nap: 30.000 HUF + \u00c1fa<\/p>\n<p><strong>MANITOU 150 AET2 <\/strong>elektromos karos szem\u00e9lyemel\u0151 15 m munkamagass\u00e1g 1 db<\/p>\n<p>B\u00e9rleti d\u00edja: 1-3 nap: 43.000 HUF + \u00c1fa<\/p>\n<p>4-10 nap: 42.000 HUF + \u00c1fa<\/p>\n<p>11- nap: 40.000 HUF + \u00c1fa<\/p>\n<p><strong>\u00a0<\/strong><strong>K\u00fclt\u00e9ri g\u00e9p b\u00e9rl\u00e9s\u00e9nek \u00e1rai:<\/strong><\/p>\n<p><strong>\u00a0<\/strong><strong>HAULOTTE HA16PX <\/strong>diesel karos szem\u00e9lyemel\u0151 4&#215;4, 16 m munkamagass\u00e1g 1 db<\/p>\n<p>B\u00e9rleti d\u00edja: 1-3 nap: 44.000 HUF + \u00c1fa<\/p>\n<p>4-10 nap: 42.000 HUF + \u00c1fa<\/p>\n<p>11- nap: 40.000 HUF + \u00c1fa<\/p>\n<p><strong>K\u00fclt\u00e9ri<\/strong><strong>&#8211; <\/strong><strong>belt\u00e9ri g\u00e9p:<\/strong><\/p>\n<p>HAULOTTE Compact 12 RTE elektromos oll\u00f3s szem\u00e9lyemel\u0151 4&#215;4, 12 m munkamag 1 db<\/p>\n<p>B\u00e9rleti d\u00edja: 1-3 nap: 44.000 HUF + \u00c1fa<\/p>\n<p>4-10 nap: 42.000 HUF + \u00c1fa<\/p>\n<p>11- nap: 40.000 HUF + \u00c1fa<\/p>\n<p>Minden berendez\u00e9s kisz\u00e1ll\u00edt\u00e1sa Sz\u00e9kesfeh\u00e9rv\u00e1ron bel\u00fcl 25.000 HUF + \u00c1fa<\/p>\n<p>Minden berendez\u00e9s visszasz\u00e1ll\u00edt\u00e1sa Sz\u00e9kesfeh\u00e9rv\u00e1ron bel\u00fcl 25.000 HUF + \u00c1fa<\/p>\n<p>Their machine fleet is constantly being expanded according to the development of needs.<\/p>\n<p>If you have any questions, please feel free to call me!<\/p>\n<p><a href=\"https:\/\/themediator.hu\/en\/kapcsolat\/\">http:\/\/themediator.hu\/contact\/<\/a><\/p>\n<p>&nbsp;<\/p>","protected":false},"featured_media":1727,"comment_status":"open","ping_status":"closed","template":"","meta":[],"_links":{"self":[{"href":"https:\/\/themediator.hu\/en\/wp-json\/wp\/v2\/product\/1726"}],"collection":[{"href":"https:\/\/themediator.hu\/en\/wp-json\/wp\/v2\/product"}],"about":[{"href":"https:\/\/themediator.hu\/en\/wp-json\/wp\/v2\/types\/product"}],"replies":[{"embeddable":true,"href":"https:\/\/themediator.hu\/en\/wp-json\/wp\/v2\/comments?post=1726"}],"wp:featuredmedia":[{"embeddable":true,"href":"https:\/\/themediator.hu\/en\/wp-json\/wp\/v2\/media\/1727"}],"wp:attachment":[{"href":"https:\/\/themediator.hu\/en\/wp-json\/wp\/v2\/media?parent=1726"}],"curies":[{"name":"wp","href":"https:\/\/api.w.org\/{rel}","templated":true}]}}