{"id":383,"date":"2022-11-04T10:01:40","date_gmt":"2022-11-04T10:01:40","guid":{"rendered":"https:\/\/themediator.hu\/?page_id=383"},"modified":"2023-01-11T10:13:48","modified_gmt":"2023-01-11T10:13:48","slug":"ipari-klimatizalas-hutes-futes","status":"publish","type":"page","link":"https:\/\/themediator.hu\/en\/ipari-klimatizalas-hutes-futes\/","title":{"rendered":"Ipari klimatiz\u00e1l\u00e1s\/ h\u0171t\u00e9s- f\u0171t\u00e9s"},"content":{"rendered":"<div data-elementor-type=\"wp-page\" data-elementor-id=\"383\" class=\"elementor elementor-383\" data-elementor-post-type=\"page\">\n\t\t\t\t\t\t<section class=\"elementor-section elementor-top-section elementor-element elementor-element-ff93c29 elementor-section-boxed elementor-section-height-default elementor-section-height-default\" data-id=\"ff93c29\" data-element_type=\"section\">\n\t\t\t\t\t\t<div class=\"elementor-container elementor-column-gap-default\">\n\t\t\t\t\t<div class=\"elementor-column elementor-col-100 elementor-top-column elementor-element elementor-element-f5faec6\" data-id=\"f5faec6\" data-element_type=\"column\">\n\t\t\t<div class=\"elementor-widget-wrap elementor-element-populated\">\n\t\t\t\t\t\t<section class=\"elementor-section elementor-inner-section elementor-element elementor-element-6ea9d43 elementor-section-boxed elementor-section-height-default elementor-section-height-default\" data-id=\"6ea9d43\" data-element_type=\"section\">\n\t\t\t\t\t\t<div class=\"elementor-container elementor-column-gap-default\">\n\t\t\t\t\t<div class=\"elementor-column elementor-col-50 elementor-inner-column elementor-element elementor-element-812f27c\" data-id=\"812f27c\" data-element_type=\"column\">\n\t\t\t<div class=\"elementor-widget-wrap elementor-element-populated\">\n\t\t\t\t\t\t<div class=\"elementor-element elementor-element-82f7c24 elementor-widget elementor-widget-text-editor\" data-id=\"82f7c24\" data-element_type=\"widget\" data-widget_type=\"text-editor.default\">\n\t\t\t\t<div class=\"elementor-widget-container\">\n\t\t\t\t\t\t\t<div class=\"elementor-element elementor-element-213a57d2 elementor-widget elementor-widget-woocommerce-product-title elementor-page-title elementor-widget-heading\" data-id=\"213a57d2\" data-element_type=\"widget\" data-widget_type=\"woocommerce-product-title.default\">\n<div class=\"elementor-widget-container\">\n<h1 class=\"product_title entry-title elementor-heading-title elementor-size-default\">Industrial air conditioning, cooling, heating at the highest level<\/h1>\n<p><em style=\"font-size: 16px;\">Information and request for a quote:&nbsp;<\/em><a href=\"https:\/\/themediator.hu\/en\/kapcsolat\/\" target=\"_blank\" style=\"font-size: 16px; background-color: rgb(255, 255, 255);\">info@themediator.hu<\/a><\/p>\n<\/div>\n<\/div>\n<div class=\"elementor-element elementor-element-7b37cb3 elementor-widget elementor-widget-woocommerce-product-short-description\" data-id=\"7b37cb3\" data-element_type=\"widget\" data-widget_type=\"woocommerce-product-short-description.default\">\n<div class=\"elementor-widget-container\">\n<div class=\"woocommerce-product-details__short-description\">\n<p>Our partner places great emphasis on air cooling and heating systems. In 1995, they started renting mobile air conditioning systems for larger buildings.<\/p>\n<h4>The company is now a rapidly developing, dynamic business system with several representatives in Central and Eastern Europe.<\/h4>\n<p>With their wide range of comprehensive management of the microclimate in closed spaces, they have become market leaders in the Central and South-Eastern Europe region.<\/p>\n<p>Their goal is to introduce and convince the business public about the economic advantages of rental constructions in the field of air conditioning technology, and at the same time they want to continue the activity dealing with the comprehensive management of air in the business sphere of the region.<\/p>\n<p>Mobile air cooling and ventilation systems introduce fresh, cooled, purified and dehumidified air into the room, which descends to the lower layers, refreshes the workers, and then raises the used, warm air to the higher layers and pushes it out of the room.<\/p>\n<h4><strong>System operation:<\/strong><\/h4>\n<p>The bases of their systems are cooling units of different performance, whose cooling power ranges from 20 to 35.2 kW. In addition, the 500 mm diameter perforated PVC channels are decisive, which supply 6,000 m3\/h of fresh and cooled air to the room.<\/p>\n<p>The units are placed outside the building or on the roof and connected to the electrical network in accordance with the regulations. They are switched on and off outside the room (per unit) or inside the room. We run a flexible hose from the individual units to the supply panel, through the wall. The intake panel is placed approx. from the walking surface. It is placed 3-4 meters in a straight line, below the level of the lighting fixtures. The cooling unit usually draws 100% fresh air from the outside, which it filters, approx. It cools down to 13\u00b0C and dehumidifies. Treated fresh air enters the room through the ducts,<br>where it descends due to its weight. The heat output of people and equipment in the area of \u200b\u200bthe treated fresh air acts as a buoyant force for the warm air, so a heat column is formed above every heat source, which breaks through the cold air and rises into the air. The rise of air caused by heat sources leads to the descent of cold air. This creates a constant process of heat and evaporation to higher levels and to the outdoors.<\/p>\n<p>This creates an extremely stable condition in the room with a slight overpressure, without drafts, with a large temperature difference between high and low places, while a stable area of \u200b\u200bfresh and heat-treated air is formed on the work surfaces. This is where the energy efficiency of the operation of cooling systems comes from, as the so-called heat displacement effect occurs when the upper layers of air are released into the open, i.e. only a small part of the air is treated with direct cooling, while the warm air and harmful evaporation are displaced by the freshly introduced air outdoors.<\/p>\n<\/div>\n<h4>Their services:<\/h4>\n<div class=\"woocommerce-product-details__short-description\">\n<ul>\n<li><strong>Cooling and heating systems<\/strong><\/li>\n<\/ul>\n<p>The bases of their systems are cooling units of different performance, whose cooling power ranges from 20 to 35.2 kW. In addition, the 500 mm diameter perforated PVC channels are decisive, which supply 6,000 m3\/h of fresh and cooled air to the room.<\/p>\n<p>The units are placed outside the building or on the roof and connected to the electrical network in accordance with the regulations. They are switched on and off outside the room (per unit) or inside the room. We run a flexible hose from the individual units to the supply panel, through the wall. The intake panel is placed approx. from the walking surface. Place it 3-4 meters in a straight line, below the level of the lighting fixtures. The cooling unit usually draws 100% fresh air from the outside, which it filters, approx. It cools down to 13\u00b0C and dehumidifies. Treated fresh air enters the room through the ducts,<br>where it descends due to its weight. The heat output of people and equipment in the area of \u200b\u200bthe treated fresh air acts as a buoyant force for the warm air, so a heat column is formed above every heat source, which breaks through the cold air and rises into the air. The rise of air caused by heat sources leads to the descent of cold air. This creates a constant process of heat and evaporation to higher levels and to the outdoors.<\/p>\n<p>This creates an extremely stable condition in the room with a slight overpressure, without drafts, with a large temperature difference between high and low places, while a stable area of \u200b\u200bfresh and heat-treated air is formed on the work surfaces. This is where the energy efficiency of the operation of cooling systems comes from, as the so-called heat displacement effect occurs when the upper layers of air are released into the open, i.e. only a small part of the air is treated with direct cooling, while the warm air and harmful evaporation are displaced by the freshly introduced air outdoors.<\/p>\n<ul>\n<li><strong>Heat pumps<\/strong><\/li>\n<li><strong>Electric aggregators<\/strong><\/li>\n<\/ul>\n<p>&nbsp; Az elektromos aggreg\u00e1torok seg\u00edtik a rendszereik m\u0171k\u00f6d\u00e9s\u00e9t azokban az esetekben,&nbsp; &nbsp;amikor nehezen el\u00e9rhet\u0151 vagy fajlagosan dr\u00e1ga az elektromos energia illetve nincs&nbsp; k\u00f6zvetlen&nbsp; kapcsolat az elektromos h\u00e1l\u00f3zattal, ugyanakkor seg\u00edts\u00e9get ny\u00fajthatn\u00e1k m\u00e1s eszk\u00f6z\u00f6k energiaig\u00e9ny\u00e9nek ell\u00e1t\u00e1s\u00e1ban.<\/p>\n<ul>\n<li><strong>Air dryers, humidifiers<\/strong><\/li>\n<\/ul>\n<p>Our services related to condensation drying are particularly useful in the field of the construction industry, in many cases, for example, in the construction industry. For example, the drying of screeds takes a few months, but with the help of our drying devices it only takes 7-14 days. It is also interesting that improperly dried rooms require up to 50% more energy for heating in the first few years.<\/p>\n<ul>\n<li><strong>Water cooling and heating systems<\/strong><\/li>\n<\/ul>\n<p>Water cooling and heating systems are recommended above all for those cases and interventions when the existing hall cooling systems fail or do not work for other reasons. With additional units, they are indispensable in the management of the microclimate in those operational cases where they are difficult to reach with the air duct solution, they can be solved.<\/p>\n<ul>\n<li><strong>Heat exchanger wiring units<\/strong><\/li>\n<\/ul>\n<p>The equipment ensures energetically efficient ventilation with the help of the heat exchanger, and our units heat or cool by adding additional components, thus enabling effective management of the internal microclimate throughout the year.<\/p>\n<p>By guaranteeing quick assembly and disassembly, their systems are particularly advantageous&nbsp;<em>at event venues and fairs <\/em>too.<\/p>\n<h4><strong>Information and request for a quote:<\/strong><\/h4>\n<p><a href=\"https:\/\/themediator.hu\/en\/kapcsolat\/\" target=\"_blank\">info@themediator.hu<\/a><br><\/p>\n<\/div>\n<\/div>\n<\/div>\t\t\t\t\t\t<\/div>\n\t\t\t\t<\/div>\n\t\t\t\t\t<\/div>\n\t\t<\/div>\n\t\t\t\t<div class=\"elementor-column elementor-col-50 elementor-inner-column elementor-element elementor-element-2da9c1d\" data-id=\"2da9c1d\" data-element_type=\"column\">\n\t\t\t<div class=\"elementor-widget-wrap elementor-element-populated\">\n\t\t\t\t\t\t<div class=\"elementor-element elementor-element-e087a1c elementor-widget elementor-widget-image\" data-id=\"e087a1c\" data-element_type=\"widget\" data-widget_type=\"image.default\">\n\t\t\t\t<div class=\"elementor-widget-container\">\n\t\t\t\t\t\t\t\t\t\t\t\t\t<img fetchpriority=\"high\" decoding=\"async\" width=\"275\" height=\"183\" src=\"https:\/\/themediator.hu\/wp-content\/uploads\/2022\/10\/letoltes-6.jpeg\" class=\"attachment-medium size-medium wp-image-176\" alt=\"\" \/>\t\t\t\t\t\t\t\t\t\t\t\t\t<\/div>\n\t\t\t\t<\/div>\n\t\t\t\t<div class=\"elementor-element elementor-element-16ed569 elementor-widget elementor-widget-image\" data-id=\"16ed569\" data-element_type=\"widget\" data-widget_type=\"image.default\">\n\t\t\t\t<div class=\"elementor-widget-container\">\n\t\t\t\t\t\t\t\t\t\t\t\t\t<img decoding=\"async\" width=\"275\" height=\"183\" src=\"https:\/\/themediator.hu\/wp-content\/uploads\/2022\/10\/letoltes-4.jpeg\" class=\"attachment-medium size-medium wp-image-174\" alt=\"\" \/>\t\t\t\t\t\t\t\t\t\t\t\t\t<\/div>\n\t\t\t\t<\/div>\n\t\t\t\t<div class=\"elementor-element elementor-element-19c7d03 elementor-widget elementor-widget-image\" data-id=\"19c7d03\" data-element_type=\"widget\" data-widget_type=\"image.default\">\n\t\t\t\t<div class=\"elementor-widget-container\">\n\t\t\t\t\t\t\t\t\t\t\t\t\t<img decoding=\"async\" width=\"275\" height=\"183\" src=\"https:\/\/themediator.hu\/wp-content\/uploads\/2022\/10\/letoltes-3.jpeg\" class=\"attachment-medium size-medium wp-image-173\" alt=\"\" \/>\t\t\t\t\t\t\t\t\t\t\t\t\t<\/div>\n\t\t\t\t<\/div>\n\t\t\t\t<div class=\"elementor-element elementor-element-8e8c3cf elementor-widget elementor-widget-image\" data-id=\"8e8c3cf\" data-element_type=\"widget\" data-widget_type=\"image.default\">\n\t\t\t\t<div class=\"elementor-widget-container\">\n\t\t\t\t\t\t\t\t\t\t\t\t\t<img loading=\"lazy\" decoding=\"async\" width=\"292\" height=\"173\" src=\"https:\/\/themediator.hu\/wp-content\/uploads\/2022\/10\/letoltes-2.jpeg\" class=\"attachment-medium size-medium wp-image-172\" alt=\"\" \/>\t\t\t\t\t\t\t\t\t\t\t\t\t<\/div>\n\t\t\t\t<\/div>\n\t\t\t\t\t<\/div>\n\t\t<\/div>\n\t\t\t\t\t<\/div>\n\t\t<\/section>\n\t\t\t\t\t<\/div>\n\t\t<\/div>\n\t\t\t\t\t<\/div>\n\t\t<\/section>\n\t\t\t\t<\/div>","protected":false},"excerpt":{"rendered":"<p>Ipari klimatiz\u00e1l\u00e1s, h\u0171t\u00e9s, f\u0171t\u00e9s fels\u0151fokon Inform\u00e1ci\u00f3 \u00e9s aj\u00e1nlatk\u00e9r\u00e9s:&nbsp;info@themediator.hu Partner\u00fcnk nagy hangs\u00falyt fektetve a l\u00e9gh\u0171t\u00e9si \u00e9s f\u0171t\u00e9si rendszerekre. 1995- ben megkezdt\u00e9k a mobil kl\u00edmatiz\u00e1l\u00f3 rendszerek b\u00e9rbead\u00e1s\u00e1t nagyobb objektumok r\u00e9sz\u00e9re. A c\u00e9g m\u00e1ra egy gyorsan fejl\u0151d\u0151, dinamikus \u00fczleti rendszer t\u00f6bb k\u00e9pviselettel K\u00f6z\u00e9p- \u00e9s Kelet Eur\u00f3pa ter\u00fclet\u00e9n. A mikrokl\u00edma z\u00e1rt tereken t\u00f6rt\u00e9n\u0151 \u00e1tfog\u00f3kezel\u00e9s\u00e9nek sz\u00e9lespalett\u00e1j\u00e1val piacvezet\u0151kk\u00e9 v\u00e1ltak a K\u00f6z\u00e9p- &hellip;<\/p>\n<p class=\"read-more\"> <a class=\"\" href=\"https:\/\/themediator.hu\/en\/ipari-klimatizalas-hutes-futes\/\"> <span class=\"screen-reader-text\">Ipari klimatiz\u00e1l\u00e1s\/ h\u0171t\u00e9s- f\u0171t\u00e9s<\/span> Read More &raquo;<\/a><\/p>","protected":false},"author":2,"featured_media":0,"parent":0,"menu_order":0,"comment_status":"closed","ping_status":"closed","template":"","meta":[],"_links":{"self":[{"href":"https:\/\/themediator.hu\/en\/wp-json\/wp\/v2\/pages\/383"}],"collection":[{"href":"https:\/\/themediator.hu\/en\/wp-json\/wp\/v2\/pages"}],"about":[{"href":"https:\/\/themediator.hu\/en\/wp-json\/wp\/v2\/types\/page"}],"author":[{"embeddable":true,"href":"https:\/\/themediator.hu\/en\/wp-json\/wp\/v2\/users\/2"}],"replies":[{"embeddable":true,"href":"https:\/\/themediator.hu\/en\/wp-json\/wp\/v2\/comments?post=383"}],"version-history":[{"count":23,"href":"https:\/\/themediator.hu\/en\/wp-json\/wp\/v2\/pages\/383\/revisions"}],"predecessor-version":[{"id":836,"href":"https:\/\/themediator.hu\/en\/wp-json\/wp\/v2\/pages\/383\/revisions\/836"}],"wp:attachment":[{"href":"https:\/\/themediator.hu\/en\/wp-json\/wp\/v2\/media?parent=383"}],"curies":[{"name":"wp","href":"https:\/\/api.w.org\/{rel}","templated":true}]}}