{"id":1691,"date":"2023-04-25T08:26:57","date_gmt":"2023-04-25T08:26:57","guid":{"rendered":"https:\/\/themediator.hu\/?page_id=1691"},"modified":"2023-04-25T08:28:01","modified_gmt":"2023-04-25T08:28:01","slug":"kep-komuves","status":"publish","type":"page","link":"https:\/\/themediator.hu\/en\/kep-komuves\/","title":{"rendered":"K\u00e9p- K\u0151m\u0171ves"},"content":{"rendered":"<div data-elementor-type=\"wp-page\" data-elementor-id=\"1691\" class=\"elementor elementor-1691\" data-elementor-post-type=\"page\">\n\t\t\t\t\t\t<section class=\"elementor-section elementor-top-section elementor-element elementor-element-a85fcc2 elementor-section-boxed elementor-section-height-default elementor-section-height-default\" data-id=\"a85fcc2\" data-element_type=\"section\">\n\t\t\t\t\t\t<div class=\"elementor-container elementor-column-gap-default\">\n\t\t\t\t\t<div class=\"elementor-column elementor-col-100 elementor-top-column elementor-element elementor-element-220ce7c\" data-id=\"220ce7c\" data-element_type=\"column\">\n\t\t\t<div class=\"elementor-widget-wrap elementor-element-populated\">\n\t\t\t\t\t\t<div class=\"elementor-element elementor-element-41f4729 elementor-widget elementor-widget-image\" data-id=\"41f4729\" data-element_type=\"widget\" data-widget_type=\"image.default\">\n\t\t\t\t<div class=\"elementor-widget-container\">\n\t\t\t\t\t\t\t\t\t\t\t\t\t<img fetchpriority=\"high\" decoding=\"async\" width=\"724\" height=\"1024\" src=\"https:\/\/themediator.hu\/wp-content\/uploads\/2023\/04\/Komuves-724x1024.png\" class=\"attachment-large size-large wp-image-1693\" alt=\"\" srcset=\"https:\/\/themediator.hu\/wp-content\/uploads\/2023\/04\/Komuves-724x1024.png 724w, https:\/\/themediator.hu\/wp-content\/uploads\/2023\/04\/Komuves-212x300.png 212w, https:\/\/themediator.hu\/wp-content\/uploads\/2023\/04\/Komuves-768x1086.png 768w, https:\/\/themediator.hu\/wp-content\/uploads\/2023\/04\/Komuves-1086x1536.png 1086w, https:\/\/themediator.hu\/wp-content\/uploads\/2023\/04\/Komuves-8x12.png 8w, https:\/\/themediator.hu\/wp-content\/uploads\/2023\/04\/Komuves-600x849.png 600w, https:\/\/themediator.hu\/wp-content\/uploads\/2023\/04\/Komuves.png 1414w\" sizes=\"(max-width: 724px) 100vw, 724px\" \/>\t\t\t\t\t\t\t\t\t\t\t\t\t<\/div>\n\t\t\t\t<\/div>\n\t\t\t\t\t<\/div>\n\t\t<\/div>\n\t\t\t\t\t<\/div>\n\t\t<\/section>\n\t\t\t\t<\/div>","protected":false},"excerpt":{"rendered":"","protected":false},"author":2,"featured_media":0,"parent":0,"menu_order":0,"comment_status":"closed","ping_status":"closed","template":"","meta":[],"_links":{"self":[{"href":"https:\/\/themediator.hu\/en\/wp-json\/wp\/v2\/pages\/1691"}],"collection":[{"href":"https:\/\/themediator.hu\/en\/wp-json\/wp\/v2\/pages"}],"about":[{"href":"https:\/\/themediator.hu\/en\/wp-json\/wp\/v2\/types\/page"}],"author":[{"embeddable":true,"href":"https:\/\/themediator.hu\/en\/wp-json\/wp\/v2\/users\/2"}],"replies":[{"embeddable":true,"href":"https:\/\/themediator.hu\/en\/wp-json\/wp\/v2\/comments?post=1691"}],"version-history":[{"count":4,"href":"https:\/\/themediator.hu\/en\/wp-json\/wp\/v2\/pages\/1691\/revisions"}],"predecessor-version":[{"id":1696,"href":"https:\/\/themediator.hu\/en\/wp-json\/wp\/v2\/pages\/1691\/revisions\/1696"}],"wp:attachment":[{"href":"https:\/\/themediator.hu\/en\/wp-json\/wp\/v2\/media?parent=1691"}],"curies":[{"name":"wp","href":"https:\/\/api.w.org\/{rel}","templated":true}]}}