{"id":1324,"date":"2023-03-01T13:38:16","date_gmt":"2023-03-01T13:38:16","guid":{"rendered":"https:\/\/themediator.hu\/?page_id=1324"},"modified":"2023-03-14T13:48:48","modified_gmt":"2023-03-14T13:48:48","slug":"kep-foliagyartas","status":"publish","type":"page","link":"https:\/\/themediator.hu\/en\/kep-foliagyartas\/","title":{"rendered":"K\u00e9p- F\u00f3liagy\u00e1rt\u00e1s"},"content":{"rendered":"<div data-elementor-type=\"wp-page\" data-elementor-id=\"1324\" class=\"elementor elementor-1324\" data-elementor-post-type=\"page\">\n\t\t\t\t\t\t<section class=\"elementor-section elementor-top-section elementor-element elementor-element-cb0ec17 elementor-section-boxed elementor-section-height-default elementor-section-height-default\" data-id=\"cb0ec17\" data-element_type=\"section\">\n\t\t\t\t\t\t<div class=\"elementor-container elementor-column-gap-default\">\n\t\t\t\t\t<div class=\"elementor-column elementor-col-100 elementor-top-column elementor-element elementor-element-9d4df3c\" data-id=\"9d4df3c\" data-element_type=\"column\">\n\t\t\t<div class=\"elementor-widget-wrap elementor-element-populated\">\n\t\t\t\t\t\t<div class=\"elementor-element elementor-element-c0be1c3 elementor-widget elementor-widget-image\" data-id=\"c0be1c3\" data-element_type=\"widget\" data-widget_type=\"image.default\">\n\t\t\t\t<div class=\"elementor-widget-container\">\n\t\t\t\t\t\t\t\t\t\t\t\t\t<img fetchpriority=\"high\" decoding=\"async\" width=\"724\" height=\"1024\" src=\"https:\/\/themediator.hu\/wp-content\/uploads\/2023\/03\/Foliagyartas-724x1024.png\" class=\"attachment-large size-large wp-image-1501\" alt=\"\" srcset=\"https:\/\/themediator.hu\/wp-content\/uploads\/2023\/03\/Foliagyartas-724x1024.png 724w, https:\/\/themediator.hu\/wp-content\/uploads\/2023\/03\/Foliagyartas-212x300.png 212w, https:\/\/themediator.hu\/wp-content\/uploads\/2023\/03\/Foliagyartas-768x1086.png 768w, https:\/\/themediator.hu\/wp-content\/uploads\/2023\/03\/Foliagyartas-1086x1536.png 1086w, https:\/\/themediator.hu\/wp-content\/uploads\/2023\/03\/Foliagyartas-600x849.png 600w, https:\/\/themediator.hu\/wp-content\/uploads\/2023\/03\/Foliagyartas.png 1414w\" sizes=\"(max-width: 724px) 100vw, 724px\" \/>\t\t\t\t\t\t\t\t\t\t\t\t\t<\/div>\n\t\t\t\t<\/div>\n\t\t\t\t\t<\/div>\n\t\t<\/div>\n\t\t\t\t\t<\/div>\n\t\t<\/section>\n\t\t\t\t<\/div>","protected":false},"excerpt":{"rendered":"","protected":false},"author":2,"featured_media":0,"parent":0,"menu_order":0,"comment_status":"closed","ping_status":"closed","template":"","meta":[],"_links":{"self":[{"href":"https:\/\/themediator.hu\/en\/wp-json\/wp\/v2\/pages\/1324"}],"collection":[{"href":"https:\/\/themediator.hu\/en\/wp-json\/wp\/v2\/pages"}],"about":[{"href":"https:\/\/themediator.hu\/en\/wp-json\/wp\/v2\/types\/page"}],"author":[{"embeddable":true,"href":"https:\/\/themediator.hu\/en\/wp-json\/wp\/v2\/users\/2"}],"replies":[{"embeddable":true,"href":"https:\/\/themediator.hu\/en\/wp-json\/wp\/v2\/comments?post=1324"}],"version-history":[{"count":7,"href":"https:\/\/themediator.hu\/en\/wp-json\/wp\/v2\/pages\/1324\/revisions"}],"predecessor-version":[{"id":1504,"href":"https:\/\/themediator.hu\/en\/wp-json\/wp\/v2\/pages\/1324\/revisions\/1504"}],"wp:attachment":[{"href":"https:\/\/themediator.hu\/en\/wp-json\/wp\/v2\/media?parent=1324"}],"curies":[{"name":"wp","href":"https:\/\/api.w.org\/{rel}","templated":true}]}}